{"id":1071,"date":"2025-04-23T16:47:30","date_gmt":"2025-04-23T14:47:30","guid":{"rendered":"https:\/\/utveckling.timecutcloud.com\/kinds\/?page_id=1071"},"modified":"2026-02-23T14:32:37","modified_gmt":"2026-02-23T13:32:37","slug":"var-fakturerings-adress","status":"publish","type":"page","link":"https:\/\/utveckling.timecutcloud.com\/kinds\/om-oss-5\/var-fakturerings-adress\/","title":{"rendered":"V\u00e5r faktureringsadress"},"content":{"rendered":"\n<h3 class=\"wp-block-heading\">E-faktura (EDI)<\/h3>\n\n\n\n<p>Vi har m\u00f6jlighet att ta emot e-fakturor via v\u00e5rt ekonomisystem, Fortnox. F\u00f6r att aktivera fakturering via e-faktura, v\u00e4nligen skicka en inbjudan via ert ekonomisystem eller \u00e5terkom till oss med er mailadress s\u00e5 genomf\u00f6r vi kopplingen.<\/p>\n\n\n\n<h3 class=\"wp-block-heading\">PDF-faktura via mail:<\/h3>\n\n\n\n<p>Vi kan ta emot fakturor som PDF-filer direkt fr\u00e5n ert aff\u00e4rssystem eller via mail.<br>E-post: <a href=\"mailto:inbox.lev.457329@arkivplats.se\">inbox.lev.457329@arkivplats.se<\/a><\/p>\n\n\n\n<p><\/p>\n\n\n\n<p>Ladda ner v\u00e5ran faktureringsadress\/scanningadress som PDF.<\/p>\n\n\n\n<p><a href=\"https:\/\/utveckling.timecutcloud.com\/kinds\/wp-content\/uploads\/2025\/04\/Leverantorsbrev-fran-180101.pdf\" class=\"button\">Ladda ner pdf<span class=\"btn-arrow\"><\/span><\/a><\/p>\n","protected":false},"excerpt":{"rendered":"<p>E-faktura (EDI) Vi har m\u00f6jlighet att ta emot e-fakturor via v\u00e5rt ekonomisystem, Fortnox. F\u00f6r att aktivera fakturering via e-faktura, v\u00e4nligen skicka en inbjudan via ert ekonomisystem eller \u00e5terkom till oss med er mailadress s\u00e5 genomf\u00f6r vi kopplingen. PDF-faktura via mail: Vi kan ta emot fakturor som PDF-filer direkt fr\u00e5n ert aff\u00e4rssystem eller via mail.E-post: inbox.lev.457329@arkivplats.se [&hellip;]<\/p>\n","protected":false},"author":1,"featured_media":0,"parent":125,"menu_order":2,"comment_status":"closed","ping_status":"closed","template":"","meta":{"_acf_changed":false,"footnotes":""},"class_list":["post-1071","page","type-page","status-publish","hentry"],"acf":[],"_links":{"self":[{"href":"https:\/\/utveckling.timecutcloud.com\/kinds\/wp-json\/wp\/v2\/pages\/1071","targetHints":{"allow":["GET"]}}],"collection":[{"href":"https:\/\/utveckling.timecutcloud.com\/kinds\/wp-json\/wp\/v2\/pages"}],"about":[{"href":"https:\/\/utveckling.timecutcloud.com\/kinds\/wp-json\/wp\/v2\/types\/page"}],"author":[{"embeddable":true,"href":"https:\/\/utveckling.timecutcloud.com\/kinds\/wp-json\/wp\/v2\/users\/1"}],"replies":[{"embeddable":true,"href":"https:\/\/utveckling.timecutcloud.com\/kinds\/wp-json\/wp\/v2\/comments?post=1071"}],"version-history":[{"count":4,"href":"https:\/\/utveckling.timecutcloud.com\/kinds\/wp-json\/wp\/v2\/pages\/1071\/revisions"}],"predecessor-version":[{"id":1293,"href":"https:\/\/utveckling.timecutcloud.com\/kinds\/wp-json\/wp\/v2\/pages\/1071\/revisions\/1293"}],"up":[{"embeddable":true,"href":"https:\/\/utveckling.timecutcloud.com\/kinds\/wp-json\/wp\/v2\/pages\/125"}],"wp:attachment":[{"href":"https:\/\/utveckling.timecutcloud.com\/kinds\/wp-json\/wp\/v2\/media?parent=1071"}],"curies":[{"name":"wp","href":"https:\/\/api.w.org\/{rel}","templated":true}]}}