{"id":1075,"date":"2025-04-23T16:58:04","date_gmt":"2025-04-23T14:58:04","guid":{"rendered":"https:\/\/utveckling.timecutcloud.com\/kinds\/?page_id=1075"},"modified":"2025-04-23T16:59:51","modified_gmt":"2025-04-23T14:59:51","slug":"nyheter","status":"publish","type":"page","link":"https:\/\/utveckling.timecutcloud.com\/kinds\/om-oss-5\/nyheter\/","title":{"rendered":"Nyheter"},"content":{"rendered":"\n<p><br>H\u00e4r kan du l\u00e4sa om nyheterna inom begravningsbranschen i sverige<\/p>\n\n\n\n<p><a href=\"https:\/\/www.begravningar.se\/nyheter\/\" class=\"button\" rel=\"noopener\">L\u00e4s mer<span class=\"btn-arrow\"><\/span><\/a><\/p>\n","protected":false},"excerpt":{"rendered":"<p>H\u00e4r kan du l\u00e4sa om nyheterna inom begravningsbranschen i sverige L\u00e4s mer<\/p>\n","protected":false},"author":1,"featured_media":0,"parent":125,"menu_order":4,"comment_status":"closed","ping_status":"closed","template":"","meta":{"_acf_changed":false,"footnotes":""},"class_list":["post-1075","page","type-page","status-publish","hentry"],"acf":[],"_links":{"self":[{"href":"https:\/\/utveckling.timecutcloud.com\/kinds\/wp-json\/wp\/v2\/pages\/1075","targetHints":{"allow":["GET"]}}],"collection":[{"href":"https:\/\/utveckling.timecutcloud.com\/kinds\/wp-json\/wp\/v2\/pages"}],"about":[{"href":"https:\/\/utveckling.timecutcloud.com\/kinds\/wp-json\/wp\/v2\/types\/page"}],"author":[{"embeddable":true,"href":"https:\/\/utveckling.timecutcloud.com\/kinds\/wp-json\/wp\/v2\/users\/1"}],"replies":[{"embeddable":true,"href":"https:\/\/utveckling.timecutcloud.com\/kinds\/wp-json\/wp\/v2\/comments?post=1075"}],"version-history":[{"count":1,"href":"https:\/\/utveckling.timecutcloud.com\/kinds\/wp-json\/wp\/v2\/pages\/1075\/revisions"}],"predecessor-version":[{"id":1076,"href":"https:\/\/utveckling.timecutcloud.com\/kinds\/wp-json\/wp\/v2\/pages\/1075\/revisions\/1076"}],"up":[{"embeddable":true,"href":"https:\/\/utveckling.timecutcloud.com\/kinds\/wp-json\/wp\/v2\/pages\/125"}],"wp:attachment":[{"href":"https:\/\/utveckling.timecutcloud.com\/kinds\/wp-json\/wp\/v2\/media?parent=1075"}],"curies":[{"name":"wp","href":"https:\/\/api.w.org\/{rel}","templated":true}]}}