{"id":1169,"date":"2026-01-22T15:02:53","date_gmt":"2026-01-22T14:02:53","guid":{"rendered":"https:\/\/utveckling.timecutcloud.com\/kinds\/?page_id=1169"},"modified":"2026-02-23T11:07:11","modified_gmt":"2026-02-23T10:07:11","slug":"solister","status":"publish","type":"page","link":"https:\/\/utveckling.timecutcloud.com\/kinds\/ordna-begravning\/solister\/","title":{"rendered":"Solister"},"content":{"rendered":"\n<div class=\"wp-block-columns is-layout-flex wp-container-core-columns-is-layout-9d6595d7 wp-block-columns-is-layout-flex\">\n<div class=\"wp-block-column is-layout-flow wp-block-column-is-layout-flow\" style=\"flex-basis:33.33%\">\n<figure class=\"wp-block-image size-full\"><img loading=\"lazy\" decoding=\"async\" width=\"258\" height=\"300\" src=\"https:\/\/utveckling.timecutcloud.com\/kinds\/wp-content\/uploads\/2026\/01\/Martina-Noren-Bild.jpg\" alt=\"\" class=\"wp-image-1170\"\/><\/figure>\n<\/div>\n\n\n\n<div class=\"wp-block-column is-layout-flow wp-block-column-is-layout-flow\" style=\"flex-basis:66.66%\">\n<h3 class=\"wp-block-heading\">Martina Nor\u00e9n<\/h3>\n\n\n\n<p>Trumpet, s\u00e5ng<\/p>\n\n\n\n<p>Jag \u00e4r utbildad klassisk trumpetare p\u00e5 H\u00f6gskolan f\u00f6r scen och musik samt utbildad musikalartist p\u00e5 Balettakademien G\u00f6teborg. Sedan 2020 jobbar jag som trumpetl\u00e4rare p\u00e5 Musikskolan Gislaved men har \u00e4nda sedan 2009 frilansat som musiker i olika sammanhang. Har \u00e4ven tidigare jobbat som sk\u00e5despelare p\u00e5 Astrid Lindgrens V\u00e4rld.<\/p>\n\n\n\n<p>Jag \u00e4lskar att f\u00e5 framf\u00f6ra musik som verkligen betyder n\u00e5got och bem\u00f6ter g\u00e4rna era \u00f6nskem\u00e5l i olika genrer.<\/p>\n\n\n\n<figure class=\"wp-block-audio\"><audio controls src=\"https:\/\/utveckling.timecutcloud.com\/kinds\/wp-content\/uploads\/2026\/02\/Hallelujah-SangMartina.mp3\"><\/audio><\/figure>\n\n\n\n<figure class=\"wp-block-audio\"><audio controls src=\"https:\/\/utveckling.timecutcloud.com\/kinds\/wp-content\/uploads\/2026\/02\/Av-langtan-till-dig-Trumpet-Martina.mp3\"><\/audio><\/figure>\n<\/div>\n<\/div>\n\n\n\n<div class=\"wp-block-columns is-layout-flex wp-container-core-columns-is-layout-9d6595d7 wp-block-columns-is-layout-flex\">\n<div class=\"wp-block-column is-layout-flow wp-block-column-is-layout-flow\" style=\"flex-basis:33.33%\">\n<figure class=\"wp-block-image size-full\"><img loading=\"lazy\" decoding=\"async\" width=\"300\" height=\"300\" src=\"https:\/\/utveckling.timecutcloud.com\/kinds\/wp-content\/uploads\/2026\/01\/Karl-Johan_Gollnik.jpg\" alt=\"\" class=\"wp-image-1172\" srcset=\"https:\/\/utveckling.timecutcloud.com\/kinds\/wp-content\/uploads\/2026\/01\/Karl-Johan_Gollnik.jpg 300w, https:\/\/utveckling.timecutcloud.com\/kinds\/wp-content\/uploads\/2026\/01\/Karl-Johan_Gollnik-150x150.jpg 150w\" sizes=\"auto, (max-width: 300px) 100vw, 300px\" \/><\/figure>\n<\/div>\n\n\n\n<div class=\"wp-block-column is-layout-flow wp-block-column-is-layout-flow\" style=\"flex-basis:66.66%\">\n<h3 class=\"wp-block-heading\">Karl-Johan Gollnik<\/h3>\n\n\n\n<p>S\u00e5ng, piano, orgel, gitarr<\/p>\n\n\n\n<p>Karl-Johan har en masterexamen i orgel och piano fr\u00e5n H\u00f6gskolan f\u00f6r Scen och Musik vid G\u00f6teborgs universitet. Har regelbundet spelat och varit s\u00e5ngsolist p\u00e5 begravningar sedan 1997. \u00c4ven special\u00f6nskem\u00e5l brukar g\u00e5 att l\u00f6sa med lite tid. Brinner f\u00f6r den levande musiken under begravningar och f\u00f6rs\u00f6ker alltid g\u00f6ra era \u00f6nskem\u00e5l r\u00e4ttvisa. Arbetar som organist i Svenljungabygdens f\u00f6rsamling.<\/p>\n\n\n\n<figure class=\"wp-block-audio\"><audio controls src=\"https:\/\/utveckling.timecutcloud.com\/kinds\/wp-content\/uploads\/2026\/02\/Var_inte_radd_mitt_barn_karl_johan-gollnik.mp3\"><\/audio><\/figure>\n<\/div>\n<\/div>\n\n\n\n<div class=\"wp-block-columns is-layout-flex wp-container-core-columns-is-layout-9d6595d7 wp-block-columns-is-layout-flex\">\n<div class=\"wp-block-column is-layout-flow wp-block-column-is-layout-flow\" style=\"flex-basis:33.33%\">\n<figure class=\"wp-block-image size-full\"><img loading=\"lazy\" decoding=\"async\" width=\"300\" height=\"300\" src=\"https:\/\/utveckling.timecutcloud.com\/kinds\/wp-content\/uploads\/2026\/01\/lore-v.jpg\" alt=\"\" class=\"wp-image-1174\" srcset=\"https:\/\/utveckling.timecutcloud.com\/kinds\/wp-content\/uploads\/2026\/01\/lore-v.jpg 300w, https:\/\/utveckling.timecutcloud.com\/kinds\/wp-content\/uploads\/2026\/01\/lore-v-150x150.jpg 150w\" sizes=\"auto, (max-width: 300px) 100vw, 300px\" \/><\/figure>\n<\/div>\n\n\n\n<div class=\"wp-block-column is-layout-flow wp-block-column-is-layout-flow\" style=\"flex-basis:66.66%\">\n<h3 class=\"wp-block-heading\">Lore Vancauwenberghe<\/h3>\n\n\n\n<p>Violinist<\/p>\n\n\n\n<p>Jag \u00e4r Lore Vancauwenberghe, professionell musiker med en bred repertoar som str\u00e4cker sig fr\u00e5n klassiskt till folkmusik. Jag har utbildningar fr\u00e5n Leuvens musikh\u00f6gskola och Tilburg Arts musikh\u00f6gskola, och jag har \u00e4ven deltagit i m\u00e5nga m\u00e4starklasser med v\u00e4rldsber\u00f6mda violinister. Sedan \u00f6ver tio \u00e5r tillbaka har jag spelat i symfoniorkestrar s\u00e5som Brussels Philharmonic och Philharmonie Zuid-Nederland, samt som frilansmusiker. Just nu undervisar jag p\u00e5 musikskolan i Gislaved och \u00e4r konsertm\u00e4stare f\u00f6r Gislaveds symfoniorkester. Jag har ocks\u00e5 stor erfarenhet av att spela i mindre sammanhang s\u00e5som kammarmusik, pianotrio och str\u00e5kkvartett i kyrkor och konserthus.<\/p>\n\n\n\n<p>Som violinist kan jag skapa en unik och minnesv\u00e4rd st\u00e4mning p\u00e5 en begravning. Violinens toner kan vara b\u00e5de tr\u00f6stande och vemodiga, och det \u00e4r en kraftfull k\u00e4nslom\u00e4ssig upplevelse f\u00f6r lyssnarna. Mitt m\u00e5l \u00e4r att skapa en trygg och lugn atmosf\u00e4r under en sv\u00e5r tid och genom musiken skapa en plats f\u00f6r reflektion och sorgbearbetning. Jag har ocks\u00e5 stor erfarenhet av att anpassa mig till olika musikstilar f\u00f6r att tillgodose dina \u00f6nskem\u00e5l.<\/p>\n\n\n\n<p><a href=\"https:\/\/www.youtube.com\/watch?v=JVBYbueNjGs\" target=\"_blank\" style=\"text-decoration: underline;\" rel=\"noopener\"><strong>Provlyssna h\u00e4r \u00bb<\/strong><\/a><\/p>\n<\/div>\n<\/div>\n\n\n\n<div class=\"wp-block-columns is-layout-flex wp-container-core-columns-is-layout-9d6595d7 wp-block-columns-is-layout-flex\">\n<div class=\"wp-block-column is-layout-flow wp-block-column-is-layout-flow\" style=\"flex-basis:33.33%\">\n<figure class=\"wp-block-image size-full\"><img loading=\"lazy\" decoding=\"async\" width=\"300\" height=\"300\" src=\"https:\/\/utveckling.timecutcloud.com\/kinds\/wp-content\/uploads\/2026\/01\/rebecka-palmgren-ashour.jpg\" alt=\"\" class=\"wp-image-1176\" srcset=\"https:\/\/utveckling.timecutcloud.com\/kinds\/wp-content\/uploads\/2026\/01\/rebecka-palmgren-ashour.jpg 300w, https:\/\/utveckling.timecutcloud.com\/kinds\/wp-content\/uploads\/2026\/01\/rebecka-palmgren-ashour-150x150.jpg 150w\" sizes=\"auto, (max-width: 300px) 100vw, 300px\" \/><\/figure>\n<\/div>\n\n\n\n<div class=\"wp-block-column is-layout-flow wp-block-column-is-layout-flow\" style=\"flex-basis:66.66%\">\n<h3 class=\"wp-block-heading\">Rebecka Palmgren Ashour<\/h3>\n\n\n\n<p>S\u00e5ng, piano och orgel<\/p>\n\n\n\n<p>Sjunger mot f\u00f6rfr\u00e5gan f\u00f6r Kinds Begravningsbyr\u00e5.<br>Arbetade efter kantorsexamen fr\u00e5n Hjo Folkh\u00f6gskola i Burseryds- och Villstads f\u00f6rsamlingar under sju \u00e5r, men \u00e4r numera verksam i S\u00e4r\u00f6 pastorat och G\u00f6teborg med omnejd.<br>Sjunger och spelar med stor musikalisk bredd och har som m\u00e5l att alltid f\u00f6rs\u00f6ka tillgodose anh\u00f6rigas \u00f6nskem\u00e5l.<\/p>\n\n\n\n<figure class=\"wp-block-audio\"><audio controls src=\"https:\/\/utveckling.timecutcloud.com\/kinds\/wp-content\/uploads\/2026\/02\/I_den_stora_sorgens_famn_Rebecka_Palmgren_Ashour.mp3\"><\/audio><\/figure>\n<\/div>\n<\/div>\n\n\n\n<div class=\"wp-block-columns is-layout-flex wp-container-core-columns-is-layout-9d6595d7 wp-block-columns-is-layout-flex\">\n<div class=\"wp-block-column is-layout-flow wp-block-column-is-layout-flow\" style=\"flex-basis:33.33%\">\n<figure class=\"wp-block-image size-full\"><img loading=\"lazy\" decoding=\"async\" width=\"300\" height=\"300\" src=\"https:\/\/utveckling.timecutcloud.com\/kinds\/wp-content\/uploads\/2026\/01\/david-noren.jpg\" alt=\"\" class=\"wp-image-1177\" srcset=\"https:\/\/utveckling.timecutcloud.com\/kinds\/wp-content\/uploads\/2026\/01\/david-noren.jpg 300w, https:\/\/utveckling.timecutcloud.com\/kinds\/wp-content\/uploads\/2026\/01\/david-noren-150x150.jpg 150w\" sizes=\"auto, (max-width: 300px) 100vw, 300px\" \/><\/figure>\n<\/div>\n\n\n\n<div class=\"wp-block-column is-layout-flow wp-block-column-is-layout-flow\" style=\"flex-basis:66.66%\">\n<h3 class=\"wp-block-heading\">David Nor\u00e9n<\/h3>\n\n\n\n<p>Trumpet, flygelhorn, s\u00e5ng, piano<\/p>\n\n\n\n<p>F\u00f6ddes i \u00d6rs\u00e5s och fick f\u00f6rsta musikutbildningen i Svenljunga musikskola&nbsp; (numer kulturskola) Har efter studier p\u00e5 Billstr\u00f6mska fhsk, S V\u00e4tterbygdens fhsk ock Musikh\u00f6gskolan i G\u00f6teborg varit anst\u00e4lld p\u00e5 Tranemo kulturskola sedan 2000.<br>Som frilansmusiker jobbar jag inom m\u00e5nga olika musikgenrer s\u00e5 som klassisk, Jazz, pop ,rock , dansband , visa etc.<\/p>\n\n\n\n<p>\u201dMitt m\u00e5l \u00e4r att alltid tillgodose era musikaliska \u00f6nskem\u00e5l s\u00e5 l\u00e5ngt som m\u00f6jligt. \u201d<\/p>\n\n\n\n<figure class=\"wp-block-audio\"><audio controls src=\"https:\/\/utveckling.timecutcloud.com\/kinds\/wp-content\/uploads\/2026\/02\/Fields-Of-Gold.mp3\"><\/audio><\/figure>\n\n\n\n<figure class=\"wp-block-audio\"><audio controls src=\"https:\/\/utveckling.timecutcloud.com\/kinds\/wp-content\/uploads\/2026\/02\/Londonderry-Air.mp3\"><\/audio><\/figure>\n<\/div>\n<\/div>\n\n\n\n<div class=\"wp-block-columns is-layout-flex wp-container-core-columns-is-layout-9d6595d7 wp-block-columns-is-layout-flex\">\n<div class=\"wp-block-column is-layout-flow wp-block-column-is-layout-flow\" style=\"flex-basis:33.33%\">\n<figure class=\"wp-block-image size-full\"><img loading=\"lazy\" decoding=\"async\" width=\"300\" height=\"300\" src=\"https:\/\/utveckling.timecutcloud.com\/kinds\/wp-content\/uploads\/2026\/01\/Maria_Nordstrom.jpg\" alt=\"\" class=\"wp-image-1179\" srcset=\"https:\/\/utveckling.timecutcloud.com\/kinds\/wp-content\/uploads\/2026\/01\/Maria_Nordstrom.jpg 300w, https:\/\/utveckling.timecutcloud.com\/kinds\/wp-content\/uploads\/2026\/01\/Maria_Nordstrom-150x150.jpg 150w\" sizes=\"auto, (max-width: 300px) 100vw, 300px\" \/><\/figure>\n<\/div>\n\n\n\n<div class=\"wp-block-column is-layout-flow wp-block-column-is-layout-flow\" style=\"flex-basis:66.66%\">\n<h3 class=\"wp-block-heading\">Maria Nordstr\u00f6m<\/h3>\n\n\n\n<p>S\u00e5ng, piano<\/p>\n\n\n\n<p>Jag heter Maria Nordstr\u00f6m och \u00e4r s\u00e5ngpedagog, musikl\u00e4rare och frilansande s\u00e5ngerska. Jag \u00e4r utbildad p\u00e5 Musikh\u00f6gskolan vid G\u00f6teborgs universitet och arbetar p\u00e5 Gislaveds Musikskola och Estetiska programmet p\u00e5 Gislaveds gymnasium. Jag har l\u00e5ng erfarenhet som s\u00e5ngerska i olika konstellationer, t. ex. jazztrio, storband, solist vid st\u00f6rre evenemang som t. ex. Musik i julbr\u00e5dskan med Gislaveds kammark\u00f6r och Gislaveds symfoniorkester, samt vid t ex br\u00f6llop, dop och begravningar. Ut\u00f6ver min s\u00e5ngpedagogutbildning deltar jag kontinuerligt i fortbildning, t ex Estill Voice Training level one and two, hos v\u00e4lrenommerade Helena Jonason p\u00e5 Vocal Art Studio i Stockholm samt kurs med improvisationspedagog Per Thornberg, Halmstad, f\u00f6r att n\u00e4mna n\u00e5gra.<\/p>\n\n\n\n<p>Jag har gedigen och trygg erfarenhet av s\u00e5ng p\u00e5 begravningar, d\u00e5 jag sjunger till eget pianoackompanjemang. Jag \u00e4r m\u00e5n om att tillgodose Era olika \u00f6nskem\u00e5l och \u00e4r flexibel vad g\u00e4ller musikgenre.<\/p>\n\n\n\n<figure class=\"wp-block-audio\"><audio controls src=\"https:\/\/utveckling.timecutcloud.com\/kinds\/wp-content\/uploads\/2026\/02\/I_den_stora_sorgens_famn_Maria_Nordstrom.mp3\"><\/audio><\/figure>\n<\/div>\n<\/div>\n\n\n\n<div class=\"wp-block-columns is-layout-flex wp-container-core-columns-is-layout-9d6595d7 wp-block-columns-is-layout-flex\">\n<div class=\"wp-block-column is-layout-flow wp-block-column-is-layout-flow\" style=\"flex-basis:33.33%\">\n<figure class=\"wp-block-image size-full\"><img loading=\"lazy\" decoding=\"async\" width=\"300\" height=\"300\" src=\"https:\/\/utveckling.timecutcloud.com\/kinds\/wp-content\/uploads\/2026\/01\/Fredrik-L.jpg\" alt=\"\" class=\"wp-image-1181\" srcset=\"https:\/\/utveckling.timecutcloud.com\/kinds\/wp-content\/uploads\/2026\/01\/Fredrik-L.jpg 300w, https:\/\/utveckling.timecutcloud.com\/kinds\/wp-content\/uploads\/2026\/01\/Fredrik-L-150x150.jpg 150w\" sizes=\"auto, (max-width: 300px) 100vw, 300px\" \/><\/figure>\n<\/div>\n\n\n\n<div class=\"wp-block-column is-layout-flow wp-block-column-is-layout-flow\" style=\"flex-basis:66.66%\">\n<h3 class=\"wp-block-heading\">Fredrik Lanned<\/h3>\n\n\n\n<p>Saxofonsolist<\/p>\n\n\n\n<p>Jag \u00e4r f\u00f6dd och uppvuxen i Limmared och har spelat saxofon sedan jag var 10 \u00e5r.<br>Jag har flera \u00e5rs musikstudier bakom mej och har frilansat i olika stilar och ensembler sedan i b\u00f6rjan av 90-talet.<br>Jag \u00e4r en van solist vid begravningar. M\u00e5let \u00e4r att alltid tillm\u00f6tesg\u00e5 kundens musikaliska \u00f6nskem\u00e5l efter b\u00e4sta f\u00f6rm\u00e5ga.<\/p>\n\n\n\n<figure class=\"wp-block-audio\"><audio controls src=\"https:\/\/utveckling.timecutcloud.com\/kinds\/wp-content\/uploads\/2026\/02\/Fredrik-Lanned-Begravning.mp3\"><\/audio><\/figure>\n<\/div>\n<\/div>\n\n\n\n<div class=\"wp-block-columns is-layout-flex wp-container-core-columns-is-layout-9d6595d7 wp-block-columns-is-layout-flex\">\n<div class=\"wp-block-column is-layout-flow wp-block-column-is-layout-flow\" style=\"flex-basis:33.33%\">\n<figure class=\"wp-block-image size-full\"><img loading=\"lazy\" decoding=\"async\" width=\"182\" height=\"300\" src=\"https:\/\/utveckling.timecutcloud.com\/kinds\/wp-content\/uploads\/2026\/01\/susanne.jpg\" alt=\"\" class=\"wp-image-1183\"\/><\/figure>\n<\/div>\n\n\n\n<div class=\"wp-block-column is-layout-flow wp-block-column-is-layout-flow\" style=\"flex-basis:66.66%\">\n<h3 class=\"wp-block-heading\">Susanne Klar\u00e9n<\/h3>\n\n\n\n<p>S\u00e5ng<\/p>\n\n\n\n<p>Jag heter Susanne Klar\u00e9n och har l\u00e5ng erfarenhet som s\u00e5ngsolist i olika sammanhang &#8211; i b\u00e5de gl\u00e4dje och sorg. Jag sjunger g\u00e4rna olika genre och \u00e4r d\u00e4rf\u00f6r flexibel vid ert val av musik.<\/p>\n\n\n\n<figure class=\"wp-block-audio\"><audio controls src=\"https:\/\/utveckling.timecutcloud.com\/kinds\/wp-content\/uploads\/2026\/02\/susanne-klaren-I-den-stora-sorgens-famn.mp3\"><\/audio><\/figure>\n<\/div>\n<\/div>\n\n\n\n<div class=\"wp-block-columns is-layout-flex wp-container-core-columns-is-layout-9d6595d7 wp-block-columns-is-layout-flex\">\n<div class=\"wp-block-column is-layout-flow wp-block-column-is-layout-flow\" style=\"flex-basis:33.33%\">\n<figure class=\"wp-block-image size-full\"><img loading=\"lazy\" decoding=\"async\" width=\"300\" height=\"300\" src=\"https:\/\/utveckling.timecutcloud.com\/kinds\/wp-content\/uploads\/2026\/01\/Mikael_Karlsson_0.jpg\" alt=\"\" class=\"wp-image-1185\" srcset=\"https:\/\/utveckling.timecutcloud.com\/kinds\/wp-content\/uploads\/2026\/01\/Mikael_Karlsson_0.jpg 300w, https:\/\/utveckling.timecutcloud.com\/kinds\/wp-content\/uploads\/2026\/01\/Mikael_Karlsson_0-150x150.jpg 150w\" sizes=\"auto, (max-width: 300px) 100vw, 300px\" \/><\/figure>\n<\/div>\n\n\n\n<div class=\"wp-block-column is-layout-flow wp-block-column-is-layout-flow\" style=\"flex-basis:66.66%\">\n<h3 class=\"wp-block-heading\">Mikael Karlsson<\/h3>\n\n\n\n<p>Trumpet, flygelhorn<\/p>\n\n\n\n<p>\u00c4r f\u00f6dd 1977 och har spelat trumpet sedan tio\u00e5rs\u00e5ldern. Frilansat vid begravningar och br\u00f6llop sedan jag var i femton\u00e5rs\u00e5ldern. Medverkar i, leder orkestrar, samt arrangerar musik. 3 \u00e5r musikgymnasium, 2 \u00e5r musik p\u00e5 Lunnevads folkh\u00f6gskola, 2 \u00e5r p\u00e5 Ingesunds musikh\u00f6gskola, 2,5 \u00e5r p\u00e5 musikh\u00f6gskolan (Artisten) i G\u00f6teborg<\/p>\n\n\n\n<figure class=\"wp-block-audio\"><audio controls src=\"https:\/\/utveckling.timecutcloud.com\/kinds\/wp-content\/uploads\/2026\/02\/Amazing_Grace_Mikael_Karlsson.mp3\"><\/audio><\/figure>\n<\/div>\n<\/div>\n\n\n\n<div class=\"wp-block-columns is-layout-flex wp-container-core-columns-is-layout-9d6595d7 wp-block-columns-is-layout-flex\">\n<div class=\"wp-block-column is-layout-flow wp-block-column-is-layout-flow\" style=\"flex-basis:33.33%\">\n<figure class=\"wp-block-image size-full\"><img loading=\"lazy\" decoding=\"async\" width=\"300\" height=\"300\" src=\"https:\/\/utveckling.timecutcloud.com\/kinds\/wp-content\/uploads\/2026\/01\/liselott-johansson.jpg\" alt=\"\" class=\"wp-image-1187\" srcset=\"https:\/\/utveckling.timecutcloud.com\/kinds\/wp-content\/uploads\/2026\/01\/liselott-johansson.jpg 300w, https:\/\/utveckling.timecutcloud.com\/kinds\/wp-content\/uploads\/2026\/01\/liselott-johansson-150x150.jpg 150w\" sizes=\"auto, (max-width: 300px) 100vw, 300px\" \/><\/figure>\n<\/div>\n\n\n\n<div class=\"wp-block-column is-layout-flow wp-block-column-is-layout-flow\" style=\"flex-basis:66.66%\">\n<h3 class=\"wp-block-heading\">Liselott Johansson<\/h3>\n\n\n\n<p>S\u00e5ng<\/p>\n\n\n\n<p>Jag bor i H\u00e5cksvik och har jobbat som solist vid bland annat begravningar i ca 35 \u00e5r. Vid sidan om kyrkomusiken \u00e4r jag ocks\u00e5 en av medlemmarna i H\u00e5cksviksrevyn d\u00e4r vi roat oss och andra i H\u00e5cksviks bygdeg\u00e5rd i m\u00e5nga \u00e5r nu. Att f\u00e5 sjunga och gl\u00e4dja\/tr\u00f6sta andra med min r\u00f6st betyder mycket och \u00e4r en stor del av mig.<\/p>\n\n\n\n<figure class=\"wp-block-audio\"><audio controls src=\"https:\/\/utveckling.timecutcloud.com\/kinds\/wp-content\/uploads\/2026\/02\/Liselott_Dagen_ar_nara.mp3\"><\/audio><\/figure>\n<\/div>\n<\/div>\n\n\n\n<div class=\"wp-block-columns is-layout-flex wp-container-core-columns-is-layout-9d6595d7 wp-block-columns-is-layout-flex\">\n<div class=\"wp-block-column is-layout-flow wp-block-column-is-layout-flow\" style=\"flex-basis:33.33%\">\n<figure class=\"wp-block-image size-full\"><img loading=\"lazy\" decoding=\"async\" width=\"216\" height=\"300\" src=\"https:\/\/utveckling.timecutcloud.com\/kinds\/wp-content\/uploads\/2026\/01\/Johannes_Dybeck.jpeg\" alt=\"\" class=\"wp-image-1189\"\/><\/figure>\n<\/div>\n\n\n\n<div class=\"wp-block-column is-layout-flow wp-block-column-is-layout-flow\" style=\"flex-basis:66.66%\">\n<h3 class=\"wp-block-heading\">Johannes Dybeck<\/h3>\n\n\n\n<p>Klarinett och Saxofon<\/p>\n\n\n\n<p>Jag \u00e4r uppvuxen och bor i Anderstorp. Mitt st\u00f6rsta intresse har alltid varit musiken, och jag b\u00f6rjade spela n\u00e4r jag var 10 \u00e5r. Mina huvudinstrument \u00e4r altsaxofon och klarinett, och jag spelar \u00e4ven kornett i Anderstorps Missionskyrkas Brassband. Jag har varit medlem i Gislaved Storband, men numera spelar jag med Tranemo Storband. Jag har l\u00e5ng erfarenhet av att spela med olika jazzgrupper och \u00e4ven som solist vid vigslar, begravningar och gudstj\u00e4nster. Mitt m\u00e5l \u00e4r att alltid f\u00f6rs\u00f6ka f\u00f6rmedla en k\u00e4nsla i musiken och att tillgodose era \u00f6nskem\u00e5l efter b\u00e4sta f\u00f6rm\u00e5ga.<\/p>\n\n\n\n<figure class=\"wp-block-audio\"><audio controls src=\"https:\/\/utveckling.timecutcloud.com\/kinds\/wp-content\/uploads\/2026\/02\/johannes-dybeck-Shall-I-compareThee-to-a-summers-day.mp3\"><\/audio><\/figure>\n<\/div>\n<\/div>\n\n\n\n<div class=\"wp-block-columns is-layout-flex wp-container-core-columns-is-layout-9d6595d7 wp-block-columns-is-layout-flex\"><\/div>\n","protected":false},"excerpt":{"rendered":"<p>Martina Nor\u00e9n Trumpet, s\u00e5ng Jag \u00e4r utbildad klassisk trumpetare p\u00e5 H\u00f6gskolan f\u00f6r scen och musik samt utbildad musikalartist p\u00e5 Balettakademien G\u00f6teborg. Sedan 2020 jobbar jag som trumpetl\u00e4rare p\u00e5 Musikskolan Gislaved men har \u00e4nda sedan 2009 frilansat som musiker i olika sammanhang. Har \u00e4ven tidigare jobbat som sk\u00e5despelare p\u00e5 Astrid Lindgrens V\u00e4rld. Jag \u00e4lskar att f\u00e5 [&hellip;]<\/p>\n","protected":false},"author":1,"featured_media":0,"parent":857,"menu_order":0,"comment_status":"closed","ping_status":"closed","template":"page-fullbredd.php","meta":{"_acf_changed":false,"footnotes":""},"class_list":["post-1169","page","type-page","status-publish","hentry"],"acf":[],"_links":{"self":[{"href":"https:\/\/utveckling.timecutcloud.com\/kinds\/wp-json\/wp\/v2\/pages\/1169","targetHints":{"allow":["GET"]}}],"collection":[{"href":"https:\/\/utveckling.timecutcloud.com\/kinds\/wp-json\/wp\/v2\/pages"}],"about":[{"href":"https:\/\/utveckling.timecutcloud.com\/kinds\/wp-json\/wp\/v2\/types\/page"}],"author":[{"embeddable":true,"href":"https:\/\/utveckling.timecutcloud.com\/kinds\/wp-json\/wp\/v2\/users\/1"}],"replies":[{"embeddable":true,"href":"https:\/\/utveckling.timecutcloud.com\/kinds\/wp-json\/wp\/v2\/comments?post=1169"}],"version-history":[{"count":23,"href":"https:\/\/utveckling.timecutcloud.com\/kinds\/wp-json\/wp\/v2\/pages\/1169\/revisions"}],"predecessor-version":[{"id":1274,"href":"https:\/\/utveckling.timecutcloud.com\/kinds\/wp-json\/wp\/v2\/pages\/1169\/revisions\/1274"}],"up":[{"embeddable":true,"href":"https:\/\/utveckling.timecutcloud.com\/kinds\/wp-json\/wp\/v2\/pages\/857"}],"wp:attachment":[{"href":"https:\/\/utveckling.timecutcloud.com\/kinds\/wp-json\/wp\/v2\/media?parent=1169"}],"curies":[{"name":"wp","href":"https:\/\/api.w.org\/{rel}","templated":true}]}}