{"id":131,"date":"2025-03-02T13:48:24","date_gmt":"2025-03-02T12:48:24","guid":{"rendered":"https:\/\/utveckling.timecutcloud.com\/kinds\/?page_id=131"},"modified":"2026-02-23T13:51:04","modified_gmt":"2026-02-23T12:51:04","slug":"hur-gor-jag-nu","status":"publish","type":"page","link":"https:\/\/utveckling.timecutcloud.com\/kinds\/vid-dodsfall\/hur-gor-jag-nu\/","title":{"rendered":"Hur g\u00f6r jag nu?"},"content":{"rendered":"\n<p>Att f\u00f6rlora en n\u00e4ra v\u00e4n eller anh\u00f6rig h\u00f6r till en av livets mest omv\u00e4lvande h\u00e4ndelser. Det \u00e4r d\u00e4rf\u00f6r naturligt att k\u00e4nna stor os\u00e4kerhet inf\u00f6r s\u00e5dant som m\u00e5ste tas om hand inf\u00f6r en begravning. Ett bra r\u00e5d \u00e4r att du inte har f\u00f6r br\u00e5ttom. Du \u00e4r v\u00e4lkommen att v\u00e4nda dig till oss n\u00e4rhelst du vill. Vi har den erfarenhet och kunskap som kr\u00e4vs f\u00f6r att ge det st\u00f6d och den hj\u00e4lp som beh\u00f6vs.<\/p>\n\n\n\n<h4 class=\"wp-block-heading\">Ta kontakt med anh\u00f6riga och n\u00e4ra v\u00e4nner<\/h4>\n\n\n\n<p>Bland det f\u00f6rsta du b\u00f6r g\u00f6ra \u00e4r att kontakta anh\u00f6riga och v\u00e4nner och meddela vad som har h\u00e4nt. Var samtidigt inte r\u00e4dd f\u00f6r att be om hj\u00e4lp och st\u00f6d. Det \u00e4r en f\u00f6rm\u00e5n att ha n\u00e5gra som man kan prata med och dela sorgen med. De flesta brukar ocks\u00e5 bli tacksamma om de kan bidra p\u00e5 n\u00e5got s\u00e4tt, till exempel med s\u00e5 vardagliga saker som att handla och laga mat.<\/p>\n\n\n\n<h4 class=\"wp-block-heading\">Svar p\u00e5 de f\u00f6rsta fr\u00e5gorna<\/h4>\n\n\n\n<p>Vi har tagit fram en skrift som heter \u201dHur g\u00f6r jag nu\u201d d\u00e4r vi hoppas att du kan f\u00e5 svar p\u00e5 dina f\u00f6rsta fr\u00e5gor. Skriften kan du l\u00e4sa genom att ladda ner den i PDF-format&nbsp;&#8221;Hur g\u00f6r jag nu&#8221;&nbsp;eller s\u00f6k\/l\u00e4s efter andra broschyrer.<\/p>\n\n\n\n<div class=\"wp-block-columns is-layout-flex wp-container-core-columns-is-layout-9d6595d7 wp-block-columns-is-layout-flex\">\n<div class=\"wp-block-column is-layout-flow wp-block-column-is-layout-flow\">\n<div class=\"wp-block-columns is-layout-flex wp-container-core-columns-is-layout-9d6595d7 wp-block-columns-is-layout-flex\">\n<div class=\"wp-block-column is-layout-flow wp-block-column-is-layout-flow\">\n<p><a href=\"https:\/\/utveckling.timecutcloud.com\/kinds\/wp-content\/uploads\/2025\/04\/hur-gor-jag-nu-broschyr.pdf\" class=\"button\">Ladda ner PDF<span class=\"btn-arrow\"><\/span><\/a><\/p>\n<\/div>\n\n\n\n<div class=\"wp-block-column is-layout-flow wp-block-column-is-layout-flow\">\n<p><a href=\"https:\/\/utveckling.timecutcloud.com\/kinds\/vid-dodsfall\/broschyrer-och-skrifter\/\" class=\"button\">Visa broschyrer<span class=\"btn-arrow\"><\/span><\/a><\/p>\n<\/div>\n<\/div>\n<\/div>\n<\/div>\n\n\n\n<p>Du \u00e4r varmt v\u00e4lkommen in till oss p\u00e5 Kinds Begravningsbyr\u00e5 och h\u00e4mta broschyrer och st\u00e4lla fr\u00e5gor.<\/p>\n","protected":false},"excerpt":{"rendered":"<p>Att f\u00f6rlora en n\u00e4ra v\u00e4n eller anh\u00f6rig h\u00f6r till en av livets mest omv\u00e4lvande h\u00e4ndelser. Det \u00e4r d\u00e4rf\u00f6r naturligt att k\u00e4nna stor os\u00e4kerhet inf\u00f6r s\u00e5dant som m\u00e5ste tas om hand inf\u00f6r en begravning. Ett bra r\u00e5d \u00e4r att du inte har f\u00f6r br\u00e5ttom. Du \u00e4r v\u00e4lkommen att v\u00e4nda dig till oss n\u00e4rhelst du vill. Vi [&hellip;]<\/p>\n","protected":false},"author":1,"featured_media":0,"parent":599,"menu_order":0,"comment_status":"closed","ping_status":"closed","template":"","meta":{"_acf_changed":false,"footnotes":""},"class_list":["post-131","page","type-page","status-publish","hentry"],"acf":[],"_links":{"self":[{"href":"https:\/\/utveckling.timecutcloud.com\/kinds\/wp-json\/wp\/v2\/pages\/131","targetHints":{"allow":["GET"]}}],"collection":[{"href":"https:\/\/utveckling.timecutcloud.com\/kinds\/wp-json\/wp\/v2\/pages"}],"about":[{"href":"https:\/\/utveckling.timecutcloud.com\/kinds\/wp-json\/wp\/v2\/types\/page"}],"author":[{"embeddable":true,"href":"https:\/\/utveckling.timecutcloud.com\/kinds\/wp-json\/wp\/v2\/users\/1"}],"replies":[{"embeddable":true,"href":"https:\/\/utveckling.timecutcloud.com\/kinds\/wp-json\/wp\/v2\/comments?post=131"}],"version-history":[{"count":13,"href":"https:\/\/utveckling.timecutcloud.com\/kinds\/wp-json\/wp\/v2\/pages\/131\/revisions"}],"predecessor-version":[{"id":1275,"href":"https:\/\/utveckling.timecutcloud.com\/kinds\/wp-json\/wp\/v2\/pages\/131\/revisions\/1275"}],"up":[{"embeddable":true,"href":"https:\/\/utveckling.timecutcloud.com\/kinds\/wp-json\/wp\/v2\/pages\/599"}],"wp:attachment":[{"href":"https:\/\/utveckling.timecutcloud.com\/kinds\/wp-json\/wp\/v2\/media?parent=131"}],"curies":[{"name":"wp","href":"https:\/\/api.w.org\/{rel}","templated":true}]}}