{"id":143,"date":"2025-03-02T14:29:54","date_gmt":"2025-03-02T13:29:54","guid":{"rendered":"https:\/\/utveckling.timecutcloud.com\/kinds\/vid-dodsfall-2\/"},"modified":"2025-03-13T13:08:35","modified_gmt":"2025-03-13T12:08:35","slug":"vi-tar-hand-om-det-svara","status":"publish","type":"page","link":"https:\/\/utveckling.timecutcloud.com\/kinds\/vid-dodsfall\/vi-tar-hand-om-det-svara\/","title":{"rendered":"Vi tar hand om det sv\u00e5ra"},"content":{"rendered":"\n<p>Vi arbetar som om du alltid fanns med oss i v\u00e5ra g\u00f6rom\u00e5l. V\u00e5r ambition och v\u00e5r m\u00e5ls\u00e4ttning \u00e4r att skapa en k\u00e4nsla av att vi alltid finns till din hj\u00e4lp med att besvara fr\u00e5gor. En obesvarad fr\u00e5ga kan v\u00e4xa till en tung tanke som oroar och st\u00f6r vilan som beh\u00f6vs f\u00f6r att f\u00e5 kraft att b\u00e4ra sorgen.<\/p>\n\n\n\n<h2 class=\"wp-block-heading\">V\u00e4rdighet<\/h2>\n\n\n\n<p>Representantens roll vid begravningsh\u00f6gtiden skall vara till de anh\u00f6rigas hj\u00e4lp, men \u00e4ven f\u00f6r alla g\u00e4sters hj\u00e4lp och v\u00e4gledning. G\u00e4sterna skall f\u00e5 k\u00e4nna sig v\u00e4lkomna till h\u00f6gtiden och f\u00e5 svar p\u00e5 eventuella fr\u00e5gor de har. Att alltid finnas till r\u00e5ds, men d\u00e4rf\u00f6r inte alltid synas mest. V\u00e4rdigheten \u00e4r lika viktig i f\u00f6rarbetet som vid det synliga arbetet under begravningsakten.<\/p>\n\n\n\n<h2 class=\"wp-block-heading\">Fullservice<\/h2>\n\n\n\n<p>Att anm\u00e4lan om d\u00f6dsfallet till ber\u00f6rda personer och myndigheter meddelas p\u00e5 ett korrekt s\u00e4tt och att kontakten beh\u00e5lls under genomf\u00f6randet av begravningen.<\/p>\n\n\n\n<p>I samband med bes\u00f6ket p\u00e5 begravningsbyr\u00e5n d\u00e5 en begravning planeras l\u00e4mnar vi alltid en dokumentation-en prisuppgift p\u00e5 vad som best\u00e4llts och innefattar begravningsuppdragets kostnader.<\/p>\n\n\n\n<p>Att minnesstunden och f\u00f6rt\u00e4ringen blir till en m\u00e5ltid som den avlidne sj\u00e4lv skulle tyckt om och pr\u00e4glas av personlighet.<\/p>\n\n\n\n<p>Att f\u00e5 hj\u00e4lp med f\u00f6rs\u00e4kringar som utfaller efter d\u00f6dsfallet till begravningshj\u00e4lp och till efterlevande.<\/p>\n\n\n\n<p>Att f\u00e5 hj\u00e4lp med gravstenen, inskription i befintlig v\u00e5rd eller en helt ny, kanske med personlig pr\u00e4gel d\u00e4r valet blir en natursten som legat i naturen n\u00e4ra hemmet.<\/p>\n","protected":false},"excerpt":{"rendered":"<p>Vi arbetar som om du alltid fanns med oss i v\u00e5ra g\u00f6rom\u00e5l. V\u00e5r ambition och v\u00e5r m\u00e5ls\u00e4ttning \u00e4r att skapa en k\u00e4nsla av att vi alltid finns till din hj\u00e4lp med att besvara fr\u00e5gor. En obesvarad fr\u00e5ga kan v\u00e4xa till en tung tanke som oroar och st\u00f6r vilan som beh\u00f6vs f\u00f6r att f\u00e5 kraft att [&hellip;]<\/p>\n","protected":false},"author":1,"featured_media":0,"parent":599,"menu_order":1,"comment_status":"closed","ping_status":"closed","template":"","meta":{"_acf_changed":false,"footnotes":""},"class_list":["post-143","page","type-page","status-publish","hentry"],"acf":[],"_links":{"self":[{"href":"https:\/\/utveckling.timecutcloud.com\/kinds\/wp-json\/wp\/v2\/pages\/143","targetHints":{"allow":["GET"]}}],"collection":[{"href":"https:\/\/utveckling.timecutcloud.com\/kinds\/wp-json\/wp\/v2\/pages"}],"about":[{"href":"https:\/\/utveckling.timecutcloud.com\/kinds\/wp-json\/wp\/v2\/types\/page"}],"author":[{"embeddable":true,"href":"https:\/\/utveckling.timecutcloud.com\/kinds\/wp-json\/wp\/v2\/users\/1"}],"replies":[{"embeddable":true,"href":"https:\/\/utveckling.timecutcloud.com\/kinds\/wp-json\/wp\/v2\/comments?post=143"}],"version-history":[{"count":2,"href":"https:\/\/utveckling.timecutcloud.com\/kinds\/wp-json\/wp\/v2\/pages\/143\/revisions"}],"predecessor-version":[{"id":614,"href":"https:\/\/utveckling.timecutcloud.com\/kinds\/wp-json\/wp\/v2\/pages\/143\/revisions\/614"}],"up":[{"embeddable":true,"href":"https:\/\/utveckling.timecutcloud.com\/kinds\/wp-json\/wp\/v2\/pages\/599"}],"wp:attachment":[{"href":"https:\/\/utveckling.timecutcloud.com\/kinds\/wp-json\/wp\/v2\/media?parent=143"}],"curies":[{"name":"wp","href":"https:\/\/api.w.org\/{rel}","templated":true}]}}