{"id":147,"date":"2025-03-02T14:32:13","date_gmt":"2025-03-02T13:32:13","guid":{"rendered":"https:\/\/utveckling.timecutcloud.com\/kinds\/vid-dodsfall\/vi-tar-hand-om-det-svara-2\/"},"modified":"2025-03-13T13:08:46","modified_gmt":"2025-03-13T12:08:46","slug":"saker-att-tanka-pa","status":"publish","type":"page","link":"https:\/\/utveckling.timecutcloud.com\/kinds\/vid-dodsfall\/saker-att-tanka-pa\/","title":{"rendered":"Saker att t\u00e4nka p\u00e5"},"content":{"rendered":"\n<p>F\u00f6r att underl\u00e4tta den ofta kaotiska f\u00f6rsta tiden efter ett d\u00f6dsfall har vi gjort en enkel checklista \u00f6ver s\u00e5dant som kan vara v\u00e4rdefullt att t\u00e4nka p\u00e5.<\/p>\n\n\n\n<h2 class=\"wp-block-heading\">En del ordnas automatiskt<\/h2>\n\n\n\n<p>L\u00e4karen som konstaterar d\u00f6dsfallet s\u00e4nder d\u00f6dsbevis till skattemyndigheten som ocks\u00e5 handhar v\u00e5r folkbokf\u00f6ring. H\u00e4rifr\u00e5n meddelas d\u00f6dsfallet till \u00f6vriga myndigheter inom stat, kommun och landsting.<\/p>\n\n\n\n<h2 class=\"wp-block-heading\">Post och reklam<\/h2>\n\n\n\n<p>R\u00e4kna med att reklam kan komma i den d\u00f6des namn ett bra tag efter d\u00f6dsfallet. Det beror p\u00e5 att direktreklamf\u00f6retagen inte hinner uppdatera sina register s\u00e5 snabbt som man ibland skulle \u00f6nska.<\/p>\n\n\n\n<p>Via denna l\u00e4nk kan du sj\u00e4lv sp\u00e4rra en stor del av&nbsp;<a href=\"https:\/\/www.statenspersonadressregister.se\/master\/start\/logga-in\/\" target=\"_blank\" rel=\"noreferrer noopener\">direktreklamen<\/a><\/p>\n\n\n\n<h2 class=\"wp-block-heading\">F\u00f6rs\u00e4kringar<\/h2>\n\n\n\n<p>F\u00f6rs\u00e4kringsbolagen meddelas av olika sk\u00e4l. Vissa f\u00f6rs\u00e4kringar ska upph\u00f6ra, vissa ska f\u00f6ras \u00f6ver till n\u00e5gon efterlevande eller bara adress\u00e4ndras och vissa faller ut i anledning av d\u00f6dsfallet.<\/p>\n\n\n\n<h2 class=\"wp-block-heading\">Abonnemang<\/h2>\n\n\n\n<p>F\u00f6r att undvika on\u00f6diga avgifter \u00e4r det viktigt att s\u00e4ga upp aktuella abonnemang. Kanske vissa avtal ocks\u00e5 ska \u00f6verf\u00f6ras p\u00e5 efterlevande.<\/p>\n\n\n\n<h2 class=\"wp-block-heading\">Banker m.m.<\/h2>\n\n\n\n<p>Bankkonton i den d\u00f6des namn kan s\u00e4gas upp f\u00f6rst efter det att bouppteckningen \u00e4r registrerad. D\u00e4remot \u00e4r det viktigt att klippa s\u00f6nder kreditkort och betalkort liksom att meddela kortutst\u00e4llaren.<\/p>\n\n\n\n<h2 class=\"wp-block-heading\">F\u00f6reningar<\/h2>\n\n\n\n<p>F\u00f6rutom att s\u00e4ga upp ett medlemskap kan det finnas anledning att kontakta f\u00f6reningar av andra sk\u00e4l. En f\u00f6rening d\u00e4r den d\u00f6de varit aktiv vill kanske s\u00e4nda blommor eller \u00f6vervara begravningen. Det kan ocks\u00e5 finnas ett tillgodohavande som ska \u00e5terbetalas vid d\u00f6dsfall.<\/p>\n\n\n\n<h2 class=\"wp-block-heading\">Annat som kan beh\u00f6va ordnas<\/h2>\n\n\n\n<p>\u00a0\u00c4ndra gravr\u00e4ttsinnehavare till gravar den d\u00f6de sk\u00f6tt om<\/p>\n\n\n\n<p>\u00a0T\u00f6mma kylsk\u00e5p och sl\u00e4nga sopor<\/p>\n\n\n\n<p>\u00a0Vattna blommor<\/p>\n\n\n\n<p>\u00a0Ta hand om husdjur<\/p>\n\n\n\n<p>\u00a0S\u00e4nka v\u00e4rmen<\/p>\n\n\n\n<p>\u00a0F\u00f6rebygga inbrott genom att st\u00e4lla timer mm<\/p>\n\n\n\n<p>\u00a0H\u00e4mta tillh\u00f6righeter p\u00e5 sjukhuset<\/p>\n\n\n\n<p>\u00a0Meddela hemtj\u00e4nst och st\u00e4dbolag<\/p>\n\n\n\n<p>\u00a0Meddela hemsjukv\u00e5rden<\/p>\n\n\n\n<p>\u00a0\u00c5terl\u00e4mna handikapphj\u00e4lpmedel och larm<\/p>\n\n\n\n<p>\u00a0L\u00e4mna vapen till polisen<\/p>\n\n\n\n<p>\u00a0L\u00e4mna \u00f6verbliven medicin till apoteket<\/p>\n\n\n\n<p>\u00a0H\u00e4mta inl\u00e4mnad tv\u00e4tt eller film<\/p>\n\n\n\n<p>\u00a0Makulera ID-kort, pass och k\u00f6rkort<\/p>\n\n\n\n<p>\u00a0Samla in reservnycklar<\/p>\n\n\n\n<p>\u00a0Flytta felparkerad bil<\/p>\n","protected":false},"excerpt":{"rendered":"<p>F\u00f6r att underl\u00e4tta den ofta kaotiska f\u00f6rsta tiden efter ett d\u00f6dsfall har vi gjort en enkel checklista \u00f6ver s\u00e5dant som kan vara v\u00e4rdefullt att t\u00e4nka p\u00e5. En del ordnas automatiskt L\u00e4karen som konstaterar d\u00f6dsfallet s\u00e4nder d\u00f6dsbevis till skattemyndigheten som ocks\u00e5 handhar v\u00e5r folkbokf\u00f6ring. H\u00e4rifr\u00e5n meddelas d\u00f6dsfallet till \u00f6vriga myndigheter inom stat, kommun och landsting. Post [&hellip;]<\/p>\n","protected":false},"author":1,"featured_media":0,"parent":599,"menu_order":2,"comment_status":"closed","ping_status":"closed","template":"","meta":{"_acf_changed":false,"footnotes":""},"class_list":["post-147","page","type-page","status-publish","hentry"],"acf":[],"_links":{"self":[{"href":"https:\/\/utveckling.timecutcloud.com\/kinds\/wp-json\/wp\/v2\/pages\/147","targetHints":{"allow":["GET"]}}],"collection":[{"href":"https:\/\/utveckling.timecutcloud.com\/kinds\/wp-json\/wp\/v2\/pages"}],"about":[{"href":"https:\/\/utveckling.timecutcloud.com\/kinds\/wp-json\/wp\/v2\/types\/page"}],"author":[{"embeddable":true,"href":"https:\/\/utveckling.timecutcloud.com\/kinds\/wp-json\/wp\/v2\/users\/1"}],"replies":[{"embeddable":true,"href":"https:\/\/utveckling.timecutcloud.com\/kinds\/wp-json\/wp\/v2\/comments?post=147"}],"version-history":[{"count":3,"href":"https:\/\/utveckling.timecutcloud.com\/kinds\/wp-json\/wp\/v2\/pages\/147\/revisions"}],"predecessor-version":[{"id":615,"href":"https:\/\/utveckling.timecutcloud.com\/kinds\/wp-json\/wp\/v2\/pages\/147\/revisions\/615"}],"up":[{"embeddable":true,"href":"https:\/\/utveckling.timecutcloud.com\/kinds\/wp-json\/wp\/v2\/pages\/599"}],"wp:attachment":[{"href":"https:\/\/utveckling.timecutcloud.com\/kinds\/wp-json\/wp\/v2\/media?parent=147"}],"curies":[{"name":"wp","href":"https:\/\/api.w.org\/{rel}","templated":true}]}}