{"id":152,"date":"2025-03-02T14:35:43","date_gmt":"2025-03-02T13:35:43","guid":{"rendered":"https:\/\/utveckling.timecutcloud.com\/kinds\/?page_id=152"},"modified":"2025-03-13T13:08:58","modified_gmt":"2025-03-13T12:08:58","slug":"transporter","status":"publish","type":"page","link":"https:\/\/utveckling.timecutcloud.com\/kinds\/vid-dodsfall\/transporter\/","title":{"rendered":"Transporter"},"content":{"rendered":"\n<p>Vi hj\u00e4lper till med alla transporter i samband med ett d\u00f6dsfall och vi anv\u00e4nder alltid begravningsbil. Det h\u00e4r g\u00f6r vi d\u00e5 v\u00e5r policy \u00e4r att alltid hantera den avlidne p\u00e5 ett etiskt och korrekt s\u00e4tt genom hela det uppdrag vi blivit anf\u00f6rtrodda. Vi har jour dygnet runt och ni n\u00e5r alltid n\u00e5gon av v\u00e5r ordinarie personal under jouren.<\/p>\n\n\n\n<p>D\u00f6dsboet st\u00e5r f\u00f6r kostnaden av transporter fram tills att kistan kommit till en lokal f\u00f6r f\u00f6rvaring (bis\u00e4ttningslokal) i v\u00e4ntan p\u00e5 begravning. D\u00e4refter st\u00e5r kyrkog\u00e5rdsf\u00f6rvaltningen f\u00f6r kostnader inom orten. Det kan vara till kyrkan och fr\u00e5n kyrka till krematoriet\/kyrkog\u00e5rd.<\/p>\n\n\n\n<p>Vid h\u00e4mtning av avliden i Gislaved, Anderstorp, Hestra och Gnosj\u00f6 kommuner med omnejd h\u00e4mtar vi g\u00e4rna med kista och st\u00e4ller den avlidne i tillh\u00f6rande kapell.<\/p>\n\n\n\n<p>V\u00e4ljer man att inte h\u00e4mta i kista m\u00e5ste d\u00f6dsboet betala transporten in till b\u00e5rhuset i V\u00e4rnamo, detta pga av att Gislaveds Kommun ej har n\u00e5got b\u00e5rhus l\u00e4ngre och i Svenska Kyrkans lokaler f\u00e5r man bara anv\u00e4nda sig av n\u00e4r en avliden ligger i kistan.<\/p>\n\n\n\n<p>Vid jordbegravning beh\u00f6vs ett b\u00e4rarlag som utf\u00f6r b\u00e4rning och s\u00e4nkning i graven. Om den avlidne tillh\u00f6r Svenska kyrkan och har begravning enligt Svenska kyrkans ordning bekostar kyrkan b\u00e4rarlaget. De anh\u00f6riga kan ocks\u00e5 finnas med som b\u00e4rare. Om man v\u00e4ljer att ta avsked vid ceremonin och inte f\u00f6lja med till graven bekostar kyrkog\u00e5rdsf\u00f6rvaltningen b\u00e4rarlaget. I \u00f6vriga fall t.ex borgerlig begravning eller annat trossamfund d\u00e5 man vill ha utb\u00e4rning i samband med ceremonin s\u00e5 \u00e4r det kostnad f\u00f6r d\u00f6dsboet om inget annat \u00f6verenskommits.<\/p>\n\n\n\n<h2 class=\"wp-block-heading\">Utlandstransporter<\/h2>\n\n\n\n<p>Vi har stor erfarenhet av transporter med b\u00e5de bil och flyg till andra l\u00e4nder. Ofta vill utlandsf\u00f6dda begravas i sitt hemland. Vi samarbetar d\u00e5 med anh\u00f6riga, ambassad och flygbolag f\u00f6r att kunna genomf\u00f6ra transporten till en s\u00e5 snabb och l\u00e5g kostnad som m\u00f6jligt.&nbsp;<\/p>\n","protected":false},"excerpt":{"rendered":"<p>Vi hj\u00e4lper till med alla transporter i samband med ett d\u00f6dsfall och vi anv\u00e4nder alltid begravningsbil. Det h\u00e4r g\u00f6r vi d\u00e5 v\u00e5r policy \u00e4r att alltid hantera den avlidne p\u00e5 ett etiskt och korrekt s\u00e4tt genom hela det uppdrag vi blivit anf\u00f6rtrodda. Vi har jour dygnet runt och ni n\u00e5r alltid n\u00e5gon av v\u00e5r ordinarie [&hellip;]<\/p>\n","protected":false},"author":1,"featured_media":0,"parent":599,"menu_order":3,"comment_status":"closed","ping_status":"closed","template":"","meta":{"_acf_changed":false,"footnotes":""},"class_list":["post-152","page","type-page","status-publish","hentry"],"acf":[],"_links":{"self":[{"href":"https:\/\/utveckling.timecutcloud.com\/kinds\/wp-json\/wp\/v2\/pages\/152","targetHints":{"allow":["GET"]}}],"collection":[{"href":"https:\/\/utveckling.timecutcloud.com\/kinds\/wp-json\/wp\/v2\/pages"}],"about":[{"href":"https:\/\/utveckling.timecutcloud.com\/kinds\/wp-json\/wp\/v2\/types\/page"}],"author":[{"embeddable":true,"href":"https:\/\/utveckling.timecutcloud.com\/kinds\/wp-json\/wp\/v2\/users\/1"}],"replies":[{"embeddable":true,"href":"https:\/\/utveckling.timecutcloud.com\/kinds\/wp-json\/wp\/v2\/comments?post=152"}],"version-history":[{"count":2,"href":"https:\/\/utveckling.timecutcloud.com\/kinds\/wp-json\/wp\/v2\/pages\/152\/revisions"}],"predecessor-version":[{"id":616,"href":"https:\/\/utveckling.timecutcloud.com\/kinds\/wp-json\/wp\/v2\/pages\/152\/revisions\/616"}],"up":[{"embeddable":true,"href":"https:\/\/utveckling.timecutcloud.com\/kinds\/wp-json\/wp\/v2\/pages\/599"}],"wp:attachment":[{"href":"https:\/\/utveckling.timecutcloud.com\/kinds\/wp-json\/wp\/v2\/media?parent=152"}],"curies":[{"name":"wp","href":"https:\/\/api.w.org\/{rel}","templated":true}]}}