{"id":3,"date":"2025-02-28T15:20:09","date_gmt":"2025-02-28T14:20:09","guid":{"rendered":"https:\/\/utveckling.timecutcloud.com\/kinds\/?page_id=3"},"modified":"2026-02-23T14:22:18","modified_gmt":"2026-02-23T13:22:18","slug":"integritetspolicy","status":"publish","type":"page","link":"https:\/\/utveckling.timecutcloud.com\/kinds\/om-oss-5\/integritetspolicy\/","title":{"rendered":"Integritetspolicy"},"content":{"rendered":"\n<p>Personuppgifter enligt dataskyddsf\u00f6rordningen:<br>V\u00e5r begravningsbyr\u00e5 hanterar personuppgifter enligt GDPR. Vi samlar inte in mer uppgifter \u00e4n vad som beh\u00f6vs, vi har bara kvar dem s\u00e5 l\u00e4nge det \u00e4r n\u00f6dv\u00e4ndigt och vi anv\u00e4nder dem inte till n\u00e5got annat \u00e4n vad som var syftet n\u00e4r de samlades in.<br>\n\n<a href=\"https:\/\/utveckling.timecutcloud.com\/kinds\/wp-content\/uploads\/2026\/02\/integritetspolicy_sbf.pdf\" data-type=\"attachment\" data-id=\"1282\" class=\"button\" style=\"margin-top: 1em;\">L\u00e4s v\u00e5r integritetspolicy h\u00e4r <span class=\"btn-arrow\"><\/span><\/a><\/p>\n","protected":false},"excerpt":{"rendered":"<p>Personuppgifter enligt dataskyddsf\u00f6rordningen:V\u00e5r begravningsbyr\u00e5 hanterar personuppgifter enligt GDPR. Vi samlar inte in mer uppgifter \u00e4n vad som beh\u00f6vs, vi har bara kvar dem s\u00e5 l\u00e4nge det \u00e4r n\u00f6dv\u00e4ndigt och vi anv\u00e4nder dem inte till n\u00e5got annat \u00e4n vad som var syftet n\u00e4r de samlades in. L\u00e4s v\u00e5r integritetspolicy h\u00e4r<\/p>\n","protected":false},"author":1,"featured_media":0,"parent":125,"menu_order":5,"comment_status":"closed","ping_status":"open","template":"","meta":{"_acf_changed":false,"footnotes":""},"class_list":["post-3","page","type-page","status-publish","hentry"],"acf":[],"_links":{"self":[{"href":"https:\/\/utveckling.timecutcloud.com\/kinds\/wp-json\/wp\/v2\/pages\/3","targetHints":{"allow":["GET"]}}],"collection":[{"href":"https:\/\/utveckling.timecutcloud.com\/kinds\/wp-json\/wp\/v2\/pages"}],"about":[{"href":"https:\/\/utveckling.timecutcloud.com\/kinds\/wp-json\/wp\/v2\/types\/page"}],"author":[{"embeddable":true,"href":"https:\/\/utveckling.timecutcloud.com\/kinds\/wp-json\/wp\/v2\/users\/1"}],"replies":[{"embeddable":true,"href":"https:\/\/utveckling.timecutcloud.com\/kinds\/wp-json\/wp\/v2\/comments?post=3"}],"version-history":[{"count":4,"href":"https:\/\/utveckling.timecutcloud.com\/kinds\/wp-json\/wp\/v2\/pages\/3\/revisions"}],"predecessor-version":[{"id":1285,"href":"https:\/\/utveckling.timecutcloud.com\/kinds\/wp-json\/wp\/v2\/pages\/3\/revisions\/1285"}],"up":[{"embeddable":true,"href":"https:\/\/utveckling.timecutcloud.com\/kinds\/wp-json\/wp\/v2\/pages\/125"}],"wp:attachment":[{"href":"https:\/\/utveckling.timecutcloud.com\/kinds\/wp-json\/wp\/v2\/media?parent=3"}],"curies":[{"name":"wp","href":"https:\/\/api.w.org\/{rel}","templated":true}]}}