{"id":353,"date":"2025-03-13T09:53:30","date_gmt":"2025-03-13T08:53:30","guid":{"rendered":"https:\/\/utveckling.timecutcloud.com\/kinds\/?page_id=353"},"modified":"2026-01-22T10:48:59","modified_gmt":"2026-01-22T09:48:59","slug":"villa-stromfors","status":"publish","type":"page","link":"https:\/\/utveckling.timecutcloud.com\/kinds\/ordna-begravning\/minnesstunden-efterat\/villa-stromfors\/","title":{"rendered":"Villa Str\u00f6mfors"},"content":{"rendered":"\n<p>Allt fler vill hylla en \u00e4lskad person genom att ge en personlig begravning. En hyllning av livet!&nbsp;<\/p>\n\n\n\n<p>M\u00e5nga av oss \u00e4r stressade och har mycket att g\u00f6ra i vardagen, men vad som \u00e4r viktigt \u00e4r att ibland stanna upp och t\u00e4nka efter.&nbsp;<\/p>\n\n\n\n<p>Samla dina n\u00e4ra och k\u00e4ra och l\u00e5t tiden st\u00e5 still f\u00f6r en stund p\u00e5 Villa Str\u00f6msfors med \u00f6vernattning, minnas, skratta och gr\u00e5ta tillsammans.&nbsp;<\/p>\n\n\n\n<p>Fira att personen levt! Minns alla ljusa minnen. L\u00e5t det sista avskedet bli ett minne f\u00f6r livet oavsett om det \u00e4r en traditionell begravning, begravning med urna, barnbegravning, borgerlig begravning eller annat trossamfund.&nbsp;<\/p>\n\n\n\n<h4 class=\"wp-block-heading\">Varmt v\u00e4lkommen att kontakta oss f\u00f6r bokning eller fr\u00e5gor.<\/h4>\n\n\n\n<p><a href=\"tel:0325-611518\">0325-61 15 17<\/a><br><a href=\"mailto:anna@kindsbegravningsbyra.se\">anna@kindsbegravningsbyra.se<\/a><\/p>\n","protected":false},"excerpt":{"rendered":"<p>Allt fler vill hylla en \u00e4lskad person genom att ge en personlig begravning. En hyllning av livet!&nbsp; M\u00e5nga av oss \u00e4r stressade och har mycket att g\u00f6ra i vardagen, men vad som \u00e4r viktigt \u00e4r att ibland stanna upp och t\u00e4nka efter.&nbsp; Samla dina n\u00e4ra och k\u00e4ra och l\u00e5t tiden st\u00e5 still f\u00f6r en stund [&hellip;]<\/p>\n","protected":false},"author":1,"featured_media":0,"parent":381,"menu_order":2,"comment_status":"closed","ping_status":"closed","template":"","meta":{"_acf_changed":false,"footnotes":""},"class_list":["post-353","page","type-page","status-publish","hentry"],"acf":[],"_links":{"self":[{"href":"https:\/\/utveckling.timecutcloud.com\/kinds\/wp-json\/wp\/v2\/pages\/353","targetHints":{"allow":["GET"]}}],"collection":[{"href":"https:\/\/utveckling.timecutcloud.com\/kinds\/wp-json\/wp\/v2\/pages"}],"about":[{"href":"https:\/\/utveckling.timecutcloud.com\/kinds\/wp-json\/wp\/v2\/types\/page"}],"author":[{"embeddable":true,"href":"https:\/\/utveckling.timecutcloud.com\/kinds\/wp-json\/wp\/v2\/users\/1"}],"replies":[{"embeddable":true,"href":"https:\/\/utveckling.timecutcloud.com\/kinds\/wp-json\/wp\/v2\/comments?post=353"}],"version-history":[{"count":2,"href":"https:\/\/utveckling.timecutcloud.com\/kinds\/wp-json\/wp\/v2\/pages\/353\/revisions"}],"predecessor-version":[{"id":964,"href":"https:\/\/utveckling.timecutcloud.com\/kinds\/wp-json\/wp\/v2\/pages\/353\/revisions\/964"}],"up":[{"embeddable":true,"href":"https:\/\/utveckling.timecutcloud.com\/kinds\/wp-json\/wp\/v2\/pages\/381"}],"wp:attachment":[{"href":"https:\/\/utveckling.timecutcloud.com\/kinds\/wp-json\/wp\/v2\/media?parent=353"}],"curies":[{"name":"wp","href":"https:\/\/api.w.org\/{rel}","templated":true}]}}