{"id":364,"date":"2025-03-13T09:56:55","date_gmt":"2025-03-13T08:56:55","guid":{"rendered":"https:\/\/utveckling.timecutcloud.com\/kinds\/?page_id=364"},"modified":"2026-01-22T09:55:11","modified_gmt":"2026-01-22T08:55:11","slug":"musik-vid-begravningen","status":"publish","type":"page","link":"https:\/\/utveckling.timecutcloud.com\/kinds\/ordna-begravning\/musik-vid-begravningen\/","title":{"rendered":"Musik vid begravningen"},"content":{"rendered":"\n<p>Ett annat av de val man st\u00e5r inf\u00f6r \u00e4r vilken typ av musik som ska spelas. En traditionell begravningsgudstj\u00e4nst inleds och avslutas oftast med orgelmusik. Det \u00e4r inte ovanligt att man f\u00f6rutom eller ist\u00e4llet f\u00f6r orgelmusik \u00f6nskar solos\u00e5ng, k\u00f6rs\u00e5ng eller musik f\u00f6r n\u00e5got annat instrument. Har du \u00f6nskem\u00e5l om viss musik hj\u00e4lper vi till att ordna det.\u00a0<\/p>\n","protected":false},"excerpt":{"rendered":"<p>Ett annat av de val man st\u00e5r inf\u00f6r \u00e4r vilken typ av musik som ska spelas. En traditionell begravningsgudstj\u00e4nst inleds och avslutas oftast med orgelmusik. Det \u00e4r inte ovanligt att man f\u00f6rutom eller ist\u00e4llet f\u00f6r orgelmusik \u00f6nskar solos\u00e5ng, k\u00f6rs\u00e5ng eller musik f\u00f6r n\u00e5got annat instrument. Har du \u00f6nskem\u00e5l om viss musik hj\u00e4lper vi till att [&hellip;]<\/p>\n","protected":false},"author":1,"featured_media":0,"parent":857,"menu_order":1,"comment_status":"closed","ping_status":"closed","template":"","meta":{"_acf_changed":false,"footnotes":""},"class_list":["post-364","page","type-page","status-publish","hentry"],"acf":[],"_links":{"self":[{"href":"https:\/\/utveckling.timecutcloud.com\/kinds\/wp-json\/wp\/v2\/pages\/364","targetHints":{"allow":["GET"]}}],"collection":[{"href":"https:\/\/utveckling.timecutcloud.com\/kinds\/wp-json\/wp\/v2\/pages"}],"about":[{"href":"https:\/\/utveckling.timecutcloud.com\/kinds\/wp-json\/wp\/v2\/types\/page"}],"author":[{"embeddable":true,"href":"https:\/\/utveckling.timecutcloud.com\/kinds\/wp-json\/wp\/v2\/users\/1"}],"replies":[{"embeddable":true,"href":"https:\/\/utveckling.timecutcloud.com\/kinds\/wp-json\/wp\/v2\/comments?post=364"}],"version-history":[{"count":3,"href":"https:\/\/utveckling.timecutcloud.com\/kinds\/wp-json\/wp\/v2\/pages\/364\/revisions"}],"predecessor-version":[{"id":1158,"href":"https:\/\/utveckling.timecutcloud.com\/kinds\/wp-json\/wp\/v2\/pages\/364\/revisions\/1158"}],"up":[{"embeddable":true,"href":"https:\/\/utveckling.timecutcloud.com\/kinds\/wp-json\/wp\/v2\/pages\/857"}],"wp:attachment":[{"href":"https:\/\/utveckling.timecutcloud.com\/kinds\/wp-json\/wp\/v2\/media?parent=364"}],"curies":[{"name":"wp","href":"https:\/\/api.w.org\/{rel}","templated":true}]}}