{"id":367,"date":"2025-03-13T09:58:57","date_gmt":"2025-03-13T08:58:57","guid":{"rendered":"https:\/\/utveckling.timecutcloud.com\/kinds\/?page_id=367"},"modified":"2025-04-23T13:12:39","modified_gmt":"2025-04-23T11:12:39","slug":"kistor-och-urnor","status":"publish","type":"page","link":"https:\/\/utveckling.timecutcloud.com\/kinds\/ordna-begravning\/musik-vid-begravningen\/kistor-och-urnor\/","title":{"rendered":"Kistor och urnor"},"content":{"rendered":"\n<p>Det finns stora m\u00f6jligheter till ett personligt val av kista eller urna. Det kan handla om f\u00e4rg, form och utsmyckning men ocks\u00e5 om kvalitet p\u00e5 b\u00e4dd och inredning, val av material och grad av milj\u00f6anpassning. H\u00e4r nedan f\u00f6ljer ett urval av v\u00e5ra kistor och urnor.<br>V\u00e5ra begravningsr\u00e5dgivare hj\u00e4lper dig att v\u00e4lja r\u00e4tt.<\/p>\n\n\n\n<script src=\"https:\/\/www.fredahlrydens.se\/begravningsbyr%C3%A5er\/1296\/katalog\/embed.js\"><\/script>\n","protected":false},"excerpt":{"rendered":"<p>Det finns stora m\u00f6jligheter till ett personligt val av kista eller urna. Det kan handla om f\u00e4rg, form och utsmyckning men ocks\u00e5 om kvalitet p\u00e5 b\u00e4dd och inredning, val av material och grad av milj\u00f6anpassning. H\u00e4r nedan f\u00f6ljer ett urval av v\u00e5ra kistor och urnor.V\u00e5ra begravningsr\u00e5dgivare hj\u00e4lper dig att v\u00e4lja r\u00e4tt.<\/p>\n","protected":false},"author":1,"featured_media":0,"parent":364,"menu_order":0,"comment_status":"closed","ping_status":"closed","template":"","meta":{"_acf_changed":false,"footnotes":""},"class_list":["post-367","page","type-page","status-publish","hentry"],"acf":[],"_links":{"self":[{"href":"https:\/\/utveckling.timecutcloud.com\/kinds\/wp-json\/wp\/v2\/pages\/367","targetHints":{"allow":["GET"]}}],"collection":[{"href":"https:\/\/utveckling.timecutcloud.com\/kinds\/wp-json\/wp\/v2\/pages"}],"about":[{"href":"https:\/\/utveckling.timecutcloud.com\/kinds\/wp-json\/wp\/v2\/types\/page"}],"author":[{"embeddable":true,"href":"https:\/\/utveckling.timecutcloud.com\/kinds\/wp-json\/wp\/v2\/users\/1"}],"replies":[{"embeddable":true,"href":"https:\/\/utveckling.timecutcloud.com\/kinds\/wp-json\/wp\/v2\/comments?post=367"}],"version-history":[{"count":3,"href":"https:\/\/utveckling.timecutcloud.com\/kinds\/wp-json\/wp\/v2\/pages\/367\/revisions"}],"predecessor-version":[{"id":1023,"href":"https:\/\/utveckling.timecutcloud.com\/kinds\/wp-json\/wp\/v2\/pages\/367\/revisions\/1023"}],"up":[{"embeddable":true,"href":"https:\/\/utveckling.timecutcloud.com\/kinds\/wp-json\/wp\/v2\/pages\/364"}],"wp:attachment":[{"href":"https:\/\/utveckling.timecutcloud.com\/kinds\/wp-json\/wp\/v2\/media?parent=367"}],"curies":[{"name":"wp","href":"https:\/\/api.w.org\/{rel}","templated":true}]}}