{"id":369,"date":"2025-03-13T10:00:06","date_gmt":"2025-03-13T09:00:06","guid":{"rendered":"https:\/\/utveckling.timecutcloud.com\/kinds\/?page_id=369"},"modified":"2026-01-27T15:17:50","modified_gmt":"2026-01-27T14:17:50","slug":"dodsannons-och-minnesrum","status":"publish","type":"page","link":"https:\/\/utveckling.timecutcloud.com\/kinds\/ordna-begravning\/dodsannons-och-minnesrum\/","title":{"rendered":"D\u00f6dsannons och minnesrum"},"content":{"rendered":"\n<p>En av de f\u00f6rsta sakerna som ska ordnas \u00e4r en d\u00f6dsannons som vanligtvis publiceras i den lokala dagstidningen. Ett s\u00e4tt att f\u00e5 en st\u00f6rre spridning \u00e4r att publicera annonsen digitalt. H\u00e4r f\u00e5r du lite hj\u00e4lp p\u00e5 v\u00e4gen och kan dessutom se tidigare publicerade d\u00f6dsannonser:<\/p>\n\n\n\n\n\n<h4 class=\"wp-block-heading\">Symboler<\/h4>\n\n\n\n<p>H\u00e4r kan du titta p\u00e5 alla v\u00e5ra symboler<\/p>\n\n\n\n<p><a href=\"https:\/\/utveckling.timecutcloud.com\/kinds\/ordna-begravning-2\/dodsannons-och-minnesrum\/symboler\/\" data-type=\"page\" data-id=\"374\">Se v\u00e5ra symboler<\/a><\/p>\n\n\n\n<h4 class=\"wp-block-heading\">Familjesidan.se<\/h4>\n\n\n\n<p>Att underr\u00e4tta v\u00e4nner och sl\u00e4ktingar, \u00e4r en av de tunga och sv\u00e5ra plikterna man har n\u00e4r en anh\u00f6rig avlidit. Hur n\u00e5r man alla? Hur ska personer som inte n\u00e5s av lokaltidningens d\u00f6dsannons f\u00e5 veta vad som h\u00e4nt? <a href=\"http:\/\/familjesidan.se\" data-type=\"link\" data-id=\"familjesidan.se\" rel=\"noopener\">Genom att publicera annonsen p\u00e5\u00a0familjesidan.se<\/a>\u00a0ges alla m\u00f6jlighet att ta del av d\u00f6dsbudet, var de \u00e4n befinner sig i v\u00e4rlden.<\/p>\n\n\n\n<h4 class=\"wp-block-heading\">Publicerade d\u00f6dsannonser<\/h4>\n\n\n\n<p>H\u00e4r kan du se de senaste d\u00f6dsannonserna som publicerats vid de begravningar som vi har arrangerat.<\/p>\n\n\n\n<p><a href=\"https:\/\/utveckling.timecutcloud.com\/kinds\/begravningsgast\/dodsannonser\/\" data-type=\"page\" data-id=\"460\">V\u00e5ra d\u00f6dsannonser<\/a><\/p>\n\n\n","protected":false},"excerpt":{"rendered":"<p>En av de f\u00f6rsta sakerna som ska ordnas \u00e4r en d\u00f6dsannons som vanligtvis publiceras i den lokala dagstidningen. Ett s\u00e4tt att f\u00e5 en st\u00f6rre spridning \u00e4r att publicera annonsen digitalt. H\u00e4r f\u00e5r du lite hj\u00e4lp p\u00e5 v\u00e4gen och kan dessutom se tidigare publicerade d\u00f6dsannonser: Skapa d\u00f6dsannons H\u00e4r kan du sj\u00e4lv f\u00f6rbereda vad d\u00f6dsannonsen ska inneh\u00e5lla [&hellip;]<\/p>\n","protected":false},"author":1,"featured_media":0,"parent":857,"menu_order":2,"comment_status":"closed","ping_status":"closed","template":"","meta":{"_acf_changed":false,"footnotes":""},"class_list":["post-369","page","type-page","status-publish","hentry"],"acf":[],"_links":{"self":[{"href":"https:\/\/utveckling.timecutcloud.com\/kinds\/wp-json\/wp\/v2\/pages\/369","targetHints":{"allow":["GET"]}}],"collection":[{"href":"https:\/\/utveckling.timecutcloud.com\/kinds\/wp-json\/wp\/v2\/pages"}],"about":[{"href":"https:\/\/utveckling.timecutcloud.com\/kinds\/wp-json\/wp\/v2\/types\/page"}],"author":[{"embeddable":true,"href":"https:\/\/utveckling.timecutcloud.com\/kinds\/wp-json\/wp\/v2\/users\/1"}],"replies":[{"embeddable":true,"href":"https:\/\/utveckling.timecutcloud.com\/kinds\/wp-json\/wp\/v2\/comments?post=369"}],"version-history":[{"count":5,"href":"https:\/\/utveckling.timecutcloud.com\/kinds\/wp-json\/wp\/v2\/pages\/369\/revisions"}],"predecessor-version":[{"id":1237,"href":"https:\/\/utveckling.timecutcloud.com\/kinds\/wp-json\/wp\/v2\/pages\/369\/revisions\/1237"}],"up":[{"embeddable":true,"href":"https:\/\/utveckling.timecutcloud.com\/kinds\/wp-json\/wp\/v2\/pages\/857"}],"wp:attachment":[{"href":"https:\/\/utveckling.timecutcloud.com\/kinds\/wp-json\/wp\/v2\/media?parent=369"}],"curies":[{"name":"wp","href":"https:\/\/api.w.org\/{rel}","templated":true}]}}