{"id":374,"date":"2025-03-13T10:02:56","date_gmt":"2025-03-13T09:02:56","guid":{"rendered":"https:\/\/utveckling.timecutcloud.com\/kinds\/?page_id=374"},"modified":"2025-04-22T14:22:22","modified_gmt":"2025-04-22T12:22:22","slug":"symboler","status":"publish","type":"page","link":"https:\/\/utveckling.timecutcloud.com\/kinds\/ordna-begravning\/dodsannons-och-minnesrum\/symboler\/","title":{"rendered":"Symboler"},"content":{"rendered":"\n<p>I en d\u00f6dsannons, tackannons, webbannons, minnesrum kan vissa symboler anv\u00e4ndas f\u00f6r att uttrycka sorg, minne och hyllning till den som har g\u00e5tt bort.<br>Symboler kan anv\u00e4ndas ensamma eller tillsammans. Det \u00e4r viktigt att v\u00e4lja symboler som k\u00e4nns r\u00e4tt och som speglar den avlidnes personlighet och livsfilosofi.<\/p>\n\n\n\n<script src=\"https:\/\/taps-partnerweb.timecut.se\/pag\/script\/ecee7bb691b046d592fffc02f903dcec\" ><\/script>\n","protected":false},"excerpt":{"rendered":"<p>I en d\u00f6dsannons, tackannons, webbannons, minnesrum kan vissa symboler anv\u00e4ndas f\u00f6r att uttrycka sorg, minne och hyllning till den som har g\u00e5tt bort.Symboler kan anv\u00e4ndas ensamma eller tillsammans. Det \u00e4r viktigt att v\u00e4lja symboler som k\u00e4nns r\u00e4tt och som speglar den avlidnes personlighet och livsfilosofi.<\/p>\n","protected":false},"author":1,"featured_media":0,"parent":369,"menu_order":1,"comment_status":"closed","ping_status":"closed","template":"","meta":{"_acf_changed":false,"footnotes":""},"class_list":["post-374","page","type-page","status-publish","hentry"],"acf":[],"_links":{"self":[{"href":"https:\/\/utveckling.timecutcloud.com\/kinds\/wp-json\/wp\/v2\/pages\/374","targetHints":{"allow":["GET"]}}],"collection":[{"href":"https:\/\/utveckling.timecutcloud.com\/kinds\/wp-json\/wp\/v2\/pages"}],"about":[{"href":"https:\/\/utveckling.timecutcloud.com\/kinds\/wp-json\/wp\/v2\/types\/page"}],"author":[{"embeddable":true,"href":"https:\/\/utveckling.timecutcloud.com\/kinds\/wp-json\/wp\/v2\/users\/1"}],"replies":[{"embeddable":true,"href":"https:\/\/utveckling.timecutcloud.com\/kinds\/wp-json\/wp\/v2\/comments?post=374"}],"version-history":[{"count":2,"href":"https:\/\/utveckling.timecutcloud.com\/kinds\/wp-json\/wp\/v2\/pages\/374\/revisions"}],"predecessor-version":[{"id":959,"href":"https:\/\/utveckling.timecutcloud.com\/kinds\/wp-json\/wp\/v2\/pages\/374\/revisions\/959"}],"up":[{"embeddable":true,"href":"https:\/\/utveckling.timecutcloud.com\/kinds\/wp-json\/wp\/v2\/pages\/369"}],"wp:attachment":[{"href":"https:\/\/utveckling.timecutcloud.com\/kinds\/wp-json\/wp\/v2\/media?parent=374"}],"curies":[{"name":"wp","href":"https:\/\/api.w.org\/{rel}","templated":true}]}}