{"id":376,"date":"2025-03-13T10:03:56","date_gmt":"2025-03-13T09:03:56","guid":{"rendered":"https:\/\/utveckling.timecutcloud.com\/kinds\/?page_id=376"},"modified":"2025-04-22T14:22:05","modified_gmt":"2025-04-22T12:22:05","slug":"verser","status":"publish","type":"page","link":"https:\/\/utveckling.timecutcloud.com\/kinds\/ordna-begravning\/dodsannons-och-minnesrum\/verser\/","title":{"rendered":"Verser"},"content":{"rendered":"\n<p>Vackra verser och dikter kan vara en viktig del av en d\u00f6dsannons, tackannons, webbannons, minnesrum eftersom de hj\u00e4lper till att f\u00f6rmedla k\u00e4nslor av sorg, minne och hyllning till den som har g\u00e5tt bort. De kan ocks\u00e5 ge tr\u00f6st och st\u00f6d till de som \u00e4r kvar, s\u00e4rskilt om de har en personlig betydelse eller speglar den avlidnes livsfilosofi.<br>S\u00e5 i sammanfattning, vackra verser och dikter kan hj\u00e4lpa till att f\u00f6rmedla k\u00e4nslor, ge tr\u00f6st, bevara minnet och hylla den som har g\u00e5tt bort, och d\u00e4rf\u00f6r spela en viktig roll vid en d\u00f6dsannons.<\/p>\n\n\n\n<script src=\"https:\/\/taps-partnerweb.timecut.se\/pag\/script\/4c380eb7b3d541458f69d4729f75d178\" ><\/script>\n","protected":false},"excerpt":{"rendered":"<p>Vackra verser och dikter kan vara en viktig del av en d\u00f6dsannons, tackannons, webbannons, minnesrum eftersom de hj\u00e4lper till att f\u00f6rmedla k\u00e4nslor av sorg, minne och hyllning till den som har g\u00e5tt bort. De kan ocks\u00e5 ge tr\u00f6st och st\u00f6d till de som \u00e4r kvar, s\u00e4rskilt om de har en personlig betydelse eller speglar den [&hellip;]<\/p>\n","protected":false},"author":1,"featured_media":0,"parent":369,"menu_order":2,"comment_status":"closed","ping_status":"closed","template":"","meta":{"_acf_changed":false,"footnotes":""},"class_list":["post-376","page","type-page","status-publish","hentry"],"acf":[],"_links":{"self":[{"href":"https:\/\/utveckling.timecutcloud.com\/kinds\/wp-json\/wp\/v2\/pages\/376","targetHints":{"allow":["GET"]}}],"collection":[{"href":"https:\/\/utveckling.timecutcloud.com\/kinds\/wp-json\/wp\/v2\/pages"}],"about":[{"href":"https:\/\/utveckling.timecutcloud.com\/kinds\/wp-json\/wp\/v2\/types\/page"}],"author":[{"embeddable":true,"href":"https:\/\/utveckling.timecutcloud.com\/kinds\/wp-json\/wp\/v2\/users\/1"}],"replies":[{"embeddable":true,"href":"https:\/\/utveckling.timecutcloud.com\/kinds\/wp-json\/wp\/v2\/comments?post=376"}],"version-history":[{"count":2,"href":"https:\/\/utveckling.timecutcloud.com\/kinds\/wp-json\/wp\/v2\/pages\/376\/revisions"}],"predecessor-version":[{"id":958,"href":"https:\/\/utveckling.timecutcloud.com\/kinds\/wp-json\/wp\/v2\/pages\/376\/revisions\/958"}],"up":[{"embeddable":true,"href":"https:\/\/utveckling.timecutcloud.com\/kinds\/wp-json\/wp\/v2\/pages\/369"}],"wp:attachment":[{"href":"https:\/\/utveckling.timecutcloud.com\/kinds\/wp-json\/wp\/v2\/media?parent=376"}],"curies":[{"name":"wp","href":"https:\/\/api.w.org\/{rel}","templated":true}]}}