{"id":378,"date":"2025-03-13T10:14:19","date_gmt":"2025-03-13T09:14:19","guid":{"rendered":"https:\/\/utveckling.timecutcloud.com\/kinds\/?page_id=378"},"modified":"2026-01-08T08:57:09","modified_gmt":"2026-01-08T07:57:09","slug":"barnbegravning","status":"publish","type":"page","link":"https:\/\/utveckling.timecutcloud.com\/kinds\/barnbegravning\/","title":{"rendered":"Barnbegravning"},"content":{"rendered":"\n<div class=\"wp-block-columns wrapper-frontpage is-layout-flex wp-container-core-columns-is-layout-9d6595d7 wp-block-columns-is-layout-flex\">\n<div class=\"wp-block-column is-layout-flow wp-block-column-is-layout-flow\">\n<div class=\"wp-block-columns is-layout-flex wp-container-core-columns-is-layout-9d6595d7 wp-block-columns-is-layout-flex\">\n<div class=\"wp-block-column is-layout-flow wp-block-column-is-layout-flow\">\n<h2 class=\"wp-block-heading\">Vad h\u00e4nder n\u00e4r ett barn d\u00f6r<\/h2>\n\n\n\n<p>Ett viktigt steg i bearbetningen av sorgen \u00e4r att ta ett v\u00e4rdigt och vackert farv\u00e4l av sitt barn.Ett viktigt steg i bearbetningen av sorgen \u00e4r att ta ett v\u00e4rdigt och vackert farv\u00e4l av sitt barn.<\/p>\n\n\n\n<p><a href=\"https:\/\/utveckling.timecutcloud.com\/kinds\/barnbegravning\/nar-ett-barn-dor\/\" class=\"button\">L\u00e4s mer<span class=\"btn-arrow\"><\/span><\/a><\/p>\n<\/div>\n\n\n\n<div class=\"wp-block-column is-layout-flow wp-block-column-is-layout-flow\">\n<figure class=\"wp-block-image size-full\"><img loading=\"lazy\" decoding=\"async\" width=\"875\" height=\"710\" src=\"https:\/\/utveckling.timecutcloud.com\/kinds\/wp-content\/uploads\/2025\/04\/barn_puff_1-2.jpg\" alt=\"\" class=\"wp-image-840\" srcset=\"https:\/\/utveckling.timecutcloud.com\/kinds\/wp-content\/uploads\/2025\/04\/barn_puff_1-2.jpg 875w, https:\/\/utveckling.timecutcloud.com\/kinds\/wp-content\/uploads\/2025\/04\/barn_puff_1-2-300x243.jpg 300w, https:\/\/utveckling.timecutcloud.com\/kinds\/wp-content\/uploads\/2025\/04\/barn_puff_1-2-768x623.jpg 768w\" sizes=\"auto, (max-width: 875px) 100vw, 875px\" \/><\/figure>\n<\/div>\n<\/div>\n<\/div>\n<\/div>\n\n\n\n<div class=\"wp-block-columns wrapper-frontpage is-layout-flex wp-container-core-columns-is-layout-9d6595d7 wp-block-columns-is-layout-flex\">\n<div class=\"wp-block-column is-layout-flow wp-block-column-is-layout-flow\">\n<div class=\"wp-block-columns is-layout-flex wp-container-core-columns-is-layout-9d6595d7 wp-block-columns-is-layout-flex\">\n<div class=\"wp-block-column is-layout-flow wp-block-column-is-layout-flow\">\n<figure class=\"wp-block-image size-full\"><img loading=\"lazy\" decoding=\"async\" width=\"875\" height=\"710\" src=\"https:\/\/utveckling.timecutcloud.com\/kinds\/wp-content\/uploads\/2025\/04\/barn-puff-1-2.jpg\" alt=\"\" class=\"wp-image-842\" srcset=\"https:\/\/utveckling.timecutcloud.com\/kinds\/wp-content\/uploads\/2025\/04\/barn-puff-1-2.jpg 875w, https:\/\/utveckling.timecutcloud.com\/kinds\/wp-content\/uploads\/2025\/04\/barn-puff-1-2-300x243.jpg 300w, https:\/\/utveckling.timecutcloud.com\/kinds\/wp-content\/uploads\/2025\/04\/barn-puff-1-2-768x623.jpg 768w\" sizes=\"auto, (max-width: 875px) 100vw, 875px\" \/><\/figure>\n<\/div>\n\n\n\n<div class=\"wp-block-column is-layout-flow wp-block-column-is-layout-flow\">\n<h2 class=\"wp-block-heading\">Att planera en barnbegravning<\/h2>\n\n\n\n<p>Ett viktigt steg i bearbetningen av sorgen \u00e4r att ta ett v\u00e4rdigt och vackert farv\u00e4l av sitt barn.<\/p>\n\n\n\n<p><a href=\"https:\/\/utveckling.timecutcloud.com\/kinds\/barnbegravning\/att-planera-en-barnbegravning\/\" class=\"button\">L\u00e4s mer<span class=\"btn-arrow\"><\/span><\/a><\/p>\n<\/div>\n<\/div>\n<\/div>\n<\/div>\n\n\n\n<div class=\"wp-block-columns wrapper-frontpage is-layout-flex wp-container-core-columns-is-layout-9d6595d7 wp-block-columns-is-layout-flex\">\n<div class=\"wp-block-column is-layout-flow wp-block-column-is-layout-flow\">\n<div class=\"wp-block-columns is-layout-flex wp-container-core-columns-is-layout-9d6595d7 wp-block-columns-is-layout-flex\">\n<div class=\"wp-block-column is-layout-flow wp-block-column-is-layout-flow\">\n<h2 class=\"wp-block-heading\">P\u00e5 begravningsbyr\u00e5n<\/h2>\n\n\n\n<p>Ett viktigt steg i bearbetningen av sorgen \u00e4r att ta ett v\u00e4rdigt och vackert farv\u00e4l av sitt barn.Ett viktigt steg i bearbetningen av sorgen \u00e4r att ta ett v\u00e4rdigt och vackert farv\u00e4l av sitt barn.<\/p>\n\n\n\n<p><a href=\"https:\/\/utveckling.timecutcloud.com\/kinds\/barnbegravning\/pa-begravningsbyran-gar-vi-igenom-foljande\/\" class=\"button\">L\u00e4s mer<span class=\"btn-arrow\"><\/span><\/a><\/p>\n<\/div>\n\n\n\n<div class=\"wp-block-column is-layout-flow wp-block-column-is-layout-flow\">\n<figure class=\"wp-block-image size-full\"><img loading=\"lazy\" decoding=\"async\" width=\"875\" height=\"710\" src=\"https:\/\/utveckling.timecutcloud.com\/kinds\/wp-content\/uploads\/2025\/04\/barn-puff-2-2.jpg\" alt=\"\" class=\"wp-image-844\" srcset=\"https:\/\/utveckling.timecutcloud.com\/kinds\/wp-content\/uploads\/2025\/04\/barn-puff-2-2.jpg 875w, https:\/\/utveckling.timecutcloud.com\/kinds\/wp-content\/uploads\/2025\/04\/barn-puff-2-2-300x243.jpg 300w, https:\/\/utveckling.timecutcloud.com\/kinds\/wp-content\/uploads\/2025\/04\/barn-puff-2-2-768x623.jpg 768w\" sizes=\"auto, (max-width: 875px) 100vw, 875px\" \/><\/figure>\n<\/div>\n<\/div>\n<\/div>\n<\/div>\n\n\n\n<div class=\"wp-block-columns wrapper-frontpage is-layout-flex wp-container-core-columns-is-layout-9d6595d7 wp-block-columns-is-layout-flex\">\n<div class=\"wp-block-column is-layout-flow wp-block-column-is-layout-flow\">\n<div class=\"wp-block-columns is-layout-flex wp-container-core-columns-is-layout-9d6595d7 wp-block-columns-is-layout-flex\">\n<div class=\"wp-block-column is-layout-flow wp-block-column-is-layout-flow\">\n<figure class=\"wp-block-image size-full\"><img loading=\"lazy\" decoding=\"async\" width=\"875\" height=\"710\" src=\"https:\/\/utveckling.timecutcloud.com\/kinds\/wp-content\/uploads\/2025\/04\/barn_puff_4-2.jpg\" alt=\"\" class=\"wp-image-846\" srcset=\"https:\/\/utveckling.timecutcloud.com\/kinds\/wp-content\/uploads\/2025\/04\/barn_puff_4-2.jpg 875w, https:\/\/utveckling.timecutcloud.com\/kinds\/wp-content\/uploads\/2025\/04\/barn_puff_4-2-300x243.jpg 300w, https:\/\/utveckling.timecutcloud.com\/kinds\/wp-content\/uploads\/2025\/04\/barn_puff_4-2-768x623.jpg 768w\" sizes=\"auto, (max-width: 875px) 100vw, 875px\" \/><\/figure>\n<\/div>\n\n\n\n<div class=\"wp-block-column is-layout-flow wp-block-column-is-layout-flow\">\n<h2 class=\"wp-block-heading\">F\u00f6rs\u00e4kringar och ekonomisk hj\u00e4lp<\/h2>\n\n\n\n<p>Ett viktigt steg i bearbetningen av sorgen \u00e4r att ta ett v\u00e4rdigt och vackert farv\u00e4l av sitt barn.Ett viktigt steg i bearbetningen av sorgen \u00e4r att ta ett v\u00e4rdigt och vackert farv\u00e4l av sitt barn.<\/p>\n\n\n\n<p><a href=\"https:\/\/utveckling.timecutcloud.com\/kinds\/barnbegravning\/forsakringar-och-ekonomisk-hjalp\/\" class=\"button\">L\u00e4s mer<span class=\"btn-arrow\"><\/span><\/a><\/p>\n<\/div>\n<\/div>\n<\/div>\n<\/div>\n\n\n\n<div class=\"wp-block-columns wrapper-frontpage is-layout-flex wp-container-core-columns-is-layout-9d6595d7 wp-block-columns-is-layout-flex\">\n<div class=\"wp-block-column is-layout-flow wp-block-column-is-layout-flow\">\n<div class=\"wp-block-columns is-layout-flex wp-container-core-columns-is-layout-9d6595d7 wp-block-columns-is-layout-flex\">\n<div class=\"wp-block-column is-layout-flow wp-block-column-is-layout-flow\">\n<h2 class=\"wp-block-heading\">Best\u00e4lla gravsten<\/h2>\n\n\n\n<p>Ett viktigt steg i bearbetningen av sorgen \u00e4r att ta ett v\u00e4rdigt och vackert farv\u00e4l av sitt barn.Ett viktigt steg i bearbetningen av sorgen \u00e4r att ta ett v\u00e4rdigt och vackert farv\u00e4l av sitt barn.<\/p>\n\n\n\n<p><a href=\"https:\/\/utveckling.timecutcloud.com\/kinds\/barnbegravning\/bestalla-gravsten\/\" class=\"button\">L\u00e4s mer<span class=\"btn-arrow\"><\/span><\/a><\/p>\n<\/div>\n\n\n\n<div class=\"wp-block-column is-layout-flow wp-block-column-is-layout-flow\">\n<figure class=\"wp-block-image size-full\"><img loading=\"lazy\" decoding=\"async\" width=\"875\" height=\"710\" src=\"https:\/\/utveckling.timecutcloud.com\/kinds\/wp-content\/uploads\/2025\/04\/barn_puff-8-1.jpg\" alt=\"\" class=\"wp-image-847\" srcset=\"https:\/\/utveckling.timecutcloud.com\/kinds\/wp-content\/uploads\/2025\/04\/barn_puff-8-1.jpg 875w, https:\/\/utveckling.timecutcloud.com\/kinds\/wp-content\/uploads\/2025\/04\/barn_puff-8-1-300x243.jpg 300w, https:\/\/utveckling.timecutcloud.com\/kinds\/wp-content\/uploads\/2025\/04\/barn_puff-8-1-768x623.jpg 768w\" sizes=\"auto, (max-width: 875px) 100vw, 875px\" \/><\/figure>\n<\/div>\n<\/div>\n<\/div>\n<\/div>\n\n\n\n<div class=\"wp-block-columns wrapper-frontpage is-layout-flex wp-container-core-columns-is-layout-9d6595d7 wp-block-columns-is-layout-flex\">\n<div class=\"wp-block-column is-layout-flow wp-block-column-is-layout-flow\">\n<div class=\"wp-block-columns is-layout-flex wp-container-core-columns-is-layout-9d6595d7 wp-block-columns-is-layout-flex\">\n<div class=\"wp-block-column is-layout-flow wp-block-column-is-layout-flow\">\n<figure class=\"wp-block-image size-full\"><img loading=\"lazy\" decoding=\"async\" width=\"875\" height=\"710\" src=\"https:\/\/utveckling.timecutcloud.com\/kinds\/wp-content\/uploads\/2025\/04\/barn_puff-1.jpg\" alt=\"\" class=\"wp-image-849\" srcset=\"https:\/\/utveckling.timecutcloud.com\/kinds\/wp-content\/uploads\/2025\/04\/barn_puff-1.jpg 875w, https:\/\/utveckling.timecutcloud.com\/kinds\/wp-content\/uploads\/2025\/04\/barn_puff-1-300x243.jpg 300w, https:\/\/utveckling.timecutcloud.com\/kinds\/wp-content\/uploads\/2025\/04\/barn_puff-1-768x623.jpg 768w\" sizes=\"auto, (max-width: 875px) 100vw, 875px\" \/><\/figure>\n<\/div>\n\n\n\n<div class=\"wp-block-column is-layout-flow wp-block-column-is-layout-flow\">\n<h2 class=\"wp-block-heading\">Min farfar och lammen<\/h2>\n\n\n\n<p>Ett viktigt steg i bearbetningen av sorgen \u00e4r att ta ett v\u00e4rdigt och vackert farv\u00e4l av sitt barn.Ett viktigt steg i bearbetningen av sorgen \u00e4r att ta ett v\u00e4rdigt och vackert farv\u00e4l av sitt barn.<\/p>\n\n\n\n<p><a href=\"https:\/\/utveckling.timecutcloud.com\/kinds\/barnbegravning\/min-farfar-och-lammen\/\" class=\"button\">L\u00e4s mer<span class=\"btn-arrow\"><\/span><\/a><\/p>\n<\/div>\n<\/div>\n<\/div>\n<\/div>\n\n\n\n<div class=\"wp-block-columns wrapper-frontpage is-layout-flex wp-container-core-columns-is-layout-9d6595d7 wp-block-columns-is-layout-flex\">\n<div class=\"wp-block-column is-layout-flow wp-block-column-is-layout-flow\">\n<div class=\"wp-block-columns is-layout-flex wp-container-core-columns-is-layout-9d6595d7 wp-block-columns-is-layout-flex\">\n<div class=\"wp-block-column is-layout-flow wp-block-column-is-layout-flow\">\n<h2 class=\"wp-block-heading\">Kistor, urnor och barngravvas<\/h2>\n\n\n\n<p>Ett viktigt steg i bearbetningen av sorgen \u00e4r att ta ett v\u00e4rdigt och vackert farv\u00e4l av sitt barn.<\/p>\n\n\n\n<p><a href=\"#\" class=\"button\">L\u00e4s mer<span class=\"btn-arrow\"><\/span><\/a><\/p>\n<\/div>\n\n\n\n<div class=\"wp-block-column is-layout-flow wp-block-column-is-layout-flow\">\n<figure class=\"wp-block-image size-full\"><img loading=\"lazy\" decoding=\"async\" width=\"875\" height=\"610\" src=\"https:\/\/utveckling.timecutcloud.com\/kinds\/wp-content\/uploads\/2025\/03\/temp1-1.jpg\" alt=\"\" class=\"wp-image-618\" srcset=\"https:\/\/utveckling.timecutcloud.com\/kinds\/wp-content\/uploads\/2025\/03\/temp1-1.jpg 875w, https:\/\/utveckling.timecutcloud.com\/kinds\/wp-content\/uploads\/2025\/03\/temp1-1-300x209.jpg 300w, https:\/\/utveckling.timecutcloud.com\/kinds\/wp-content\/uploads\/2025\/03\/temp1-1-768x535.jpg 768w\" sizes=\"auto, (max-width: 875px) 100vw, 875px\" \/><\/figure>\n<\/div>\n<\/div>\n<\/div>\n<\/div>\n\n\n\n<div class=\"wp-block-columns wrapper-frontpage is-layout-flex wp-container-core-columns-is-layout-9d6595d7 wp-block-columns-is-layout-flex\">\n<div class=\"wp-block-column is-layout-flow wp-block-column-is-layout-flow\">\n<div class=\"wp-block-columns is-layout-flex wp-container-core-columns-is-layout-9d6595d7 wp-block-columns-is-layout-flex\">\n<div class=\"wp-block-column is-layout-flow wp-block-column-is-layout-flow\">\n<figure class=\"wp-block-image size-full\"><img loading=\"lazy\" decoding=\"async\" width=\"875\" height=\"710\" src=\"https:\/\/utveckling.timecutcloud.com\/kinds\/wp-content\/uploads\/2025\/04\/barn_puff_7-2.jpg\" alt=\"\" class=\"wp-image-850\" srcset=\"https:\/\/utveckling.timecutcloud.com\/kinds\/wp-content\/uploads\/2025\/04\/barn_puff_7-2.jpg 875w, https:\/\/utveckling.timecutcloud.com\/kinds\/wp-content\/uploads\/2025\/04\/barn_puff_7-2-300x243.jpg 300w, https:\/\/utveckling.timecutcloud.com\/kinds\/wp-content\/uploads\/2025\/04\/barn_puff_7-2-768x623.jpg 768w\" sizes=\"auto, (max-width: 875px) 100vw, 875px\" \/><\/figure>\n<\/div>\n\n\n\n<div class=\"wp-block-column is-layout-flow wp-block-column-is-layout-flow\">\n<h2 class=\"wp-block-heading\">Hj\u00e4lp familjen i deras sorg<\/h2>\n\n\n\n<p>Ett viktigt steg i bearbetningen av sorgen \u00e4r att ta ett v\u00e4rdigt och vackert farv\u00e4l av sitt barn.Ett viktigt steg i bearbetningen av sorgen \u00e4r att ta ett v\u00e4rdigt och vackert farv\u00e4l av sitt barn.<\/p>\n\n\n\n<p><a href=\"https:\/\/utveckling.timecutcloud.com\/kinds\/barnbegravning\/hjalp-familjen-i-deras-sorg\/\" class=\"button\">L\u00e4s mer<span class=\"btn-arrow\"><\/span><\/a><\/p>\n<\/div>\n<\/div>\n<\/div>\n<\/div>\n\n\n\n<div class=\"wp-block-columns is-layout-flex wp-container-core-columns-is-layout-9d6595d7 wp-block-columns-is-layout-flex\">\n<div class=\"wp-block-column is-vertically-aligned-center is-layout-flow wp-block-column-is-layout-flow\" style=\"flex-basis:100%\"><div class=\"wp-block-image\">\n<figure class=\"alignleft size-large is-resized\"><img loading=\"lazy\" decoding=\"async\" width=\"1024\" height=\"843\" src=\"https:\/\/utveckling.timecutcloud.com\/kinds\/wp-content\/uploads\/2025\/03\/minstoradag-1024x843.png\" alt=\"\" class=\"wp-image-400\" style=\"width:136px;height:auto\" srcset=\"https:\/\/utveckling.timecutcloud.com\/kinds\/wp-content\/uploads\/2025\/03\/minstoradag-1024x843.png 1024w, https:\/\/utveckling.timecutcloud.com\/kinds\/wp-content\/uploads\/2025\/03\/minstoradag-300x247.png 300w, https:\/\/utveckling.timecutcloud.com\/kinds\/wp-content\/uploads\/2025\/03\/minstoradag-768x632.png 768w, https:\/\/utveckling.timecutcloud.com\/kinds\/wp-content\/uploads\/2025\/03\/minstoradag.png 1200w\" sizes=\"auto, (max-width: 1024px) 100vw, 1024px\" \/><\/figure>\n<\/div>\n\n<div class=\"wp-block-image\">\n<figure class=\"alignleft size-full is-resized\"><img loading=\"lazy\" decoding=\"async\" width=\"500\" height=\"277\" src=\"https:\/\/utveckling.timecutcloud.com\/kinds\/wp-content\/uploads\/2025\/03\/VSFB-logo-text-2r-500.png\" alt=\"\" class=\"wp-image-631\" style=\"width:128px;height:auto\" srcset=\"https:\/\/utveckling.timecutcloud.com\/kinds\/wp-content\/uploads\/2025\/03\/VSFB-logo-text-2r-500.png 500w, https:\/\/utveckling.timecutcloud.com\/kinds\/wp-content\/uploads\/2025\/03\/VSFB-logo-text-2r-500-300x166.png 300w\" sizes=\"auto, (max-width: 500px) 100vw, 500px\" \/><\/figure>\n<\/div>\n\n<div class=\"wp-block-image\">\n<figure class=\"alignleft size-full is-resized\"><img loading=\"lazy\" decoding=\"async\" width=\"591\" height=\"423\" src=\"https:\/\/utveckling.timecutcloud.com\/kinds\/wp-content\/uploads\/2025\/03\/sbf_final_logo_small.png\" alt=\"\" class=\"wp-image-632\" style=\"width:201px;height:auto\" srcset=\"https:\/\/utveckling.timecutcloud.com\/kinds\/wp-content\/uploads\/2025\/03\/sbf_final_logo_small.png 591w, https:\/\/utveckling.timecutcloud.com\/kinds\/wp-content\/uploads\/2025\/03\/sbf_final_logo_small-300x215.png 300w\" sizes=\"auto, (max-width: 591px) 100vw, 591px\" \/><\/figure>\n<\/div><\/div>\n<\/div>\n","protected":false},"excerpt":{"rendered":"<p>Vad h\u00e4nder n\u00e4r ett barn d\u00f6r Ett viktigt steg i bearbetningen av sorgen \u00e4r att ta ett v\u00e4rdigt och vackert farv\u00e4l av sitt barn.Ett viktigt steg i bearbetningen av sorgen \u00e4r att ta ett v\u00e4rdigt och vackert farv\u00e4l av sitt barn. L\u00e4s mer Att planera en barnbegravning Ett viktigt steg i bearbetningen av sorgen \u00e4r [&hellip;]<\/p>\n","protected":false},"author":1,"featured_media":0,"parent":0,"menu_order":4,"comment_status":"closed","ping_status":"closed","template":"page-parent.php","meta":{"_acf_changed":false,"footnotes":""},"class_list":["post-378","page","type-page","status-publish","hentry"],"acf":[],"_links":{"self":[{"href":"https:\/\/utveckling.timecutcloud.com\/kinds\/wp-json\/wp\/v2\/pages\/378","targetHints":{"allow":["GET"]}}],"collection":[{"href":"https:\/\/utveckling.timecutcloud.com\/kinds\/wp-json\/wp\/v2\/pages"}],"about":[{"href":"https:\/\/utveckling.timecutcloud.com\/kinds\/wp-json\/wp\/v2\/types\/page"}],"author":[{"embeddable":true,"href":"https:\/\/utveckling.timecutcloud.com\/kinds\/wp-json\/wp\/v2\/users\/1"}],"replies":[{"embeddable":true,"href":"https:\/\/utveckling.timecutcloud.com\/kinds\/wp-json\/wp\/v2\/comments?post=378"}],"version-history":[{"count":61,"href":"https:\/\/utveckling.timecutcloud.com\/kinds\/wp-json\/wp\/v2\/pages\/378\/revisions"}],"predecessor-version":[{"id":1116,"href":"https:\/\/utveckling.timecutcloud.com\/kinds\/wp-json\/wp\/v2\/pages\/378\/revisions\/1116"}],"wp:attachment":[{"href":"https:\/\/utveckling.timecutcloud.com\/kinds\/wp-json\/wp\/v2\/media?parent=378"}],"curies":[{"name":"wp","href":"https:\/\/api.w.org\/{rel}","templated":true}]}}