{"id":379,"date":"2025-03-13T10:05:15","date_gmt":"2025-03-13T09:05:15","guid":{"rendered":"https:\/\/utveckling.timecutcloud.com\/kinds\/?page_id=379"},"modified":"2026-01-27T15:07:20","modified_gmt":"2026-01-27T14:07:20","slug":"blommor-och-dekorationer","status":"publish","type":"page","link":"https:\/\/utveckling.timecutcloud.com\/kinds\/ordna-begravning\/musik-vid-begravningen\/blommor-och-dekorationer\/","title":{"rendered":"Blommor och dekorationer"},"content":{"rendered":"\n<p><br>Sorgarrangemanget \u00e4r en viktig del i arrangemanget kring en begravning. Den utg\u00f6r ett stort blickf\u00e5ng och avg\u00f6r vilket totalintryck man skall f\u00e5 av kyrkorummet. M\u00e5let \u00e4r att ceremonin ska bevaras som ett ljust minne hos de anh\u00f6riga. \u00c4ven om det finns m\u00e5nga traditioner kring sorgarrangemangen s\u00e5 har det numera utvecklats p\u00e5 samma s\u00e4tt som tidiningarnas d\u00f6dsannonser och blivit mycket mer personliga och fria.<\/p>\n\n\n\n<p>Varje begravningsceremoni \u00e4r unik och tillsammans mer er planerar vi vilket blomsterarrangemang som passar.<\/p>\n\n\n\n<div style=\"height:40px\" aria-hidden=\"true\" class=\"wp-block-spacer\"><\/div>\n\n\n\n<div class=\"wp-block-group\"><div class=\"wp-block-group__inner-container is-layout-constrained wp-block-group-is-layout-constrained\">\n<h2 class=\"wp-block-heading\">Klassiska dekorationer<\/h2>\n\n\n\n<p>H\u00e4r nedan kan du se ett urval av v\u00e5ra klassiska dekorationer.<\/p>\n\n\n\n<figure class=\"wp-block-gallery has-nested-images columns-3 is-cropped wp-block-gallery-1 is-layout-flex wp-block-gallery-is-layout-flex\">\n<figure class=\"wp-block-image size-large\"><img loading=\"lazy\" decoding=\"async\" width=\"1024\" height=\"1024\" data-id=\"1199\" src=\"https:\/\/utveckling.timecutcloud.com\/kinds\/wp-content\/uploads\/2026\/01\/Kinds5559-kopiera-1024x1024.jpg\" alt=\"\" class=\"wp-image-1199\" srcset=\"https:\/\/utveckling.timecutcloud.com\/kinds\/wp-content\/uploads\/2026\/01\/Kinds5559-kopiera-1024x1024.jpg 1024w, https:\/\/utveckling.timecutcloud.com\/kinds\/wp-content\/uploads\/2026\/01\/Kinds5559-kopiera-300x300.jpg 300w, https:\/\/utveckling.timecutcloud.com\/kinds\/wp-content\/uploads\/2026\/01\/Kinds5559-kopiera-150x150.jpg 150w, https:\/\/utveckling.timecutcloud.com\/kinds\/wp-content\/uploads\/2026\/01\/Kinds5559-kopiera-768x768.jpg 768w, https:\/\/utveckling.timecutcloud.com\/kinds\/wp-content\/uploads\/2026\/01\/Kinds5559-kopiera-1536x1536.jpg 1536w, https:\/\/utveckling.timecutcloud.com\/kinds\/wp-content\/uploads\/2026\/01\/Kinds5559-kopiera.jpg 1890w\" sizes=\"auto, (max-width: 1024px) 100vw, 1024px\" \/><\/figure>\n\n\n\n<figure class=\"wp-block-image size-large\"><img loading=\"lazy\" decoding=\"async\" width=\"768\" height=\"768\" data-id=\"1200\" src=\"https:\/\/utveckling.timecutcloud.com\/kinds\/wp-content\/uploads\/2026\/01\/Kinds5587.jpg\" alt=\"\" class=\"wp-image-1200\" srcset=\"https:\/\/utveckling.timecutcloud.com\/kinds\/wp-content\/uploads\/2026\/01\/Kinds5587.jpg 768w, https:\/\/utveckling.timecutcloud.com\/kinds\/wp-content\/uploads\/2026\/01\/Kinds5587-300x300.jpg 300w, https:\/\/utveckling.timecutcloud.com\/kinds\/wp-content\/uploads\/2026\/01\/Kinds5587-150x150.jpg 150w\" sizes=\"auto, (max-width: 768px) 100vw, 768px\" \/><\/figure>\n\n\n\n<figure class=\"wp-block-image size-large\"><img loading=\"lazy\" decoding=\"async\" width=\"768\" height=\"768\" data-id=\"1203\" src=\"https:\/\/utveckling.timecutcloud.com\/kinds\/wp-content\/uploads\/2026\/01\/Kinds5600.jpg\" alt=\"\" class=\"wp-image-1203\" srcset=\"https:\/\/utveckling.timecutcloud.com\/kinds\/wp-content\/uploads\/2026\/01\/Kinds5600.jpg 768w, https:\/\/utveckling.timecutcloud.com\/kinds\/wp-content\/uploads\/2026\/01\/Kinds5600-300x300.jpg 300w, https:\/\/utveckling.timecutcloud.com\/kinds\/wp-content\/uploads\/2026\/01\/Kinds5600-150x150.jpg 150w\" sizes=\"auto, (max-width: 768px) 100vw, 768px\" \/><\/figure>\n\n\n\n<figure class=\"wp-block-image size-large\"><img loading=\"lazy\" decoding=\"async\" width=\"768\" height=\"768\" data-id=\"1201\" src=\"https:\/\/utveckling.timecutcloud.com\/kinds\/wp-content\/uploads\/2026\/01\/Kinds5658.jpg\" alt=\"\" class=\"wp-image-1201\" srcset=\"https:\/\/utveckling.timecutcloud.com\/kinds\/wp-content\/uploads\/2026\/01\/Kinds5658.jpg 768w, https:\/\/utveckling.timecutcloud.com\/kinds\/wp-content\/uploads\/2026\/01\/Kinds5658-300x300.jpg 300w, https:\/\/utveckling.timecutcloud.com\/kinds\/wp-content\/uploads\/2026\/01\/Kinds5658-150x150.jpg 150w\" sizes=\"auto, (max-width: 768px) 100vw, 768px\" \/><\/figure>\n\n\n\n<figure class=\"wp-block-image size-large\"><img loading=\"lazy\" decoding=\"async\" width=\"768\" height=\"768\" data-id=\"1202\" src=\"https:\/\/utveckling.timecutcloud.com\/kinds\/wp-content\/uploads\/2026\/01\/Kinds5668.jpg\" alt=\"\" class=\"wp-image-1202\" srcset=\"https:\/\/utveckling.timecutcloud.com\/kinds\/wp-content\/uploads\/2026\/01\/Kinds5668.jpg 768w, https:\/\/utveckling.timecutcloud.com\/kinds\/wp-content\/uploads\/2026\/01\/Kinds5668-300x300.jpg 300w, https:\/\/utveckling.timecutcloud.com\/kinds\/wp-content\/uploads\/2026\/01\/Kinds5668-150x150.jpg 150w\" sizes=\"auto, (max-width: 768px) 100vw, 768px\" \/><\/figure>\n\n\n\n<figure class=\"wp-block-image size-large\"><img loading=\"lazy\" decoding=\"async\" width=\"1024\" height=\"683\" data-id=\"1204\" src=\"https:\/\/utveckling.timecutcloud.com\/kinds\/wp-content\/uploads\/2026\/01\/Kinds5674.jpg\" alt=\"\" class=\"wp-image-1204\" srcset=\"https:\/\/utveckling.timecutcloud.com\/kinds\/wp-content\/uploads\/2026\/01\/Kinds5674.jpg 1024w, https:\/\/utveckling.timecutcloud.com\/kinds\/wp-content\/uploads\/2026\/01\/Kinds5674-300x200.jpg 300w, https:\/\/utveckling.timecutcloud.com\/kinds\/wp-content\/uploads\/2026\/01\/Kinds5674-768x512.jpg 768w\" sizes=\"auto, (max-width: 1024px) 100vw, 1024px\" \/><\/figure>\n<\/figure>\n<\/div><\/div>\n\n\n\n<div class=\"wp-block-group\"><div class=\"wp-block-group__inner-container is-layout-constrained wp-block-group-is-layout-constrained\">\n<div class=\"wp-block-group\"><div class=\"wp-block-group__inner-container is-layout-constrained wp-block-group-is-layout-constrained\">\n<div style=\"height:40px\" aria-hidden=\"true\" class=\"wp-block-spacer\"><\/div>\n\n\n\n<h2 class=\"wp-block-heading\">Exklusiva dekorationer<\/h2>\n\n\n\n<p>H\u00e4r nedan kan du se ett urval av v\u00e5ra exklusiva dekorationer.<\/p>\n<\/div><\/div>\n\n\n\n<figure class=\"wp-block-gallery has-nested-images columns-default is-cropped wp-block-gallery-2 is-layout-flex wp-block-gallery-is-layout-flex\">\n<figure class=\"wp-block-image size-large\"><img loading=\"lazy\" decoding=\"async\" width=\"768\" height=\"768\" data-id=\"1211\" src=\"https:\/\/utveckling.timecutcloud.com\/kinds\/wp-content\/uploads\/2026\/01\/Kinds5575.jpg\" alt=\"\" class=\"wp-image-1211\" srcset=\"https:\/\/utveckling.timecutcloud.com\/kinds\/wp-content\/uploads\/2026\/01\/Kinds5575.jpg 768w, https:\/\/utveckling.timecutcloud.com\/kinds\/wp-content\/uploads\/2026\/01\/Kinds5575-300x300.jpg 300w, https:\/\/utveckling.timecutcloud.com\/kinds\/wp-content\/uploads\/2026\/01\/Kinds5575-150x150.jpg 150w\" sizes=\"auto, (max-width: 768px) 100vw, 768px\" \/><\/figure>\n\n\n\n<figure class=\"wp-block-image size-large\"><img loading=\"lazy\" decoding=\"async\" width=\"768\" height=\"768\" data-id=\"1212\" src=\"https:\/\/utveckling.timecutcloud.com\/kinds\/wp-content\/uploads\/2026\/01\/Kinds5589.jpg\" alt=\"\" class=\"wp-image-1212\" srcset=\"https:\/\/utveckling.timecutcloud.com\/kinds\/wp-content\/uploads\/2026\/01\/Kinds5589.jpg 768w, https:\/\/utveckling.timecutcloud.com\/kinds\/wp-content\/uploads\/2026\/01\/Kinds5589-300x300.jpg 300w, https:\/\/utveckling.timecutcloud.com\/kinds\/wp-content\/uploads\/2026\/01\/Kinds5589-150x150.jpg 150w\" sizes=\"auto, (max-width: 768px) 100vw, 768px\" \/><\/figure>\n\n\n\n<figure class=\"wp-block-image size-large\"><img loading=\"lazy\" decoding=\"async\" width=\"768\" height=\"768\" data-id=\"1213\" src=\"https:\/\/utveckling.timecutcloud.com\/kinds\/wp-content\/uploads\/2026\/01\/Kinds5597.jpg\" alt=\"\" class=\"wp-image-1213\" srcset=\"https:\/\/utveckling.timecutcloud.com\/kinds\/wp-content\/uploads\/2026\/01\/Kinds5597.jpg 768w, https:\/\/utveckling.timecutcloud.com\/kinds\/wp-content\/uploads\/2026\/01\/Kinds5597-300x300.jpg 300w, https:\/\/utveckling.timecutcloud.com\/kinds\/wp-content\/uploads\/2026\/01\/Kinds5597-150x150.jpg 150w\" sizes=\"auto, (max-width: 768px) 100vw, 768px\" \/><\/figure>\n\n\n\n<figure class=\"wp-block-image size-large\"><img loading=\"lazy\" decoding=\"async\" width=\"1024\" height=\"683\" data-id=\"1210\" src=\"https:\/\/utveckling.timecutcloud.com\/kinds\/wp-content\/uploads\/2026\/01\/Kinds5679.jpg\" alt=\"\" class=\"wp-image-1210\" srcset=\"https:\/\/utveckling.timecutcloud.com\/kinds\/wp-content\/uploads\/2026\/01\/Kinds5679.jpg 1024w, https:\/\/utveckling.timecutcloud.com\/kinds\/wp-content\/uploads\/2026\/01\/Kinds5679-300x200.jpg 300w, https:\/\/utveckling.timecutcloud.com\/kinds\/wp-content\/uploads\/2026\/01\/Kinds5679-768x512.jpg 768w\" sizes=\"auto, (max-width: 1024px) 100vw, 1024px\" \/><\/figure>\n\n\n\n<figure class=\"wp-block-image size-large\"><img loading=\"lazy\" decoding=\"async\" width=\"768\" height=\"768\" data-id=\"1209\" src=\"https:\/\/utveckling.timecutcloud.com\/kinds\/wp-content\/uploads\/2026\/01\/Kinds5681.jpg\" alt=\"\" class=\"wp-image-1209\" srcset=\"https:\/\/utveckling.timecutcloud.com\/kinds\/wp-content\/uploads\/2026\/01\/Kinds5681.jpg 768w, https:\/\/utveckling.timecutcloud.com\/kinds\/wp-content\/uploads\/2026\/01\/Kinds5681-300x300.jpg 300w, https:\/\/utveckling.timecutcloud.com\/kinds\/wp-content\/uploads\/2026\/01\/Kinds5681-150x150.jpg 150w\" sizes=\"auto, (max-width: 768px) 100vw, 768px\" \/><\/figure>\n\n\n\n<figure class=\"wp-block-image size-large\"><img loading=\"lazy\" decoding=\"async\" width=\"576\" height=\"768\" data-id=\"1214\" src=\"https:\/\/utveckling.timecutcloud.com\/kinds\/wp-content\/uploads\/2026\/01\/Kinds5687.jpg\" alt=\"\" class=\"wp-image-1214\" srcset=\"https:\/\/utveckling.timecutcloud.com\/kinds\/wp-content\/uploads\/2026\/01\/Kinds5687.jpg 576w, https:\/\/utveckling.timecutcloud.com\/kinds\/wp-content\/uploads\/2026\/01\/Kinds5687-225x300.jpg 225w\" sizes=\"auto, (max-width: 576px) 100vw, 576px\" \/><\/figure>\n<\/figure>\n<\/div><\/div>\n\n\n\n<div style=\"height:40px\" aria-hidden=\"true\" class=\"wp-block-spacer\"><\/div>\n\n\n\n<div class=\"wp-block-group\"><div class=\"wp-block-group__inner-container is-layout-constrained wp-block-group-is-layout-constrained\">\n<div class=\"wp-block-group\"><div class=\"wp-block-group__inner-container is-layout-constrained wp-block-group-is-layout-constrained\">\n<h2 class=\"wp-block-heading\">Enkla dekorationer<\/h2>\n\n\n\n<p>H\u00e4r nedan kan du se ett urval av v\u00e5ra enkla dekorationer.<\/p>\n<\/div><\/div>\n\n\n\n<figure class=\"wp-block-gallery has-nested-images columns-default is-cropped wp-block-gallery-3 is-layout-flex wp-block-gallery-is-layout-flex\">\n<figure class=\"wp-block-image size-full\"><img loading=\"lazy\" decoding=\"async\" width=\"768\" height=\"768\" data-id=\"1217\" src=\"https:\/\/utveckling.timecutcloud.com\/kinds\/wp-content\/uploads\/2026\/01\/Kinds5566.jpg\" alt=\"\" class=\"wp-image-1217\" srcset=\"https:\/\/utveckling.timecutcloud.com\/kinds\/wp-content\/uploads\/2026\/01\/Kinds5566.jpg 768w, https:\/\/utveckling.timecutcloud.com\/kinds\/wp-content\/uploads\/2026\/01\/Kinds5566-300x300.jpg 300w, https:\/\/utveckling.timecutcloud.com\/kinds\/wp-content\/uploads\/2026\/01\/Kinds5566-150x150.jpg 150w\" sizes=\"auto, (max-width: 768px) 100vw, 768px\" \/><\/figure>\n\n\n\n<figure class=\"wp-block-image size-large\"><img loading=\"lazy\" decoding=\"async\" width=\"768\" height=\"768\" data-id=\"1218\" src=\"https:\/\/utveckling.timecutcloud.com\/kinds\/wp-content\/uploads\/2026\/01\/Kinds5581.jpg\" alt=\"\" class=\"wp-image-1218\" srcset=\"https:\/\/utveckling.timecutcloud.com\/kinds\/wp-content\/uploads\/2026\/01\/Kinds5581.jpg 768w, https:\/\/utveckling.timecutcloud.com\/kinds\/wp-content\/uploads\/2026\/01\/Kinds5581-300x300.jpg 300w, https:\/\/utveckling.timecutcloud.com\/kinds\/wp-content\/uploads\/2026\/01\/Kinds5581-150x150.jpg 150w\" sizes=\"auto, (max-width: 768px) 100vw, 768px\" \/><\/figure>\n\n\n\n<figure class=\"wp-block-image size-large\"><img loading=\"lazy\" decoding=\"async\" width=\"768\" height=\"768\" data-id=\"1219\" src=\"https:\/\/utveckling.timecutcloud.com\/kinds\/wp-content\/uploads\/2026\/01\/Kinds5593.jpg\" alt=\"\" class=\"wp-image-1219\" srcset=\"https:\/\/utveckling.timecutcloud.com\/kinds\/wp-content\/uploads\/2026\/01\/Kinds5593.jpg 768w, https:\/\/utveckling.timecutcloud.com\/kinds\/wp-content\/uploads\/2026\/01\/Kinds5593-300x300.jpg 300w, https:\/\/utveckling.timecutcloud.com\/kinds\/wp-content\/uploads\/2026\/01\/Kinds5593-150x150.jpg 150w\" sizes=\"auto, (max-width: 768px) 100vw, 768px\" \/><\/figure>\n\n\n\n<figure class=\"wp-block-image size-large\"><img loading=\"lazy\" decoding=\"async\" width=\"766\" height=\"768\" data-id=\"1221\" src=\"https:\/\/utveckling.timecutcloud.com\/kinds\/wp-content\/uploads\/2026\/01\/Kinds5623.jpg\" alt=\"\" class=\"wp-image-1221\" srcset=\"https:\/\/utveckling.timecutcloud.com\/kinds\/wp-content\/uploads\/2026\/01\/Kinds5623.jpg 766w, https:\/\/utveckling.timecutcloud.com\/kinds\/wp-content\/uploads\/2026\/01\/Kinds5623-300x300.jpg 300w, https:\/\/utveckling.timecutcloud.com\/kinds\/wp-content\/uploads\/2026\/01\/Kinds5623-150x150.jpg 150w\" sizes=\"auto, (max-width: 766px) 100vw, 766px\" \/><\/figure>\n\n\n\n<figure class=\"wp-block-image size-large\"><img loading=\"lazy\" decoding=\"async\" width=\"768\" height=\"768\" data-id=\"1222\" src=\"https:\/\/utveckling.timecutcloud.com\/kinds\/wp-content\/uploads\/2026\/01\/Kinds5628.jpg\" alt=\"\" class=\"wp-image-1222\" srcset=\"https:\/\/utveckling.timecutcloud.com\/kinds\/wp-content\/uploads\/2026\/01\/Kinds5628.jpg 768w, https:\/\/utveckling.timecutcloud.com\/kinds\/wp-content\/uploads\/2026\/01\/Kinds5628-300x300.jpg 300w, https:\/\/utveckling.timecutcloud.com\/kinds\/wp-content\/uploads\/2026\/01\/Kinds5628-150x150.jpg 150w\" sizes=\"auto, (max-width: 768px) 100vw, 768px\" \/><\/figure>\n\n\n\n<figure class=\"wp-block-image size-large\"><img loading=\"lazy\" decoding=\"async\" width=\"1024\" height=\"683\" data-id=\"1220\" src=\"https:\/\/utveckling.timecutcloud.com\/kinds\/wp-content\/uploads\/2026\/01\/Kinds5635.jpg\" alt=\"\" class=\"wp-image-1220\" srcset=\"https:\/\/utveckling.timecutcloud.com\/kinds\/wp-content\/uploads\/2026\/01\/Kinds5635.jpg 1024w, https:\/\/utveckling.timecutcloud.com\/kinds\/wp-content\/uploads\/2026\/01\/Kinds5635-300x200.jpg 300w, https:\/\/utveckling.timecutcloud.com\/kinds\/wp-content\/uploads\/2026\/01\/Kinds5635-768x512.jpg 768w\" sizes=\"auto, (max-width: 1024px) 100vw, 1024px\" \/><\/figure>\n<\/figure>\n<\/div><\/div>\n\n\n\n<div style=\"height:40px\" aria-hidden=\"true\" class=\"wp-block-spacer\"><\/div>\n\n\n\n<div class=\"wp-block-group\"><div class=\"wp-block-group__inner-container is-layout-constrained wp-block-group-is-layout-constrained\">\n<div class=\"wp-block-group\"><div class=\"wp-block-group__inner-container is-layout-constrained wp-block-group-is-layout-constrained\">\n<h2 class=\"wp-block-heading\">Handbuketter<\/h2>\n\n\n\n<p>H\u00e4r nedan kan du se ett urval av v\u00e5ra handbuketter<\/p>\n<\/div><\/div>\n\n\n\n<figure class=\"wp-block-gallery has-nested-images columns-default is-cropped wp-block-gallery-4 is-layout-flex wp-block-gallery-is-layout-flex\">\n<figure class=\"wp-block-image size-large\"><img loading=\"lazy\" decoding=\"async\" width=\"1024\" height=\"1024\" data-id=\"1223\" src=\"https:\/\/utveckling.timecutcloud.com\/kinds\/wp-content\/uploads\/2026\/01\/Kinds5606_0-1024x1024.jpg\" alt=\"\" class=\"wp-image-1223\" srcset=\"https:\/\/utveckling.timecutcloud.com\/kinds\/wp-content\/uploads\/2026\/01\/Kinds5606_0-1024x1024.jpg 1024w, https:\/\/utveckling.timecutcloud.com\/kinds\/wp-content\/uploads\/2026\/01\/Kinds5606_0-300x300.jpg 300w, https:\/\/utveckling.timecutcloud.com\/kinds\/wp-content\/uploads\/2026\/01\/Kinds5606_0-150x150.jpg 150w, https:\/\/utveckling.timecutcloud.com\/kinds\/wp-content\/uploads\/2026\/01\/Kinds5606_0-768x768.jpg 768w, https:\/\/utveckling.timecutcloud.com\/kinds\/wp-content\/uploads\/2026\/01\/Kinds5606_0-1536x1536.jpg 1536w, https:\/\/utveckling.timecutcloud.com\/kinds\/wp-content\/uploads\/2026\/01\/Kinds5606_0-2048x2048.jpg 2048w\" sizes=\"auto, (max-width: 1024px) 100vw, 1024px\" \/><\/figure>\n\n\n\n<figure class=\"wp-block-image size-large\"><img loading=\"lazy\" decoding=\"async\" width=\"1024\" height=\"1024\" data-id=\"1224\" src=\"https:\/\/utveckling.timecutcloud.com\/kinds\/wp-content\/uploads\/2026\/01\/Kinds5607-1024x1024.jpg\" alt=\"\" class=\"wp-image-1224\" srcset=\"https:\/\/utveckling.timecutcloud.com\/kinds\/wp-content\/uploads\/2026\/01\/Kinds5607-1024x1024.jpg 1024w, https:\/\/utveckling.timecutcloud.com\/kinds\/wp-content\/uploads\/2026\/01\/Kinds5607-300x300.jpg 300w, https:\/\/utveckling.timecutcloud.com\/kinds\/wp-content\/uploads\/2026\/01\/Kinds5607-150x150.jpg 150w, https:\/\/utveckling.timecutcloud.com\/kinds\/wp-content\/uploads\/2026\/01\/Kinds5607-768x768.jpg 768w, https:\/\/utveckling.timecutcloud.com\/kinds\/wp-content\/uploads\/2026\/01\/Kinds5607-1536x1536.jpg 1536w, https:\/\/utveckling.timecutcloud.com\/kinds\/wp-content\/uploads\/2026\/01\/Kinds5607-2048x2048.jpg 2048w\" sizes=\"auto, (max-width: 1024px) 100vw, 1024px\" \/><\/figure>\n\n\n\n<figure class=\"wp-block-image size-large\"><img loading=\"lazy\" decoding=\"async\" width=\"1024\" height=\"1024\" data-id=\"1225\" src=\"https:\/\/utveckling.timecutcloud.com\/kinds\/wp-content\/uploads\/2026\/01\/Kinds5611-red-1024x1024.jpg\" alt=\"\" class=\"wp-image-1225\" srcset=\"https:\/\/utveckling.timecutcloud.com\/kinds\/wp-content\/uploads\/2026\/01\/Kinds5611-red-1024x1024.jpg 1024w, https:\/\/utveckling.timecutcloud.com\/kinds\/wp-content\/uploads\/2026\/01\/Kinds5611-red-300x300.jpg 300w, https:\/\/utveckling.timecutcloud.com\/kinds\/wp-content\/uploads\/2026\/01\/Kinds5611-red-150x150.jpg 150w, https:\/\/utveckling.timecutcloud.com\/kinds\/wp-content\/uploads\/2026\/01\/Kinds5611-red-768x768.jpg 768w, https:\/\/utveckling.timecutcloud.com\/kinds\/wp-content\/uploads\/2026\/01\/Kinds5611-red-1536x1536.jpg 1536w, https:\/\/utveckling.timecutcloud.com\/kinds\/wp-content\/uploads\/2026\/01\/Kinds5611-red-2048x2048.jpg 2048w\" sizes=\"auto, (max-width: 1024px) 100vw, 1024px\" \/><\/figure>\n<\/figure>\n<\/div><\/div>\n\n\n\n<p><\/p>\n","protected":false},"excerpt":{"rendered":"<p>Sorgarrangemanget \u00e4r en viktig del i arrangemanget kring en begravning. Den utg\u00f6r ett stort blickf\u00e5ng och avg\u00f6r vilket totalintryck man skall f\u00e5 av kyrkorummet. M\u00e5let \u00e4r att ceremonin ska bevaras som ett ljust minne hos de anh\u00f6riga. \u00c4ven om det finns m\u00e5nga traditioner kring sorgarrangemangen s\u00e5 har det numera utvecklats p\u00e5 samma s\u00e4tt som tidiningarnas [&hellip;]<\/p>\n","protected":false},"author":1,"featured_media":0,"parent":364,"menu_order":1,"comment_status":"closed","ping_status":"closed","template":"","meta":{"_acf_changed":false,"footnotes":""},"class_list":["post-379","page","type-page","status-publish","hentry"],"acf":[],"_links":{"self":[{"href":"https:\/\/utveckling.timecutcloud.com\/kinds\/wp-json\/wp\/v2\/pages\/379","targetHints":{"allow":["GET"]}}],"collection":[{"href":"https:\/\/utveckling.timecutcloud.com\/kinds\/wp-json\/wp\/v2\/pages"}],"about":[{"href":"https:\/\/utveckling.timecutcloud.com\/kinds\/wp-json\/wp\/v2\/types\/page"}],"author":[{"embeddable":true,"href":"https:\/\/utveckling.timecutcloud.com\/kinds\/wp-json\/wp\/v2\/users\/1"}],"replies":[{"embeddable":true,"href":"https:\/\/utveckling.timecutcloud.com\/kinds\/wp-json\/wp\/v2\/comments?post=379"}],"version-history":[{"count":9,"href":"https:\/\/utveckling.timecutcloud.com\/kinds\/wp-json\/wp\/v2\/pages\/379\/revisions"}],"predecessor-version":[{"id":1230,"href":"https:\/\/utveckling.timecutcloud.com\/kinds\/wp-json\/wp\/v2\/pages\/379\/revisions\/1230"}],"up":[{"embeddable":true,"href":"https:\/\/utveckling.timecutcloud.com\/kinds\/wp-json\/wp\/v2\/pages\/364"}],"wp:attachment":[{"href":"https:\/\/utveckling.timecutcloud.com\/kinds\/wp-json\/wp\/v2\/media?parent=379"}],"curies":[{"name":"wp","href":"https:\/\/api.w.org\/{rel}","templated":true}]}}