{"id":381,"date":"2025-03-13T10:05:54","date_gmt":"2025-03-13T09:05:54","guid":{"rendered":"https:\/\/utveckling.timecutcloud.com\/kinds\/?page_id=381"},"modified":"2025-04-22T14:22:37","modified_gmt":"2025-04-22T12:22:37","slug":"minnesstunden-efterat","status":"publish","type":"page","link":"https:\/\/utveckling.timecutcloud.com\/kinds\/ordna-begravning\/minnesstunden-efterat\/","title":{"rendered":"Minnesstunden efter\u00e5t"},"content":{"rendered":"\n<p>Efter begravningen anordnas ofta en minnesstund. Vanligtvis sker det i ett f\u00f6rsamlingshem eller i annan lokal. Inbjudan kan t ex ske via d\u00f6dsannonsen, via brev, muntligt eller via Familjesidan.se.<\/p>\n\n\n\n<p>En minnesstund kan ordnas p\u00e5 flera olika s\u00e4tt och det \u00e4r viktigt att den planeras noggrant \u2013 vad man skall bjuda p\u00e5, hur man skall duka, hur man skall placera g\u00e4sterna, om det beh\u00f6vs s\u00e5ngtexter, kanske f\u00f6rbereda tal eller diktl\u00e4sning.<\/p>\n\n\n\n<p>Kanske man v\u00e4ljer ut musik som man vet att den avlidne hade uppskattat och arrangerar ett minnesbord med fotoalbum och andra minnessaker. Ju noggrannare f\u00f6rberedelser desto mer minnesv\u00e4rd blir minnesstunden<\/p>\n","protected":false},"excerpt":{"rendered":"<p>Efter begravningen anordnas ofta en minnesstund. Vanligtvis sker det i ett f\u00f6rsamlingshem eller i annan lokal. Inbjudan kan t ex ske via d\u00f6dsannonsen, via brev, muntligt eller via Familjesidan.se. En minnesstund kan ordnas p\u00e5 flera olika s\u00e4tt och det \u00e4r viktigt att den planeras noggrant \u2013 vad man skall bjuda p\u00e5, hur man skall duka, [&hellip;]<\/p>\n","protected":false},"author":1,"featured_media":0,"parent":857,"menu_order":3,"comment_status":"closed","ping_status":"closed","template":"","meta":{"_acf_changed":false,"footnotes":""},"class_list":["post-381","page","type-page","status-publish","hentry"],"acf":[],"_links":{"self":[{"href":"https:\/\/utveckling.timecutcloud.com\/kinds\/wp-json\/wp\/v2\/pages\/381","targetHints":{"allow":["GET"]}}],"collection":[{"href":"https:\/\/utveckling.timecutcloud.com\/kinds\/wp-json\/wp\/v2\/pages"}],"about":[{"href":"https:\/\/utveckling.timecutcloud.com\/kinds\/wp-json\/wp\/v2\/types\/page"}],"author":[{"embeddable":true,"href":"https:\/\/utveckling.timecutcloud.com\/kinds\/wp-json\/wp\/v2\/users\/1"}],"replies":[{"embeddable":true,"href":"https:\/\/utveckling.timecutcloud.com\/kinds\/wp-json\/wp\/v2\/comments?post=381"}],"version-history":[{"count":2,"href":"https:\/\/utveckling.timecutcloud.com\/kinds\/wp-json\/wp\/v2\/pages\/381\/revisions"}],"predecessor-version":[{"id":960,"href":"https:\/\/utveckling.timecutcloud.com\/kinds\/wp-json\/wp\/v2\/pages\/381\/revisions\/960"}],"up":[{"embeddable":true,"href":"https:\/\/utveckling.timecutcloud.com\/kinds\/wp-json\/wp\/v2\/pages\/857"}],"wp:attachment":[{"href":"https:\/\/utveckling.timecutcloud.com\/kinds\/wp-json\/wp\/v2\/media?parent=381"}],"curies":[{"name":"wp","href":"https:\/\/api.w.org\/{rel}","templated":true}]}}