{"id":386,"date":"2025-03-13T10:07:53","date_gmt":"2025-03-13T09:07:53","guid":{"rendered":"https:\/\/utveckling.timecutcloud.com\/kinds\/?page_id=386"},"modified":"2025-04-22T14:23:19","modified_gmt":"2025-04-22T12:23:19","slug":"minnesprodukter","status":"publish","type":"page","link":"https:\/\/utveckling.timecutcloud.com\/kinds\/ordna-begravning\/minnesstunden-efterat\/minnesprodukter\/","title":{"rendered":"Minnesprodukter"},"content":{"rendered":"\n<h3 class=\"wp-block-heading\">Vad inneb\u00e4r det att begrava DNA?<\/h3>\n\n\n\n<p>F\u00f6rlusten av en familjemedlem har traditionellt inneburit f\u00f6rlusten av chansen till att forskning och information. Minnena bleknar och det g\u00f6r ocks\u00e5 viktig information som genealogiskt arv och medicinsk historia. Fr\u00e5gor som \u201cvar kommer vi ifr\u00e5n\u201d och \u201cvilka sjukdomar vi \u00e4rver i v\u00e5ra gener\u201d kommer att st\u00e4llas av m\u00e5nga generationer i framtiden. DNA best\u00e5r av viktig och relevant information om en familjs genealogiska och medicinska historia. Evigt Minne ger familjer den sista m\u00f6jligheten bevara skatten fr\u00e5n deras n\u00e4ra och k\u00e4ra, ett DNA prov som kan f\u00f6rvaras hemma i rumstemperatur p\u00e5 obest\u00e4md tid. DNA provet kan familjemedlemmarna n\u00e4r som helst i framtiden anv\u00e4nda f\u00f6r tester och forskning.<\/p>\n\n\n\n<h3 class=\"wp-block-heading\">Minnesprodukter<\/h3>\n\n\n\n<p>Alla v\u00e5ra minnesprodukter infattas med DNA fr\u00e5n dina n\u00e4ra och k\u00e4ra. Tillsammans med v\u00e5ra skickliga tillverkare erbjuder vi \u00e4kta traditionellt svenskt hantverk. Tillsammans med minnesprodukterna f\u00f6ljer det med ett DNA prov f\u00f6r framtida bruk. F\u00f6rest\u00e4ll dig tanken att f\u00e5nga essensen av de som st\u00e5tt oss allra n\u00e4rmast och kunna b\u00e4ra den med sig f\u00f6r all framtid. Nu kan vi beh\u00e5lla en del av v\u00e5ra n\u00e4ra och k\u00e4ra. En del som b\u00e5de inneh\u00e5ller och representerar allt som gjorde dem unika. Ett ov\u00e4rderligt arv f\u00f6r dig och kommande generationer.<\/p>\n","protected":false},"excerpt":{"rendered":"<p>Vad inneb\u00e4r det att begrava DNA? F\u00f6rlusten av en familjemedlem har traditionellt inneburit f\u00f6rlusten av chansen till att forskning och information. Minnena bleknar och det g\u00f6r ocks\u00e5 viktig information som genealogiskt arv och medicinsk historia. Fr\u00e5gor som \u201cvar kommer vi ifr\u00e5n\u201d och \u201cvilka sjukdomar vi \u00e4rver i v\u00e5ra gener\u201d kommer att st\u00e4llas av m\u00e5nga generationer [&hellip;]<\/p>\n","protected":false},"author":1,"featured_media":0,"parent":381,"menu_order":1,"comment_status":"closed","ping_status":"closed","template":"","meta":{"_acf_changed":false,"footnotes":""},"class_list":["post-386","page","type-page","status-publish","hentry"],"acf":[],"_links":{"self":[{"href":"https:\/\/utveckling.timecutcloud.com\/kinds\/wp-json\/wp\/v2\/pages\/386","targetHints":{"allow":["GET"]}}],"collection":[{"href":"https:\/\/utveckling.timecutcloud.com\/kinds\/wp-json\/wp\/v2\/pages"}],"about":[{"href":"https:\/\/utveckling.timecutcloud.com\/kinds\/wp-json\/wp\/v2\/types\/page"}],"author":[{"embeddable":true,"href":"https:\/\/utveckling.timecutcloud.com\/kinds\/wp-json\/wp\/v2\/users\/1"}],"replies":[{"embeddable":true,"href":"https:\/\/utveckling.timecutcloud.com\/kinds\/wp-json\/wp\/v2\/comments?post=386"}],"version-history":[{"count":2,"href":"https:\/\/utveckling.timecutcloud.com\/kinds\/wp-json\/wp\/v2\/pages\/386\/revisions"}],"predecessor-version":[{"id":963,"href":"https:\/\/utveckling.timecutcloud.com\/kinds\/wp-json\/wp\/v2\/pages\/386\/revisions\/963"}],"up":[{"embeddable":true,"href":"https:\/\/utveckling.timecutcloud.com\/kinds\/wp-json\/wp\/v2\/pages\/381"}],"wp:attachment":[{"href":"https:\/\/utveckling.timecutcloud.com\/kinds\/wp-json\/wp\/v2\/media?parent=386"}],"curies":[{"name":"wp","href":"https:\/\/api.w.org\/{rel}","templated":true}]}}