{"id":396,"date":"2025-03-13T10:10:35","date_gmt":"2025-03-13T09:10:35","guid":{"rendered":"https:\/\/utveckling.timecutcloud.com\/kinds\/?page_id=396"},"modified":"2025-04-22T14:23:50","modified_gmt":"2025-04-22T12:23:50","slug":"forsakringsinventering","status":"publish","type":"page","link":"https:\/\/utveckling.timecutcloud.com\/kinds\/ordna-begravning\/forsakringsinventering\/","title":{"rendered":"F\u00f6rs\u00e4kringsinventering"},"content":{"rendered":"\n<p>Du kan inte r\u00e4kna med att alla f\u00f6rs\u00e4kringar \u00e5terbetalas automatiskt n\u00e4r en personer avlider. Varje \u00e5r g\u00e5r svenska folket miste om stora belopp i f\u00f6rs\u00e4kringspengar som fryser inne. Det \u00e4r komplicerat att komma ih\u00e5g alla f\u00f6rs\u00e4kringar man har sj\u00e4lv &#8211; hur ska man d\u00e5 k\u00e4nna till vad anh\u00f6riga har? Somliga har t o m f\u00f6rs\u00e4kring som t\u00e4cker begravningskostnaden utan att veta om det.<\/p>\n\n\n\n<p>Vi kan kontrollera detta med hj\u00e4lp av en f\u00f6rs\u00e4kringsinventering. Det hj\u00e4lper er att hitta de gl\u00f6mda f\u00f6rs\u00e4kringar ni har r\u00e4tt till, det visar \u00e4ven om ni har r\u00e4tt till efterlevandeskydd samt s\u00e4kerst\u00e4ller att ni f\u00e5r fram tj\u00e4nstepensioner till medlemsf\u00f6rs\u00e4kringar och begravningskassor m.m svart p\u00e5 vitt.<\/p>\n\n\n\n<p>F\u00f6rs\u00e4kringsinventering best\u00e4ller du av oss och utf\u00f6rs av v\u00e5r samarbetspartner&nbsp;<a href=\"https:\/\/www.cynk.se\/\" target=\"_blank\" rel=\"noreferrer noopener\">Cynk<\/a>.<\/p>\n\n\n\n<p>Ladda ner&nbsp;<a href=\"https:\/\/www.kindsbegravningsbyra.se\/informativa-skrifter\" rel=\"noopener\">F\u00f6rs\u00e4kringsinventering<\/a>&nbsp;eller h\u00e4mta hos oss.<\/p>\n\n\n\n<h2 class=\"wp-block-heading\">F\u00f6rs\u00e4kringsinventering f\u00f6r efterlevande<\/h2>\n\n\n\n<p>Ta tillf\u00e4llet att kontrollera dina egna f\u00f6rs\u00e4kringar samtidigt. F\u00e5 svar p\u00e5 fr\u00e5gor som om du \u00e4r r\u00e4tt f\u00f6rs\u00e4krad, vad f\u00f6rs\u00e4kringarna faktiskt kostar och hur din pension ser ut. Det \u00e4r sv\u00e5rt att ha koll p\u00e5 alla f\u00f6rs\u00e4kringsinnehav men genom v\u00e5r samarbetspartner Cynk blir det enkelt och du f\u00e5r en komplett bild.<\/p>\n","protected":false},"excerpt":{"rendered":"<p>Du kan inte r\u00e4kna med att alla f\u00f6rs\u00e4kringar \u00e5terbetalas automatiskt n\u00e4r en personer avlider. Varje \u00e5r g\u00e5r svenska folket miste om stora belopp i f\u00f6rs\u00e4kringspengar som fryser inne. Det \u00e4r komplicerat att komma ih\u00e5g alla f\u00f6rs\u00e4kringar man har sj\u00e4lv &#8211; hur ska man d\u00e5 k\u00e4nna till vad anh\u00f6riga har? Somliga har t o m f\u00f6rs\u00e4kring [&hellip;]<\/p>\n","protected":false},"author":1,"featured_media":0,"parent":857,"menu_order":4,"comment_status":"closed","ping_status":"closed","template":"","meta":{"_acf_changed":false,"footnotes":""},"class_list":["post-396","page","type-page","status-publish","hentry"],"acf":[],"_links":{"self":[{"href":"https:\/\/utveckling.timecutcloud.com\/kinds\/wp-json\/wp\/v2\/pages\/396","targetHints":{"allow":["GET"]}}],"collection":[{"href":"https:\/\/utveckling.timecutcloud.com\/kinds\/wp-json\/wp\/v2\/pages"}],"about":[{"href":"https:\/\/utveckling.timecutcloud.com\/kinds\/wp-json\/wp\/v2\/types\/page"}],"author":[{"embeddable":true,"href":"https:\/\/utveckling.timecutcloud.com\/kinds\/wp-json\/wp\/v2\/users\/1"}],"replies":[{"embeddable":true,"href":"https:\/\/utveckling.timecutcloud.com\/kinds\/wp-json\/wp\/v2\/comments?post=396"}],"version-history":[{"count":2,"href":"https:\/\/utveckling.timecutcloud.com\/kinds\/wp-json\/wp\/v2\/pages\/396\/revisions"}],"predecessor-version":[{"id":965,"href":"https:\/\/utveckling.timecutcloud.com\/kinds\/wp-json\/wp\/v2\/pages\/396\/revisions\/965"}],"up":[{"embeddable":true,"href":"https:\/\/utveckling.timecutcloud.com\/kinds\/wp-json\/wp\/v2\/pages\/857"}],"wp:attachment":[{"href":"https:\/\/utveckling.timecutcloud.com\/kinds\/wp-json\/wp\/v2\/media?parent=396"}],"curies":[{"name":"wp","href":"https:\/\/api.w.org\/{rel}","templated":true}]}}