{"id":399,"date":"2025-03-13T10:11:20","date_gmt":"2025-03-13T09:11:20","guid":{"rendered":"https:\/\/utveckling.timecutcloud.com\/kinds\/?page_id=399"},"modified":"2025-04-22T14:24:02","modified_gmt":"2025-04-22T12:24:02","slug":"avsluta-sociala-medier","status":"publish","type":"page","link":"https:\/\/utveckling.timecutcloud.com\/kinds\/ordna-begravning\/forsakringsinventering\/avsluta-sociala-medier\/","title":{"rendered":"Avsluta sociala medier"},"content":{"rendered":"\n<p>Vi f\u00e5r m\u00e5nga fr\u00e5gor hur anh\u00f6riga ska hanterar sociala medier som Facebook och Instagram efter begravningen. Ofta saknas inloggningsuppgifter till att b\u00f6rja med. Och att kontakta f\u00f6retagen bakom de sociala plattformarna \u00e4r l\u00e5ngt ifr\u00e5n enkelt. De flesta anh\u00f6riga brukar vilja avsluta allt f\u00f6r att slippa sm\u00e4rtsamma och opersonliga f\u00f6delsedagsh\u00e4lsningar med mera.<\/p>\n\n\n\n<p>Som auktoriserad begravningsbyr\u00e5 kan vi erbjuda tj\u00e4nsten att avsluta bl a Facebook, Instagram, Twitter, LinkedIn och m\u00e5nga fler, du best\u00e4ller av oss och utf\u00f6rs av v\u00e5r samarbetspartner&nbsp;<a href=\"https:\/\/www.cynk.se\/\" target=\"_blank\" rel=\"noreferrer noopener\">Cynk<\/a>.<\/p>\n","protected":false},"excerpt":{"rendered":"<p>Vi f\u00e5r m\u00e5nga fr\u00e5gor hur anh\u00f6riga ska hanterar sociala medier som Facebook och Instagram efter begravningen. Ofta saknas inloggningsuppgifter till att b\u00f6rja med. Och att kontakta f\u00f6retagen bakom de sociala plattformarna \u00e4r l\u00e5ngt ifr\u00e5n enkelt. De flesta anh\u00f6riga brukar vilja avsluta allt f\u00f6r att slippa sm\u00e4rtsamma och opersonliga f\u00f6delsedagsh\u00e4lsningar med mera. Som auktoriserad begravningsbyr\u00e5 kan [&hellip;]<\/p>\n","protected":false},"author":1,"featured_media":0,"parent":396,"menu_order":0,"comment_status":"closed","ping_status":"closed","template":"","meta":{"_acf_changed":false,"footnotes":""},"class_list":["post-399","page","type-page","status-publish","hentry"],"acf":[],"_links":{"self":[{"href":"https:\/\/utveckling.timecutcloud.com\/kinds\/wp-json\/wp\/v2\/pages\/399","targetHints":{"allow":["GET"]}}],"collection":[{"href":"https:\/\/utveckling.timecutcloud.com\/kinds\/wp-json\/wp\/v2\/pages"}],"about":[{"href":"https:\/\/utveckling.timecutcloud.com\/kinds\/wp-json\/wp\/v2\/types\/page"}],"author":[{"embeddable":true,"href":"https:\/\/utveckling.timecutcloud.com\/kinds\/wp-json\/wp\/v2\/users\/1"}],"replies":[{"embeddable":true,"href":"https:\/\/utveckling.timecutcloud.com\/kinds\/wp-json\/wp\/v2\/comments?post=399"}],"version-history":[{"count":2,"href":"https:\/\/utveckling.timecutcloud.com\/kinds\/wp-json\/wp\/v2\/pages\/399\/revisions"}],"predecessor-version":[{"id":966,"href":"https:\/\/utveckling.timecutcloud.com\/kinds\/wp-json\/wp\/v2\/pages\/399\/revisions\/966"}],"up":[{"embeddable":true,"href":"https:\/\/utveckling.timecutcloud.com\/kinds\/wp-json\/wp\/v2\/pages\/396"}],"wp:attachment":[{"href":"https:\/\/utveckling.timecutcloud.com\/kinds\/wp-json\/wp\/v2\/media?parent=399"}],"curies":[{"name":"wp","href":"https:\/\/api.w.org\/{rel}","templated":true}]}}