{"id":403,"date":"2025-03-13T10:12:01","date_gmt":"2025-03-13T09:12:01","guid":{"rendered":"https:\/\/utveckling.timecutcloud.com\/kinds\/?page_id=403"},"modified":"2026-01-22T10:45:02","modified_gmt":"2026-01-22T09:45:02","slug":"miljovanligare-begravning","status":"publish","type":"page","link":"https:\/\/utveckling.timecutcloud.com\/kinds\/ordna-begravning\/musik-vid-begravningen\/miljovanligare-begravning\/","title":{"rendered":"Milj\u00f6v\u00e4nligare begravning"},"content":{"rendered":"\n<h3 class=\"wp-block-heading\">S\u00f6ker du en milj\u00f6v\u00e4nligare begravning?<\/h3>\n\n\n\n<p>Du kanske t\u00e4nker att en milj\u00f6v\u00e4nligt \u00e4r dyrare, men s\u00e5 beh\u00f6ver det inte alls vara. Titta p\u00e5 v\u00e5ra f\u00f6rslag. Men samtidigt \u00e4r det viktigaste \u00e4nd\u00e5 att ta h\u00e4nsyn till den avlidnes \u00f6nskningar, de ska g\u00e5 i f\u00f6rsta rummet. N\u00e4r du fyller i ditt Livsarkiv s\u00e5 \u00e4r det en bra id\u00e9 att ange att begravningen ska vara s\u00e5 milj\u00f6v\u00e4nlig som m\u00f6jligt.<\/p>\n\n\n\n<p>Kistorna idag \u00e4r noga pr\u00f6vade f\u00f6r att klara olika krav vid hantering och kremering. V\u00e4ljer du en kista av rent tr\u00e4 s\u00e5 \u00e4r du n\u00e4ra ett milj\u00f6medvetet val. Vill du g\u00e5 ett steg l\u00e4ngre erbjuder vi kistor i milj\u00f6v\u00e4nlig biokomposit.<br>N\u00e4r det kommer till urnor s\u00e5 finns det flera milj\u00f6v\u00e4nliga alternativ, allt ifr\u00e5n urnor i rent tr\u00e4 till nedbrytbar potatisst\u00e4rkelse och tr\u00e4fibermassa.<br>N\u00e4r du v\u00e4ljer blommor s\u00e5 t\u00e4nk g\u00e4rna s\u00e4songens blommor s\u00e5 minskar milj\u00f6belastningen. P\u00e5 minnesstunden kan vi hj\u00e4lpa dig att se till att maten \u00e4r lokalproducerad och ekologisk s\u00e5 l\u00e5ngt det \u00e4r m\u00f6jligt.<\/p>\n\n\n\n<h3 class=\"wp-block-heading\">Kremering eller jordbegravning?<\/h3>\n\n\n\n<p>Du kanske undrar om en jordbegravning \u00e4r mer milj\u00f6v\u00e4nligt \u00e4n en kremation? Det \u00e4r faktiskt inte riktigt utrett och svensk begravningslag till\u00e5ter idag endast jordbegravning eller kremation. Men forskning om alternativa beg\u00e4ngelseformer p\u00e5g\u00e5r, t. ex, vattenbeg\u00e4ngelse och kompostering.<\/p>\n\n\n\n<p>Det som kan tala f\u00f6r kremering \u00e4r att utsl\u00e4ppen \u00e4r relativt sm\u00e5 och krematorieanl\u00e4ggningarna sj\u00e4lva bedriver ett omfattande milj\u00f6arbete med bl. a r\u00f6kgasrening. Sedan n\u00e5gra \u00e5r s\u00e5 \u00e4r det obligatoriskt med metall\u00e5tervinning vid krematorier fr\u00e5n b\u00e5de kroppen och kistan och ers\u00e4ttningen fr\u00e5n \u00e5tervinningen g\u00e5r till Allm\u00e4nna Arvsfonden. Det som kan tala f\u00f6r jordbegravning \u00e4r att kroppen \u00e5terb\u00f6rdas till jorden men \u00e5 andra sidan finns det risk f\u00f6r att kvarlevor kan l\u00e4cka ut i grundvattnet \u00e4ven om risken \u00e4r minimal.<\/p>\n\n\n\n<h3 class=\"wp-block-heading\">Transporter<\/h3>\n\n\n\n<p>Transporter av kistor och urnor \u00e4r det som p\u00e5verkar milj\u00f6n mest. Ibland \u00e4r det sv\u00e5rt att p\u00e5verka transporternas l\u00e4ngd men n\u00e4r det \u00e4r praktiskt och etiskt m\u00f6jligt s\u00e5 samordnar vi transporter.<br>Det blir oftast fler transporter i en begravning med urna j\u00e4mf\u00f6rt med en jordbegravning med kista. Inom SBF har vi krav p\u00e5 oss att anv\u00e4nda s\u00e5 milj\u00f6v\u00e4nliga bilar och drivmedel som m\u00f6jligt, dessa krav st\u00e4ller bl. a. myndigheter p\u00e5 oss d\u00e5 vi utf\u00f6r offentliga transporter \u00e5t bl. a. v\u00e5rden. Alla i v\u00e5r personal som utf\u00f6r transporter har ocks\u00e5 genomg\u00e5tt utbildning i Eco driving.<\/p>\n\n\n\n<p>Som auktoriserad begravningsbyr\u00e5 s\u00e5 arbetar vi i ett ledningssystem d\u00e4r vi varje \u00e5r h\u00f6jer v\u00e5r niv\u00e5 i kvalitet, arbetsmilj\u00f6 och milj\u00f6. Vi lyder ocks\u00e5 under SBF:s milj\u00f6policy&nbsp;<a href=\"https:\/\/www.begravningar.se\/om-sbf\/miljopolicy\" target=\"_blank\" rel=\"noreferrer noopener\">som du kan l\u00e4sa mer om h\u00e4r &gt;&gt;<\/a><\/p>\n","protected":false},"excerpt":{"rendered":"<p>S\u00f6ker du en milj\u00f6v\u00e4nligare begravning? Du kanske t\u00e4nker att en milj\u00f6v\u00e4nligt \u00e4r dyrare, men s\u00e5 beh\u00f6ver det inte alls vara. Titta p\u00e5 v\u00e5ra f\u00f6rslag. Men samtidigt \u00e4r det viktigaste \u00e4nd\u00e5 att ta h\u00e4nsyn till den avlidnes \u00f6nskningar, de ska g\u00e5 i f\u00f6rsta rummet. N\u00e4r du fyller i ditt Livsarkiv s\u00e5 \u00e4r det en bra id\u00e9 [&hellip;]<\/p>\n","protected":false},"author":1,"featured_media":0,"parent":364,"menu_order":2,"comment_status":"closed","ping_status":"closed","template":"","meta":{"_acf_changed":false,"footnotes":""},"class_list":["post-403","page","type-page","status-publish","hentry"],"acf":[],"_links":{"self":[{"href":"https:\/\/utveckling.timecutcloud.com\/kinds\/wp-json\/wp\/v2\/pages\/403","targetHints":{"allow":["GET"]}}],"collection":[{"href":"https:\/\/utveckling.timecutcloud.com\/kinds\/wp-json\/wp\/v2\/pages"}],"about":[{"href":"https:\/\/utveckling.timecutcloud.com\/kinds\/wp-json\/wp\/v2\/types\/page"}],"author":[{"embeddable":true,"href":"https:\/\/utveckling.timecutcloud.com\/kinds\/wp-json\/wp\/v2\/users\/1"}],"replies":[{"embeddable":true,"href":"https:\/\/utveckling.timecutcloud.com\/kinds\/wp-json\/wp\/v2\/comments?post=403"}],"version-history":[{"count":7,"href":"https:\/\/utveckling.timecutcloud.com\/kinds\/wp-json\/wp\/v2\/pages\/403\/revisions"}],"predecessor-version":[{"id":1168,"href":"https:\/\/utveckling.timecutcloud.com\/kinds\/wp-json\/wp\/v2\/pages\/403\/revisions\/1168"}],"up":[{"embeddable":true,"href":"https:\/\/utveckling.timecutcloud.com\/kinds\/wp-json\/wp\/v2\/pages\/364"}],"wp:attachment":[{"href":"https:\/\/utveckling.timecutcloud.com\/kinds\/wp-json\/wp\/v2\/media?parent=403"}],"curies":[{"name":"wp","href":"https:\/\/api.w.org\/{rel}","templated":true}]}}