{"id":432,"date":"2025-03-13T10:21:18","date_gmt":"2025-03-13T09:21:18","guid":{"rendered":"https:\/\/utveckling.timecutcloud.com\/kinds\/?page_id=432"},"modified":"2025-03-13T10:21:19","modified_gmt":"2025-03-13T09:21:19","slug":"nar-ett-barn-dor","status":"publish","type":"page","link":"https:\/\/utveckling.timecutcloud.com\/kinds\/barnbegravning\/nar-ett-barn-dor\/","title":{"rendered":"N\u00e4r ett barn d\u00f6r"},"content":{"rendered":"\n<p>Ett \u00f6gonblicks skillnad m\u00e4rker vi p\u00e5 m\u00e5nga olika s\u00e4tt. N\u00e4r ens eget allra k\u00e4raste barn d\u00f6r g\u00e5r det inte med ord beskriva de k\u00e4nslor som vi m\u00e4nniskor i en s\u00e5dan situation blir utsatta f\u00f6r. I de tv\u00e5 foldrarna \u201dAtt f\u00f6rlora ett barn\u201d och \u201dN\u00e4r livet inte blev s\u00e5 l\u00e5ngt\u201d som finns att f\u00e5 hos oss, f\u00e5r du hj\u00e4lp med att g\u00f6ra det sv\u00e5raste avskedet vackert.<\/p>\n\n\n\n<h4 class=\"wp-block-heading\">Att begrava ett barn<\/h4>\n\n\n\n<p>Att ordna en begravning f\u00f6r n\u00e5gon som i livet st\u00e5tt oss n\u00e4ra \u00e4r en betungande uppgift. N\u00e4r det \u00e4r ett barn eller en ung m\u00e4nniska som av olika anledningar rycks ifr\u00e5n oss rasar den normala tillvaron. Det \u00e4r inget som vi kan s\u00e4tta ord p\u00e5. B\u00f6rdan kan k\u00e4nnas o\u00f6verstiglig och man har sv\u00e5rt att f\u00f6rst\u00e5 vad som h\u00e4nt.<\/p>\n\n\n\n<p>Vi har stor erfarenhet av hur m\u00e4nniskor kan reagera i den h\u00e4r situationen och vi f\u00f6rs\u00f6ker st\u00f6tta och hj\u00e4lpa p\u00e5 alla s\u00e4tt och vis. Vi f\u00f6rs\u00f6ker ge svar p\u00e5 de sv\u00e5ra fr\u00e5gorna, stora som sm\u00e5.<\/p>\n","protected":false},"excerpt":{"rendered":"<p>Ett \u00f6gonblicks skillnad m\u00e4rker vi p\u00e5 m\u00e5nga olika s\u00e4tt. N\u00e4r ens eget allra k\u00e4raste barn d\u00f6r g\u00e5r det inte med ord beskriva de k\u00e4nslor som vi m\u00e4nniskor i en s\u00e5dan situation blir utsatta f\u00f6r. I de tv\u00e5 foldrarna \u201dAtt f\u00f6rlora ett barn\u201d och \u201dN\u00e4r livet inte blev s\u00e5 l\u00e5ngt\u201d som finns att f\u00e5 hos oss, [&hellip;]<\/p>\n","protected":false},"author":1,"featured_media":0,"parent":378,"menu_order":0,"comment_status":"closed","ping_status":"closed","template":"","meta":{"_acf_changed":false,"footnotes":""},"class_list":["post-432","page","type-page","status-publish","hentry"],"acf":[],"_links":{"self":[{"href":"https:\/\/utveckling.timecutcloud.com\/kinds\/wp-json\/wp\/v2\/pages\/432","targetHints":{"allow":["GET"]}}],"collection":[{"href":"https:\/\/utveckling.timecutcloud.com\/kinds\/wp-json\/wp\/v2\/pages"}],"about":[{"href":"https:\/\/utveckling.timecutcloud.com\/kinds\/wp-json\/wp\/v2\/types\/page"}],"author":[{"embeddable":true,"href":"https:\/\/utveckling.timecutcloud.com\/kinds\/wp-json\/wp\/v2\/users\/1"}],"replies":[{"embeddable":true,"href":"https:\/\/utveckling.timecutcloud.com\/kinds\/wp-json\/wp\/v2\/comments?post=432"}],"version-history":[{"count":1,"href":"https:\/\/utveckling.timecutcloud.com\/kinds\/wp-json\/wp\/v2\/pages\/432\/revisions"}],"predecessor-version":[{"id":434,"href":"https:\/\/utveckling.timecutcloud.com\/kinds\/wp-json\/wp\/v2\/pages\/432\/revisions\/434"}],"up":[{"embeddable":true,"href":"https:\/\/utveckling.timecutcloud.com\/kinds\/wp-json\/wp\/v2\/pages\/378"}],"wp:attachment":[{"href":"https:\/\/utveckling.timecutcloud.com\/kinds\/wp-json\/wp\/v2\/media?parent=432"}],"curies":[{"name":"wp","href":"https:\/\/api.w.org\/{rel}","templated":true}]}}