{"id":437,"date":"2025-03-13T10:25:49","date_gmt":"2025-03-13T09:25:49","guid":{"rendered":"https:\/\/utveckling.timecutcloud.com\/kinds\/?page_id=437"},"modified":"2025-04-11T10:43:55","modified_gmt":"2025-04-11T08:43:55","slug":"att-dela-sorgen","status":"publish","type":"page","link":"https:\/\/utveckling.timecutcloud.com\/kinds\/begravningsgast\/att-dela-sorgen\/","title":{"rendered":"Att dela sorgen"},"content":{"rendered":"\n<p>N\u00e4ra anh\u00f6riga och n\u00e4ra v\u00e4nner h\u00f6r till de sj\u00e4lvskrivna deltagarna p\u00e5 en begravning. Men \u00e4ven om du inte h\u00f6r till den avlidnes allra n\u00e4rmaste \u00e4r det viktigt att du inser att ocks\u00e5 du har r\u00e4tt att delta i sorgen.<\/p>\n\n\n\n<p>Det betyder ofta mycket f\u00f6r familjen n\u00e4r m\u00e4nniskor tar sig tid att n\u00e4rvara. En del vill dock h\u00e5lla begravningen inom en mindre krets och bjuder in de g\u00e4ster som ska n\u00e4rvara, vilket i s\u00e5 fall utannonseras i god tid innan begravningen.<\/p>\n","protected":false},"excerpt":{"rendered":"<p>N\u00e4ra anh\u00f6riga och n\u00e4ra v\u00e4nner h\u00f6r till de sj\u00e4lvskrivna deltagarna p\u00e5 en begravning. Men \u00e4ven om du inte h\u00f6r till den avlidnes allra n\u00e4rmaste \u00e4r det viktigt att du inser att ocks\u00e5 du har r\u00e4tt att delta i sorgen. Det betyder ofta mycket f\u00f6r familjen n\u00e4r m\u00e4nniskor tar sig tid att n\u00e4rvara. En del vill [&hellip;]<\/p>\n","protected":false},"author":1,"featured_media":0,"parent":792,"menu_order":0,"comment_status":"closed","ping_status":"closed","template":"","meta":{"_acf_changed":false,"footnotes":""},"class_list":["post-437","page","type-page","status-publish","hentry"],"acf":[],"_links":{"self":[{"href":"https:\/\/utveckling.timecutcloud.com\/kinds\/wp-json\/wp\/v2\/pages\/437","targetHints":{"allow":["GET"]}}],"collection":[{"href":"https:\/\/utveckling.timecutcloud.com\/kinds\/wp-json\/wp\/v2\/pages"}],"about":[{"href":"https:\/\/utveckling.timecutcloud.com\/kinds\/wp-json\/wp\/v2\/types\/page"}],"author":[{"embeddable":true,"href":"https:\/\/utveckling.timecutcloud.com\/kinds\/wp-json\/wp\/v2\/users\/1"}],"replies":[{"embeddable":true,"href":"https:\/\/utveckling.timecutcloud.com\/kinds\/wp-json\/wp\/v2\/comments?post=437"}],"version-history":[{"count":1,"href":"https:\/\/utveckling.timecutcloud.com\/kinds\/wp-json\/wp\/v2\/pages\/437\/revisions"}],"predecessor-version":[{"id":440,"href":"https:\/\/utveckling.timecutcloud.com\/kinds\/wp-json\/wp\/v2\/pages\/437\/revisions\/440"}],"up":[{"embeddable":true,"href":"https:\/\/utveckling.timecutcloud.com\/kinds\/wp-json\/wp\/v2\/pages\/792"}],"wp:attachment":[{"href":"https:\/\/utveckling.timecutcloud.com\/kinds\/wp-json\/wp\/v2\/media?parent=437"}],"curies":[{"name":"wp","href":"https:\/\/api.w.org\/{rel}","templated":true}]}}