{"id":438,"date":"2025-03-13T10:28:30","date_gmt":"2025-03-13T09:28:30","guid":{"rendered":"https:\/\/utveckling.timecutcloud.com\/kinds\/?page_id=438"},"modified":"2025-03-13T10:28:32","modified_gmt":"2025-03-13T09:28:32","slug":"att-planera-en-barnbegravning","status":"publish","type":"page","link":"https:\/\/utveckling.timecutcloud.com\/kinds\/barnbegravning\/att-planera-en-barnbegravning\/","title":{"rendered":"Att planera en barnbegravning"},"content":{"rendered":"\n<p>Vi har all f\u00f6rst\u00e5else f\u00f6r den f\u00f6r\u00e4lder som inte ens vill n\u00e4rma sig den sv\u00e5ra uppgiften att ordna begravningen av sitt barn. \u00c4nd\u00e5 \u00e4r det viktigt att f\u00e5 ta ett riktigt avsked, f\u00f6r att sedan kunna ta n\u00e4sta steg i sorgen.Ett viktigt led i bearbetningen av sorgen \u00e4r att ta ett v\u00e4rdigt och vackert farv\u00e4l av sitt barn.<\/p>\n\n\n\n<p>Vi vill att du ser oss p\u00e5 begravningsbyr\u00e5n som en resurs, med b\u00e5de kunskap och erfarenhet och som kan visa vilka m\u00f6jligheter som finns. Sedan \u00e4r det du som anh\u00f6rig som v\u00e4ljer och formar begravningen som du vill ha den med h\u00e4nsyn till den d\u00f6de, familjen, kompisar, skolkamrater m fl. och g\u00f6ra den s\u00e5 personlig du sj\u00e4lv vill ha den, naturligtvis inom de ramar, regler som finns och g\u00e4llande lagstiftning.<\/p>\n\n\n\n<p>Om ni s\u00e5 \u00f6nskar kan vi ge exempel p\u00e5 hur man utformar en personlig begravningsceremoni.<\/p>\n","protected":false},"excerpt":{"rendered":"<p>Vi har all f\u00f6rst\u00e5else f\u00f6r den f\u00f6r\u00e4lder som inte ens vill n\u00e4rma sig den sv\u00e5ra uppgiften att ordna begravningen av sitt barn. \u00c4nd\u00e5 \u00e4r det viktigt att f\u00e5 ta ett riktigt avsked, f\u00f6r att sedan kunna ta n\u00e4sta steg i sorgen.Ett viktigt led i bearbetningen av sorgen \u00e4r att ta ett v\u00e4rdigt och vackert farv\u00e4l [&hellip;]<\/p>\n","protected":false},"author":1,"featured_media":0,"parent":378,"menu_order":1,"comment_status":"closed","ping_status":"closed","template":"","meta":{"_acf_changed":false,"footnotes":""},"class_list":["post-438","page","type-page","status-publish","hentry"],"acf":[],"_links":{"self":[{"href":"https:\/\/utveckling.timecutcloud.com\/kinds\/wp-json\/wp\/v2\/pages\/438","targetHints":{"allow":["GET"]}}],"collection":[{"href":"https:\/\/utveckling.timecutcloud.com\/kinds\/wp-json\/wp\/v2\/pages"}],"about":[{"href":"https:\/\/utveckling.timecutcloud.com\/kinds\/wp-json\/wp\/v2\/types\/page"}],"author":[{"embeddable":true,"href":"https:\/\/utveckling.timecutcloud.com\/kinds\/wp-json\/wp\/v2\/users\/1"}],"replies":[{"embeddable":true,"href":"https:\/\/utveckling.timecutcloud.com\/kinds\/wp-json\/wp\/v2\/comments?post=438"}],"version-history":[{"count":1,"href":"https:\/\/utveckling.timecutcloud.com\/kinds\/wp-json\/wp\/v2\/pages\/438\/revisions"}],"predecessor-version":[{"id":451,"href":"https:\/\/utveckling.timecutcloud.com\/kinds\/wp-json\/wp\/v2\/pages\/438\/revisions\/451"}],"up":[{"embeddable":true,"href":"https:\/\/utveckling.timecutcloud.com\/kinds\/wp-json\/wp\/v2\/pages\/378"}],"wp:attachment":[{"href":"https:\/\/utveckling.timecutcloud.com\/kinds\/wp-json\/wp\/v2\/media?parent=438"}],"curies":[{"name":"wp","href":"https:\/\/api.w.org\/{rel}","templated":true}]}}