{"id":444,"date":"2025-03-13T10:27:26","date_gmt":"2025-03-13T09:27:26","guid":{"rendered":"https:\/\/utveckling.timecutcloud.com\/kinds\/?page_id=444"},"modified":"2025-03-13T10:27:27","modified_gmt":"2025-03-13T09:27:27","slug":"att-tanka-pa","status":"publish","type":"page","link":"https:\/\/utveckling.timecutcloud.com\/kinds\/begravningsgast\/att-tanka-pa\/","title":{"rendered":"Att t\u00e4nka p\u00e5"},"content":{"rendered":"\n<p>Viktigast av allt \u00e4r att vara n\u00e4rvarande och till st\u00f6d f\u00f6r den avlidnes anh\u00f6riga. De formella detaljerna \u00e4r mindre viktiga, men det kan vara bra att k\u00e4nna till de vanligaste formaliteterna inf\u00f6r begravningen.<\/p>\n\n\n\n<h4 class=\"wp-block-heading\">Kl\u00e4dsel<\/h4>\n\n\n\n<p>Hur formellt man beh\u00f6ver kl\u00e4 sig p\u00e5 begravningar varierar. Vanligast f\u00f6r m\u00e4n \u00e4r svart, m\u00f6rkbl\u00e5 eller m\u00f6rkgr\u00e5 kostym. Svart slips \u00e4r alltid korrekt. F\u00f6r kvinnor kan det inneb\u00e4ra m\u00f6rk eller svart dr\u00e4kt, kl\u00e4nning, svarta eller m\u00f6rka strumpor och en vit scarf\/halsduk.<\/p>\n\n\n\n<h4 class=\"wp-block-heading\">Ankomst<\/h4>\n\n\n\n<p>Som g\u00e4st vid en begravning \u00e4r det l\u00e4mpligt att komma c:a 15 minuter innan begravningen.<\/p>\n\n\n\n<h4 class=\"wp-block-heading\">Placering<\/h4>\n\n\n\n<p>V\u00e5r representant vid begravningen ser till att anh\u00f6riga, sl\u00e4ktingar och g\u00e4ster hamnar p\u00e5 r\u00e4tt plats i kyrkan\/kapellet.<\/p>\n","protected":false},"excerpt":{"rendered":"<p>Viktigast av allt \u00e4r att vara n\u00e4rvarande och till st\u00f6d f\u00f6r den avlidnes anh\u00f6riga. De formella detaljerna \u00e4r mindre viktiga, men det kan vara bra att k\u00e4nna till de vanligaste formaliteterna inf\u00f6r begravningen. Kl\u00e4dsel Hur formellt man beh\u00f6ver kl\u00e4 sig p\u00e5 begravningar varierar. Vanligast f\u00f6r m\u00e4n \u00e4r svart, m\u00f6rkbl\u00e5 eller m\u00f6rkgr\u00e5 kostym. Svart slips \u00e4r [&hellip;]<\/p>\n","protected":false},"author":1,"featured_media":0,"parent":792,"menu_order":1,"comment_status":"closed","ping_status":"closed","template":"","meta":{"_acf_changed":false,"footnotes":""},"class_list":["post-444","page","type-page","status-publish","hentry"],"acf":[],"_links":{"self":[{"href":"https:\/\/utveckling.timecutcloud.com\/kinds\/wp-json\/wp\/v2\/pages\/444","targetHints":{"allow":["GET"]}}],"collection":[{"href":"https:\/\/utveckling.timecutcloud.com\/kinds\/wp-json\/wp\/v2\/pages"}],"about":[{"href":"https:\/\/utveckling.timecutcloud.com\/kinds\/wp-json\/wp\/v2\/types\/page"}],"author":[{"embeddable":true,"href":"https:\/\/utveckling.timecutcloud.com\/kinds\/wp-json\/wp\/v2\/users\/1"}],"replies":[{"embeddable":true,"href":"https:\/\/utveckling.timecutcloud.com\/kinds\/wp-json\/wp\/v2\/comments?post=444"}],"version-history":[{"count":1,"href":"https:\/\/utveckling.timecutcloud.com\/kinds\/wp-json\/wp\/v2\/pages\/444\/revisions"}],"predecessor-version":[{"id":448,"href":"https:\/\/utveckling.timecutcloud.com\/kinds\/wp-json\/wp\/v2\/pages\/444\/revisions\/448"}],"up":[{"embeddable":true,"href":"https:\/\/utveckling.timecutcloud.com\/kinds\/wp-json\/wp\/v2\/pages\/792"}],"wp:attachment":[{"href":"https:\/\/utveckling.timecutcloud.com\/kinds\/wp-json\/wp\/v2\/media?parent=444"}],"curies":[{"name":"wp","href":"https:\/\/api.w.org\/{rel}","templated":true}]}}