{"id":449,"date":"2025-03-13T10:28:59","date_gmt":"2025-03-13T09:28:59","guid":{"rendered":"https:\/\/utveckling.timecutcloud.com\/kinds\/?page_id=449"},"modified":"2025-04-11T10:25:26","modified_gmt":"2025-04-11T08:25:26","slug":"blommor","status":"publish","type":"page","link":"https:\/\/utveckling.timecutcloud.com\/kinds\/begravningsgast\/blommor\/","title":{"rendered":"Blommor"},"content":{"rendered":"\n<p>Buketter och kransar till begravningen best\u00e4ller du genom oss p\u00e5 Kinds Begravningsbyr\u00e5 eller hos din blomsterhandlare, n\u00e5gra dagar f\u00f6re begravningen beroende p\u00e5 ditt val av arrangemang. Vanligt \u00e4r att flera g\u00e5r ihop om en krans eller bukett och att man skriver en h\u00e4lsning p\u00e5 ett kort eller ett band. En liten handbukett som l\u00e4ggs vid kistan eller i graven \u00e4r brukligt att ta med sig som en sista h\u00e4lsning.<\/p>\n\n\n\n<p>H\u00e4r nedan kan du se ett urval av blommor. Du kan \u00e4ven best\u00e4lla blommor till v\u00e5ra begravningar genom att klicka p\u00e5 best\u00e4ll knappen och sedan v\u00e4lja begravning<\/p>\n\n\n\n<link rel=\"stylesheet\" href=\"https:\/\/api.memoriz.se\/clients\/client-ef\/current\/css\/style.css\"\/>\n<script src=\"https:\/\/api.memoriz.se\/clients\/client-ef\/current\/js\/main.js\"><\/script>\n<div class=\"frontend-client-container sbf-app\"\n     id=\"block-app-sbf\"\n     data-init-hash=\"30f4\"\n     data-ng-app=\"ef\" ui-view>\n<\/div>\n","protected":false},"excerpt":{"rendered":"<p>Buketter och kransar till begravningen best\u00e4ller du genom oss p\u00e5 Kinds Begravningsbyr\u00e5 eller hos din blomsterhandlare, n\u00e5gra dagar f\u00f6re begravningen beroende p\u00e5 ditt val av arrangemang. Vanligt \u00e4r att flera g\u00e5r ihop om en krans eller bukett och att man skriver en h\u00e4lsning p\u00e5 ett kort eller ett band. En liten handbukett som l\u00e4ggs vid [&hellip;]<\/p>\n","protected":false},"author":1,"featured_media":0,"parent":792,"menu_order":2,"comment_status":"closed","ping_status":"closed","template":"","meta":{"_acf_changed":false,"footnotes":""},"class_list":["post-449","page","type-page","status-publish","hentry"],"acf":[],"_links":{"self":[{"href":"https:\/\/utveckling.timecutcloud.com\/kinds\/wp-json\/wp\/v2\/pages\/449","targetHints":{"allow":["GET"]}}],"collection":[{"href":"https:\/\/utveckling.timecutcloud.com\/kinds\/wp-json\/wp\/v2\/pages"}],"about":[{"href":"https:\/\/utveckling.timecutcloud.com\/kinds\/wp-json\/wp\/v2\/types\/page"}],"author":[{"embeddable":true,"href":"https:\/\/utveckling.timecutcloud.com\/kinds\/wp-json\/wp\/v2\/users\/1"}],"replies":[{"embeddable":true,"href":"https:\/\/utveckling.timecutcloud.com\/kinds\/wp-json\/wp\/v2\/comments?post=449"}],"version-history":[{"count":2,"href":"https:\/\/utveckling.timecutcloud.com\/kinds\/wp-json\/wp\/v2\/pages\/449\/revisions"}],"predecessor-version":[{"id":791,"href":"https:\/\/utveckling.timecutcloud.com\/kinds\/wp-json\/wp\/v2\/pages\/449\/revisions\/791"}],"up":[{"embeddable":true,"href":"https:\/\/utveckling.timecutcloud.com\/kinds\/wp-json\/wp\/v2\/pages\/792"}],"wp:attachment":[{"href":"https:\/\/utveckling.timecutcloud.com\/kinds\/wp-json\/wp\/v2\/media?parent=449"}],"curies":[{"name":"wp","href":"https:\/\/api.w.org\/{rel}","templated":true}]}}