{"id":452,"date":"2025-03-13T10:29:38","date_gmt":"2025-03-13T09:29:38","guid":{"rendered":"https:\/\/utveckling.timecutcloud.com\/kinds\/?page_id=452"},"modified":"2025-03-13T10:29:39","modified_gmt":"2025-03-13T09:29:39","slug":"pa-begravningsbyran-gar-vi-igenom-foljande","status":"publish","type":"page","link":"https:\/\/utveckling.timecutcloud.com\/kinds\/barnbegravning\/pa-begravningsbyran-gar-vi-igenom-foljande\/","title":{"rendered":"P\u00e5 begravningsbyr\u00e5n g\u00e5r vi igenom f\u00f6ljande"},"content":{"rendered":"\n<p>Vi hj\u00e4lper er att g\u00e5 igenom alla de praktiska fr\u00e5gor som man m\u00e5ste ta st\u00e4llning till. Vi vet att det \u00e4r sv\u00e5rt, men vi kommer att g\u00f6ra den h\u00e4r tunga delen s\u00e5 skonsam som m\u00f6jligt. Vi har listat de olika sakerna vi beh\u00f6ver g\u00e5 igenom i punktform, bara s\u00e5 att du \u00e4r f\u00f6rberedd.<\/p>\n\n\n\n<ul class=\"wp-block-list\">\n<li>Datum f\u00f6r begravningen<\/li>\n\n\n\n<li>Jordbegravning<\/li>\n\n\n\n<li>Kremationsbegravning<\/li>\n\n\n\n<li>Gravplats<\/li>\n\n\n\n<li>Begravning i kyrkan<\/li>\n\n\n\n<li>Borgerlig begravning<\/li>\n\n\n\n<li>D\u00f6dsannons<\/li>\n\n\n\n<li>Kista<\/li>\n\n\n\n<li>Urna<\/li>\n\n\n\n<li>Kistdekoration samt text p\u00e5 band<\/li>\n\n\n\n<li>Handbukett\/\u00f6vriga blommor<\/li>\n\n\n\n<li>Solist<\/li>\n\n\n\n<li>Musik<\/li>\n\n\n\n<li>Psalmkort<\/li>\n<\/ul>\n\n\n\n<p><\/p>\n","protected":false},"excerpt":{"rendered":"<p>Vi hj\u00e4lper er att g\u00e5 igenom alla de praktiska fr\u00e5gor som man m\u00e5ste ta st\u00e4llning till. Vi vet att det \u00e4r sv\u00e5rt, men vi kommer att g\u00f6ra den h\u00e4r tunga delen s\u00e5 skonsam som m\u00f6jligt. Vi har listat de olika sakerna vi beh\u00f6ver g\u00e5 igenom i punktform, bara s\u00e5 att du \u00e4r f\u00f6rberedd.<\/p>\n","protected":false},"author":1,"featured_media":0,"parent":378,"menu_order":2,"comment_status":"closed","ping_status":"closed","template":"","meta":{"_acf_changed":false,"footnotes":""},"class_list":["post-452","page","type-page","status-publish","hentry"],"acf":[],"_links":{"self":[{"href":"https:\/\/utveckling.timecutcloud.com\/kinds\/wp-json\/wp\/v2\/pages\/452","targetHints":{"allow":["GET"]}}],"collection":[{"href":"https:\/\/utveckling.timecutcloud.com\/kinds\/wp-json\/wp\/v2\/pages"}],"about":[{"href":"https:\/\/utveckling.timecutcloud.com\/kinds\/wp-json\/wp\/v2\/types\/page"}],"author":[{"embeddable":true,"href":"https:\/\/utveckling.timecutcloud.com\/kinds\/wp-json\/wp\/v2\/users\/1"}],"replies":[{"embeddable":true,"href":"https:\/\/utveckling.timecutcloud.com\/kinds\/wp-json\/wp\/v2\/comments?post=452"}],"version-history":[{"count":1,"href":"https:\/\/utveckling.timecutcloud.com\/kinds\/wp-json\/wp\/v2\/pages\/452\/revisions"}],"predecessor-version":[{"id":457,"href":"https:\/\/utveckling.timecutcloud.com\/kinds\/wp-json\/wp\/v2\/pages\/452\/revisions\/457"}],"up":[{"embeddable":true,"href":"https:\/\/utveckling.timecutcloud.com\/kinds\/wp-json\/wp\/v2\/pages\/378"}],"wp:attachment":[{"href":"https:\/\/utveckling.timecutcloud.com\/kinds\/wp-json\/wp\/v2\/media?parent=452"}],"curies":[{"name":"wp","href":"https:\/\/api.w.org\/{rel}","templated":true}]}}