{"id":454,"date":"2025-03-13T10:29:47","date_gmt":"2025-03-13T09:29:47","guid":{"rendered":"https:\/\/utveckling.timecutcloud.com\/kinds\/?page_id=454"},"modified":"2025-03-13T10:29:48","modified_gmt":"2025-03-13T09:29:48","slug":"minnesgavor","status":"publish","type":"page","link":"https:\/\/utveckling.timecutcloud.com\/kinds\/begravningsgast\/minnesgavor\/","title":{"rendered":"Minnesg\u00e5vor"},"content":{"rendered":"\n<p>Att l\u00e4mna en g\u00e5va till en fond \u00e4r ett v\u00e4rdigt och uppskattat s\u00e4tt att hedra minnet av en avliden person. Det finns olika m\u00f6jligheter att ge en utvald minnesg\u00e5va.<\/p>\n\n\n\n<p>Via FRII:s hemsida (Frivilligorganisationernas Insamlingsr\u00e5d) \u2013&nbsp;<a href=\"https:\/\/www.faronline.se\/dokument\/frivilligorganisationernas-insamlingsrad\/friiinledning\/\" target=\"_blank\" rel=\"noreferrer noopener\">www.faronline.se&nbsp;<\/a>&#8211; kan du g\u00e5 direkt in p\u00e5 Minnesg\u00e5vans hemsida och v\u00e4lja den fond du vill sk\u00e4nka pengar till. H\u00e4r hittar du ocks\u00e5 en f\u00f6rteckning \u00f6ver fonder som innehar 90-konton p\u00e5 Svensk Insamlingskontrolls hemsida \u2013&nbsp;<a href=\"http:\/\/www.insamlingskontroll.se\/\" target=\"_blank\" rel=\"noreferrer noopener\">www.insamlingskontroll.se<\/a>&nbsp;&#8211; Innehavet av ett sk 90-konto \u00e4r en viktig garanti f\u00f6r att den valda fonden.<\/p>\n\n\n\n<p><a href=\"https:\/\/www.kindsbegravningsbyra.se\/d%C3%B6dsannonser\" rel=\"noopener\">L\u00e4mna din minnesg\u00e5va h\u00e4r<\/a><\/p>\n","protected":false},"excerpt":{"rendered":"<p>Att l\u00e4mna en g\u00e5va till en fond \u00e4r ett v\u00e4rdigt och uppskattat s\u00e4tt att hedra minnet av en avliden person. Det finns olika m\u00f6jligheter att ge en utvald minnesg\u00e5va. Via FRII:s hemsida (Frivilligorganisationernas Insamlingsr\u00e5d) \u2013&nbsp;www.faronline.se&nbsp;&#8211; kan du g\u00e5 direkt in p\u00e5 Minnesg\u00e5vans hemsida och v\u00e4lja den fond du vill sk\u00e4nka pengar till. H\u00e4r hittar du [&hellip;]<\/p>\n","protected":false},"author":1,"featured_media":0,"parent":792,"menu_order":3,"comment_status":"closed","ping_status":"closed","template":"","meta":{"_acf_changed":false,"footnotes":""},"class_list":["post-454","page","type-page","status-publish","hentry"],"acf":[],"_links":{"self":[{"href":"https:\/\/utveckling.timecutcloud.com\/kinds\/wp-json\/wp\/v2\/pages\/454","targetHints":{"allow":["GET"]}}],"collection":[{"href":"https:\/\/utveckling.timecutcloud.com\/kinds\/wp-json\/wp\/v2\/pages"}],"about":[{"href":"https:\/\/utveckling.timecutcloud.com\/kinds\/wp-json\/wp\/v2\/types\/page"}],"author":[{"embeddable":true,"href":"https:\/\/utveckling.timecutcloud.com\/kinds\/wp-json\/wp\/v2\/users\/1"}],"replies":[{"embeddable":true,"href":"https:\/\/utveckling.timecutcloud.com\/kinds\/wp-json\/wp\/v2\/comments?post=454"}],"version-history":[{"count":1,"href":"https:\/\/utveckling.timecutcloud.com\/kinds\/wp-json\/wp\/v2\/pages\/454\/revisions"}],"predecessor-version":[{"id":459,"href":"https:\/\/utveckling.timecutcloud.com\/kinds\/wp-json\/wp\/v2\/pages\/454\/revisions\/459"}],"up":[{"embeddable":true,"href":"https:\/\/utveckling.timecutcloud.com\/kinds\/wp-json\/wp\/v2\/pages\/792"}],"wp:attachment":[{"href":"https:\/\/utveckling.timecutcloud.com\/kinds\/wp-json\/wp\/v2\/media?parent=454"}],"curies":[{"name":"wp","href":"https:\/\/api.w.org\/{rel}","templated":true}]}}