{"id":458,"date":"2025-03-13T10:32:24","date_gmt":"2025-03-13T09:32:24","guid":{"rendered":"https:\/\/utveckling.timecutcloud.com\/kinds\/?page_id=458"},"modified":"2025-03-13T10:34:59","modified_gmt":"2025-03-13T09:34:59","slug":"forsakringar-och-ekonomisk-hjalp","status":"publish","type":"page","link":"https:\/\/utveckling.timecutcloud.com\/kinds\/barnbegravning\/forsakringar-och-ekonomisk-hjalp\/","title":{"rendered":"F\u00f6rs\u00e4kringar och ekonomisk hj\u00e4lp"},"content":{"rendered":"\n<div class=\"wp-block-columns is-layout-flex wp-container-core-columns-is-layout-9d6595d7 wp-block-columns-is-layout-flex\">\n<div class=\"wp-block-column is-layout-flow wp-block-column-is-layout-flow\" style=\"flex-basis:100%\">\n<div class=\"wp-block-media-text is-stacked-on-mobile\" style=\"grid-template-columns:27% auto\"><figure class=\"wp-block-media-text__media\"><img loading=\"lazy\" decoding=\"async\" width=\"500\" height=\"750\" src=\"https:\/\/utveckling.timecutcloud.com\/kinds\/wp-content\/uploads\/2025\/03\/IMG_8626.jpg\" alt=\"\" class=\"wp-image-462 size-full\" srcset=\"https:\/\/utveckling.timecutcloud.com\/kinds\/wp-content\/uploads\/2025\/03\/IMG_8626.jpg 500w, https:\/\/utveckling.timecutcloud.com\/kinds\/wp-content\/uploads\/2025\/03\/IMG_8626-200x300.jpg 200w\" sizes=\"auto, (max-width: 500px) 100vw, 500px\" \/><\/figure><div class=\"wp-block-media-text__content\">\n<h4 class=\"wp-block-heading\">Ekonomiskt bist\u00e5nd<\/h4>\n\n\n\n<p>N\u00e4r det som inte f\u00e5r h\u00e4nda \u00e4nd\u00e5 h\u00e4nder, finns st\u00f6d av olika slag att f\u00e5. Ett st\u00f6d som man som f\u00f6r\u00e4lder kan beh\u00f6va \u00e4r ett ekonomiskt bist\u00e5nd. N\u00e4r ett barn d\u00f6r finns det olika typer av f\u00f6rs\u00e4kringar som kan vara aktuella beroende p\u00e5 f\u00f6r\u00e4ldrarnas situation.<\/p>\n\n\n\n<p>F\u00f6rs\u00e4kringskassan har tagit fram en guide till de olika f\u00f6rs\u00e4kringarna. Guiden \u00e4r uppdelad p\u00e5 situationerna om barnet d\u00f6r i samband med f\u00f6rlossningen, eller om barnet d\u00f6r senare i livet. L\u00e4s mer via nedanst\u00e5ende l\u00e4nkar:<\/p>\n\n\n\n<p><a href=\"https:\/\/www.forsakringskassan.se\/halso-och-sjukvarden\/foralder-och-barn\/nar-ett-barn-dor\" target=\"_blank\" rel=\"noreferrer noopener\">Om ett barn d\u00f6r i samband med f\u00f6rlossningen >><\/a><\/p>\n\n\n\n<p><a href=\"https:\/\/www.forsakringskassan.se\/halso-och-sjukvarden\/foralder-och-barn\/nar-ett-barn-dor\" target=\"_blank\" rel=\"noreferrer noopener\">Om ett barn d\u00f6r senare i livet >><\/a><\/p>\n<\/div><\/div>\n<\/div>\n<\/div>\n\n\n\n<h4 class=\"wp-block-heading\">Barnf\u00f6rs\u00e4kringar<\/h4>\n\n\n\n<p>En barnf\u00f6rs\u00e4kring ger barnet och familjen det extra skydd som kan beh\u00f6vas vid en sv\u00e5rare sjukdom eller skada genom olycksfall.<\/p>\n\n\n\n<p>I Sverige har alla barn f\u00f6rs\u00e4kring och r\u00e4tt till sjukv\u00e5rd och omsorg genom det allm\u00e4nna. Om barnet blir helt eller delvis invalidiserat eller inte kan arbeta som vuxen, r\u00e4cker s\u00e4llan det allm\u00e4nna skyddet f\u00f6r att kompensera f\u00f6r framtida inkomstf\u00f6rlust, extraarbete och kostnader.<\/p>\n\n\n\n<p>D\u00e4rf\u00f6r \u00e4r det en extra trygghet att skaffa n\u00e5gon av de barnf\u00f6rs\u00e4kringar, som finns hos de flesta f\u00f6rs\u00e4kringsbolag, om det v\u00e4rsta skulle h\u00e4nda.<\/p>\n\n\n\n<h4 class=\"wp-block-heading\">Barngrupplivsf\u00f6rs\u00e4kringar<\/h4>\n\n\n\n<p>En barngrupplivf\u00f6rs\u00e4kring kan ing\u00e5 i en gruppmedlems f\u00f6rs\u00e4kring och g\u00e4ller f\u00f6r ett arvsber\u00e4ttigat barn till en gruppmedlem. Den g\u00e4ller ocks\u00e5 f\u00f6r arvsber\u00e4ttigat barn till gruppmedlemmens make, registrerade partner eller sambo om barnet \u00e4r bokf\u00f6rt p\u00e5 gruppmedlemmens adress.<\/p>\n\n\n\n<p>Avlider barnet under f\u00f6rs\u00e4kringstiden utbetalas 25 000 kr som begravningshj\u00e4lp. De flesta stora f\u00f6rs\u00e4kringsbolag erbjuder barngrupplivf\u00f6rs\u00e4kringar.<\/p>\n\n\n\n<h4 class=\"wp-block-heading\">Skolf\u00f6rs\u00e4kringar<\/h4>\n\n\n\n<p>Alla barn \u00e4r f\u00f6rs\u00e4krade i skolan, men alla skolf\u00f6rs\u00e4kringar t\u00e4cker inte fritiden. Skolf\u00f6rs\u00e4kringar t\u00e4cker dessutom s\u00e4llan sjukdomar. Att komplettera med en egen sjuk- och olycksfallsf\u00f6rs\u00e4kring \u00e4r allts\u00e5 n\u00f6dv\u00e4ndigt i de av landets kommuner som endast f\u00f6rs\u00e4krar barnen under skoltid. De flesta stora f\u00f6rs\u00e4kringsbolag kan hj\u00e4lpa dig ta reda p\u00e5 om ditt barn beh\u00f6ver en kompletterande sjuk- och olycksfallsf\u00f6rs\u00e4kring.<\/p>\n","protected":false},"excerpt":{"rendered":"<p>Ekonomiskt bist\u00e5nd N\u00e4r det som inte f\u00e5r h\u00e4nda \u00e4nd\u00e5 h\u00e4nder, finns st\u00f6d av olika slag att f\u00e5. Ett st\u00f6d som man som f\u00f6r\u00e4lder kan beh\u00f6va \u00e4r ett ekonomiskt bist\u00e5nd. N\u00e4r ett barn d\u00f6r finns det olika typer av f\u00f6rs\u00e4kringar som kan vara aktuella beroende p\u00e5 f\u00f6r\u00e4ldrarnas situation. F\u00f6rs\u00e4kringskassan har tagit fram en guide till de [&hellip;]<\/p>\n","protected":false},"author":1,"featured_media":0,"parent":378,"menu_order":3,"comment_status":"closed","ping_status":"closed","template":"","meta":{"_acf_changed":false,"footnotes":""},"class_list":["post-458","page","type-page","status-publish","hentry"],"acf":[],"_links":{"self":[{"href":"https:\/\/utveckling.timecutcloud.com\/kinds\/wp-json\/wp\/v2\/pages\/458","targetHints":{"allow":["GET"]}}],"collection":[{"href":"https:\/\/utveckling.timecutcloud.com\/kinds\/wp-json\/wp\/v2\/pages"}],"about":[{"href":"https:\/\/utveckling.timecutcloud.com\/kinds\/wp-json\/wp\/v2\/types\/page"}],"author":[{"embeddable":true,"href":"https:\/\/utveckling.timecutcloud.com\/kinds\/wp-json\/wp\/v2\/users\/1"}],"replies":[{"embeddable":true,"href":"https:\/\/utveckling.timecutcloud.com\/kinds\/wp-json\/wp\/v2\/comments?post=458"}],"version-history":[{"count":4,"href":"https:\/\/utveckling.timecutcloud.com\/kinds\/wp-json\/wp\/v2\/pages\/458\/revisions"}],"predecessor-version":[{"id":476,"href":"https:\/\/utveckling.timecutcloud.com\/kinds\/wp-json\/wp\/v2\/pages\/458\/revisions\/476"}],"up":[{"embeddable":true,"href":"https:\/\/utveckling.timecutcloud.com\/kinds\/wp-json\/wp\/v2\/pages\/378"}],"wp:attachment":[{"href":"https:\/\/utveckling.timecutcloud.com\/kinds\/wp-json\/wp\/v2\/media?parent=458"}],"curies":[{"name":"wp","href":"https:\/\/api.w.org\/{rel}","templated":true}]}}