{"id":464,"date":"2025-03-13T10:32:06","date_gmt":"2025-03-13T09:32:06","guid":{"rendered":"https:\/\/utveckling.timecutcloud.com\/kinds\/?page_id=464"},"modified":"2025-03-13T10:32:07","modified_gmt":"2025-03-13T09:32:07","slug":"magasinet-memento","status":"publish","type":"page","link":"https:\/\/utveckling.timecutcloud.com\/kinds\/begravningsgast\/magasinet-memento\/","title":{"rendered":"Magasinet Memento"},"content":{"rendered":"\n<p>Tidningen Memento \u00e4r Sveriges enda tidning fr\u00e5n begravningsbranschen. Tidningen tar upp \u00e4mnen som till exempel det m\u00e5ngkulturella samh\u00e4llet, r\u00e4tten till v\u00e5r egen d\u00f6d, etik, juridik, nyheter, bokrecensioner och annat aktuellt. \u2028Hel\u00e5rsprenumeration 4 nummer 200 kronor.<\/p>\n\n\n\n<p><a href=\"http:\/\/shop.begravningar.se\/produkt\/2\/tidningen-memento\" target=\"_blank\" rel=\"noreferrer noopener\">K\u00f6p prenumeration eller senaste numret h\u00e4r &gt;&gt;<\/a><\/p>\n","protected":false},"excerpt":{"rendered":"<p>Tidningen Memento \u00e4r Sveriges enda tidning fr\u00e5n begravningsbranschen. Tidningen tar upp \u00e4mnen som till exempel det m\u00e5ngkulturella samh\u00e4llet, r\u00e4tten till v\u00e5r egen d\u00f6d, etik, juridik, nyheter, bokrecensioner och annat aktuellt. \u2028Hel\u00e5rsprenumeration 4 nummer 200 kronor. K\u00f6p prenumeration eller senaste numret h\u00e4r &gt;&gt;<\/p>\n","protected":false},"author":1,"featured_media":0,"parent":792,"menu_order":5,"comment_status":"closed","ping_status":"closed","template":"","meta":{"_acf_changed":false,"footnotes":""},"class_list":["post-464","page","type-page","status-publish","hentry"],"acf":[],"_links":{"self":[{"href":"https:\/\/utveckling.timecutcloud.com\/kinds\/wp-json\/wp\/v2\/pages\/464","targetHints":{"allow":["GET"]}}],"collection":[{"href":"https:\/\/utveckling.timecutcloud.com\/kinds\/wp-json\/wp\/v2\/pages"}],"about":[{"href":"https:\/\/utveckling.timecutcloud.com\/kinds\/wp-json\/wp\/v2\/types\/page"}],"author":[{"embeddable":true,"href":"https:\/\/utveckling.timecutcloud.com\/kinds\/wp-json\/wp\/v2\/users\/1"}],"replies":[{"embeddable":true,"href":"https:\/\/utveckling.timecutcloud.com\/kinds\/wp-json\/wp\/v2\/comments?post=464"}],"version-history":[{"count":1,"href":"https:\/\/utveckling.timecutcloud.com\/kinds\/wp-json\/wp\/v2\/pages\/464\/revisions"}],"predecessor-version":[{"id":466,"href":"https:\/\/utveckling.timecutcloud.com\/kinds\/wp-json\/wp\/v2\/pages\/464\/revisions\/466"}],"up":[{"embeddable":true,"href":"https:\/\/utveckling.timecutcloud.com\/kinds\/wp-json\/wp\/v2\/pages\/792"}],"wp:attachment":[{"href":"https:\/\/utveckling.timecutcloud.com\/kinds\/wp-json\/wp\/v2\/media?parent=464"}],"curies":[{"name":"wp","href":"https:\/\/api.w.org\/{rel}","templated":true}]}}