{"id":475,"date":"2025-02-28T15:20:09","date_gmt":"2025-03-13T09:34:58","guid":{"rendered":"https:\/\/utveckling.timecutcloud.com\/kinds\/?page_id=475"},"modified":"2026-02-23T14:09:18","modified_gmt":"2026-02-23T13:09:18","slug":"familjejuridik","status":"publish","type":"page","link":"https:\/\/utveckling.timecutcloud.com\/kinds\/juridik\/familjejuridik\/","title":{"rendered":"F\u00f6rs\u00e4kringar och familjejuridik"},"content":{"rendered":"\n<h4 class=\"wp-block-heading\">Familjejuridik<\/h4>\n\n\n\n<p>Bouppteckningar, arvskiften, samboavtal och f\u00f6rvaltningar av d\u00f6dsbon samt andra familjejuridiska fr\u00e5gor som exempelvis uppr\u00e4ttande av testamente, g\u00e5vobrev etc hj\u00e4lper Yvonne till med. Hon arbetar \u00e4ven med d\u00f6dsboets f\u00f6rs\u00e4kringar.&nbsp;<\/p>\n\n\n\n<p>Yvonne finns p\u00e5 v\u00e5rt kontor i Svenljunga men ocks\u00e5 i Gislaved vid inbokat m\u00f6te.<\/p>\n\n\n\n<h4 class=\"wp-block-heading\">Vill du hellre sk\u00f6ta dina juridiska \u00e4renden p\u00e5 n\u00e4tet sj\u00e4lv s\u00e5 g\u00e5r det ocks\u00e5 bra.<\/h4>\n\n\n\n<p><a href=\"https:\/\/utveckling.timecutcloud.com\/kinds\/juridik\/juridik-online\/\" data-type=\"page\" data-id=\"510\">Vidare till Juridik online<\/a><\/p>\n","protected":false},"excerpt":{"rendered":"<p>Familjejuridik Bouppteckningar, arvskiften, samboavtal och f\u00f6rvaltningar av d\u00f6dsbon samt andra familjejuridiska fr\u00e5gor som exempelvis uppr\u00e4ttande av testamente, g\u00e5vobrev etc hj\u00e4lper Yvonne till med. Hon arbetar \u00e4ven med d\u00f6dsboets f\u00f6rs\u00e4kringar.&nbsp; Yvonne finns p\u00e5 v\u00e5rt kontor i Svenljunga men ocks\u00e5 i Gislaved vid inbokat m\u00f6te. Vill du hellre sk\u00f6ta dina juridiska \u00e4renden p\u00e5 n\u00e4tet sj\u00e4lv s\u00e5 g\u00e5r [&hellip;]<\/p>\n","protected":false},"author":1,"featured_media":0,"parent":771,"menu_order":0,"comment_status":"closed","ping_status":"closed","template":"","meta":{"_acf_changed":false,"footnotes":""},"class_list":["post-475","page","type-page","status-publish","hentry"],"acf":[],"_links":{"self":[{"href":"https:\/\/utveckling.timecutcloud.com\/kinds\/wp-json\/wp\/v2\/pages\/475","targetHints":{"allow":["GET"]}}],"collection":[{"href":"https:\/\/utveckling.timecutcloud.com\/kinds\/wp-json\/wp\/v2\/pages"}],"about":[{"href":"https:\/\/utveckling.timecutcloud.com\/kinds\/wp-json\/wp\/v2\/types\/page"}],"author":[{"embeddable":true,"href":"https:\/\/utveckling.timecutcloud.com\/kinds\/wp-json\/wp\/v2\/users\/1"}],"replies":[{"embeddable":true,"href":"https:\/\/utveckling.timecutcloud.com\/kinds\/wp-json\/wp\/v2\/comments?post=475"}],"version-history":[{"count":3,"href":"https:\/\/utveckling.timecutcloud.com\/kinds\/wp-json\/wp\/v2\/pages\/475\/revisions"}],"predecessor-version":[{"id":1280,"href":"https:\/\/utveckling.timecutcloud.com\/kinds\/wp-json\/wp\/v2\/pages\/475\/revisions\/1280"}],"up":[{"embeddable":true,"href":"https:\/\/utveckling.timecutcloud.com\/kinds\/wp-json\/wp\/v2\/pages\/771"}],"wp:attachment":[{"href":"https:\/\/utveckling.timecutcloud.com\/kinds\/wp-json\/wp\/v2\/media?parent=475"}],"curies":[{"name":"wp","href":"https:\/\/api.w.org\/{rel}","templated":true}]}}