{"id":480,"date":"2025-03-13T10:36:17","date_gmt":"2025-03-13T09:36:17","guid":{"rendered":"https:\/\/utveckling.timecutcloud.com\/kinds\/?page_id=480"},"modified":"2025-03-13T10:36:18","modified_gmt":"2025-03-13T09:36:18","slug":"bouppteckning","status":"publish","type":"page","link":"https:\/\/utveckling.timecutcloud.com\/kinds\/juridik\/bouppteckning\/","title":{"rendered":"Bouppteckning"},"content":{"rendered":"\n<p>En bouppteckning \u00e4r en handling som registreras hos Skatteverket och som ska uppr\u00e4ttas inom 3 m\u00e5nader efter d\u00f6dsfallet. Den ska fastst\u00e4lla vem som \u00e4r d\u00f6dsbodel\u00e4gare, efterarvingar samt testamentstagare. D\u00e4r redovisas den avlidnes, och eventuell efterlevande makes\/sambos tillg\u00e5ngar och skulder. Dessutom ska f\u00f6rekomst av testamente och\/eller \u00e4ktenskapsf\u00f6rord antecknas. Samtliga d\u00f6dsbodel\u00e4gare och efterarvingar kallas till en bouppteckningsf\u00f6rr\u00e4ttning. Sedan 2005 \u00e4r arvsskatten slopad.<\/p>\n","protected":false},"excerpt":{"rendered":"<p>En bouppteckning \u00e4r en handling som registreras hos Skatteverket och som ska uppr\u00e4ttas inom 3 m\u00e5nader efter d\u00f6dsfallet. Den ska fastst\u00e4lla vem som \u00e4r d\u00f6dsbodel\u00e4gare, efterarvingar samt testamentstagare. D\u00e4r redovisas den avlidnes, och eventuell efterlevande makes\/sambos tillg\u00e5ngar och skulder. Dessutom ska f\u00f6rekomst av testamente och\/eller \u00e4ktenskapsf\u00f6rord antecknas. Samtliga d\u00f6dsbodel\u00e4gare och efterarvingar kallas till en bouppteckningsf\u00f6rr\u00e4ttning. [&hellip;]<\/p>\n","protected":false},"author":1,"featured_media":0,"parent":771,"menu_order":1,"comment_status":"closed","ping_status":"closed","template":"","meta":{"_acf_changed":false,"footnotes":""},"class_list":["post-480","page","type-page","status-publish","hentry"],"acf":[],"_links":{"self":[{"href":"https:\/\/utveckling.timecutcloud.com\/kinds\/wp-json\/wp\/v2\/pages\/480","targetHints":{"allow":["GET"]}}],"collection":[{"href":"https:\/\/utveckling.timecutcloud.com\/kinds\/wp-json\/wp\/v2\/pages"}],"about":[{"href":"https:\/\/utveckling.timecutcloud.com\/kinds\/wp-json\/wp\/v2\/types\/page"}],"author":[{"embeddable":true,"href":"https:\/\/utveckling.timecutcloud.com\/kinds\/wp-json\/wp\/v2\/users\/1"}],"replies":[{"embeddable":true,"href":"https:\/\/utveckling.timecutcloud.com\/kinds\/wp-json\/wp\/v2\/comments?post=480"}],"version-history":[{"count":1,"href":"https:\/\/utveckling.timecutcloud.com\/kinds\/wp-json\/wp\/v2\/pages\/480\/revisions"}],"predecessor-version":[{"id":483,"href":"https:\/\/utveckling.timecutcloud.com\/kinds\/wp-json\/wp\/v2\/pages\/480\/revisions\/483"}],"up":[{"embeddable":true,"href":"https:\/\/utveckling.timecutcloud.com\/kinds\/wp-json\/wp\/v2\/pages\/771"}],"wp:attachment":[{"href":"https:\/\/utveckling.timecutcloud.com\/kinds\/wp-json\/wp\/v2\/media?parent=480"}],"curies":[{"name":"wp","href":"https:\/\/api.w.org\/{rel}","templated":true}]}}