{"id":484,"date":"2025-03-13T10:36:58","date_gmt":"2025-03-13T09:36:58","guid":{"rendered":"https:\/\/utveckling.timecutcloud.com\/kinds\/?page_id=484"},"modified":"2025-03-13T10:36:59","modified_gmt":"2025-03-13T09:36:59","slug":"samboavtal","status":"publish","type":"page","link":"https:\/\/utveckling.timecutcloud.com\/kinds\/juridik\/samboavtal\/","title":{"rendered":"Samboavtal"},"content":{"rendered":"\n<p>Allt fler lever i sambof\u00f6rh\u00e5llanden men m\u00e5nga saknar kunskap om vad som g\u00e4ller rent juridiskt. Det \u00e4r stor skillnad mellan att vara gift och sambo och m\u00e5nga vet inte hur or\u00e4ttvist det kan bli och upplevas vid en separation.<br>Visste du till exempel att om du och din sambo skaffar en bostad f\u00f6r gemensamt bruk s\u00e4ger sambolagen att v\u00e4rdet av den ska delas lika vid en separation. Det spelar inte n\u00e5gon roll vem som st\u00e5r p\u00e5 l\u00e5net, kontraktet eller vem som lagt in kontantinsatsen.<\/p>\n","protected":false},"excerpt":{"rendered":"<p>Allt fler lever i sambof\u00f6rh\u00e5llanden men m\u00e5nga saknar kunskap om vad som g\u00e4ller rent juridiskt. Det \u00e4r stor skillnad mellan att vara gift och sambo och m\u00e5nga vet inte hur or\u00e4ttvist det kan bli och upplevas vid en separation.Visste du till exempel att om du och din sambo skaffar en bostad f\u00f6r gemensamt bruk s\u00e4ger [&hellip;]<\/p>\n","protected":false},"author":1,"featured_media":0,"parent":771,"menu_order":2,"comment_status":"closed","ping_status":"closed","template":"","meta":{"_acf_changed":false,"footnotes":""},"class_list":["post-484","page","type-page","status-publish","hentry"],"acf":[],"_links":{"self":[{"href":"https:\/\/utveckling.timecutcloud.com\/kinds\/wp-json\/wp\/v2\/pages\/484","targetHints":{"allow":["GET"]}}],"collection":[{"href":"https:\/\/utveckling.timecutcloud.com\/kinds\/wp-json\/wp\/v2\/pages"}],"about":[{"href":"https:\/\/utveckling.timecutcloud.com\/kinds\/wp-json\/wp\/v2\/types\/page"}],"author":[{"embeddable":true,"href":"https:\/\/utveckling.timecutcloud.com\/kinds\/wp-json\/wp\/v2\/users\/1"}],"replies":[{"embeddable":true,"href":"https:\/\/utveckling.timecutcloud.com\/kinds\/wp-json\/wp\/v2\/comments?post=484"}],"version-history":[{"count":1,"href":"https:\/\/utveckling.timecutcloud.com\/kinds\/wp-json\/wp\/v2\/pages\/484\/revisions"}],"predecessor-version":[{"id":486,"href":"https:\/\/utveckling.timecutcloud.com\/kinds\/wp-json\/wp\/v2\/pages\/484\/revisions\/486"}],"up":[{"embeddable":true,"href":"https:\/\/utveckling.timecutcloud.com\/kinds\/wp-json\/wp\/v2\/pages\/771"}],"wp:attachment":[{"href":"https:\/\/utveckling.timecutcloud.com\/kinds\/wp-json\/wp\/v2\/media?parent=484"}],"curies":[{"name":"wp","href":"https:\/\/api.w.org\/{rel}","templated":true}]}}