{"id":487,"date":"2025-03-13T10:37:41","date_gmt":"2025-03-13T09:37:41","guid":{"rendered":"https:\/\/utveckling.timecutcloud.com\/kinds\/?page_id=487"},"modified":"2025-03-13T10:37:42","modified_gmt":"2025-03-13T09:37:42","slug":"gavobrev","status":"publish","type":"page","link":"https:\/\/utveckling.timecutcloud.com\/kinds\/juridik\/gavobrev\/","title":{"rendered":"G\u00e5vobrev"},"content":{"rendered":"\n<p>Ett g\u00e5vobrev beh\u00f6ver du n\u00e4r du vill ge bort n\u00e5got v\u00e4rdefullt, exempelvis en fastighet eller en del d\u00e4rav, d\u00e5 g\u00e5vobrevet blir den handling som man s\u00f6ker lagfart p\u00e5, eller en st\u00f6rre summa pengar till ditt barnbarn. Med ett g\u00e5vobrev kan du bland annat skriva in villkor som skapar trygghet f\u00f6r mottagaren eller best\u00e4mma att g\u00e5van inte ska vara f\u00f6rskott p\u00e5 arv.<\/p>\n","protected":false},"excerpt":{"rendered":"<p>Ett g\u00e5vobrev beh\u00f6ver du n\u00e4r du vill ge bort n\u00e5got v\u00e4rdefullt, exempelvis en fastighet eller en del d\u00e4rav, d\u00e5 g\u00e5vobrevet blir den handling som man s\u00f6ker lagfart p\u00e5, eller en st\u00f6rre summa pengar till ditt barnbarn. Med ett g\u00e5vobrev kan du bland annat skriva in villkor som skapar trygghet f\u00f6r mottagaren eller best\u00e4mma att g\u00e5van [&hellip;]<\/p>\n","protected":false},"author":1,"featured_media":0,"parent":771,"menu_order":3,"comment_status":"closed","ping_status":"closed","template":"","meta":{"_acf_changed":false,"footnotes":""},"class_list":["post-487","page","type-page","status-publish","hentry"],"acf":[],"_links":{"self":[{"href":"https:\/\/utveckling.timecutcloud.com\/kinds\/wp-json\/wp\/v2\/pages\/487","targetHints":{"allow":["GET"]}}],"collection":[{"href":"https:\/\/utveckling.timecutcloud.com\/kinds\/wp-json\/wp\/v2\/pages"}],"about":[{"href":"https:\/\/utveckling.timecutcloud.com\/kinds\/wp-json\/wp\/v2\/types\/page"}],"author":[{"embeddable":true,"href":"https:\/\/utveckling.timecutcloud.com\/kinds\/wp-json\/wp\/v2\/users\/1"}],"replies":[{"embeddable":true,"href":"https:\/\/utveckling.timecutcloud.com\/kinds\/wp-json\/wp\/v2\/comments?post=487"}],"version-history":[{"count":1,"href":"https:\/\/utveckling.timecutcloud.com\/kinds\/wp-json\/wp\/v2\/pages\/487\/revisions"}],"predecessor-version":[{"id":495,"href":"https:\/\/utveckling.timecutcloud.com\/kinds\/wp-json\/wp\/v2\/pages\/487\/revisions\/495"}],"up":[{"embeddable":true,"href":"https:\/\/utveckling.timecutcloud.com\/kinds\/wp-json\/wp\/v2\/pages\/771"}],"wp:attachment":[{"href":"https:\/\/utveckling.timecutcloud.com\/kinds\/wp-json\/wp\/v2\/media?parent=487"}],"curies":[{"name":"wp","href":"https:\/\/api.w.org\/{rel}","templated":true}]}}