{"id":496,"date":"2025-03-13T10:38:17","date_gmt":"2025-03-13T09:38:17","guid":{"rendered":"https:\/\/utveckling.timecutcloud.com\/kinds\/?page_id=496"},"modified":"2025-03-13T10:38:19","modified_gmt":"2025-03-13T09:38:19","slug":"forvaltning","status":"publish","type":"page","link":"https:\/\/utveckling.timecutcloud.com\/kinds\/juridik\/forvaltning\/","title":{"rendered":"F\u00f6rvaltning"},"content":{"rendered":"\n<p>N\u00e4r en m\u00e4nniska d\u00f6r uppst\u00e5r m\u00e5nga praktiska saker att ta itu med. F\u00f6rst och fr\u00e4mst skall n\u00e5gon eller n\u00e5gra f\u00f6rvalta boet, dvs ta hand om post, betala r\u00e4kningar, s\u00e4ga upp abonnemang mm. I m\u00e5nga fall l\u00f6ser man det inom familjen men ibland finns det ingen som kan\/vill ta hand om f\u00f6rvaltningen. Vi kan erbjuda d\u00f6dsbof\u00f6rvaltning d\u00e4r vi ombes\u00f6rjer att ta hand om boet.\u00a0<\/p>\n","protected":false},"excerpt":{"rendered":"<p>N\u00e4r en m\u00e4nniska d\u00f6r uppst\u00e5r m\u00e5nga praktiska saker att ta itu med. F\u00f6rst och fr\u00e4mst skall n\u00e5gon eller n\u00e5gra f\u00f6rvalta boet, dvs ta hand om post, betala r\u00e4kningar, s\u00e4ga upp abonnemang mm. I m\u00e5nga fall l\u00f6ser man det inom familjen men ibland finns det ingen som kan\/vill ta hand om f\u00f6rvaltningen. Vi kan erbjuda d\u00f6dsbof\u00f6rvaltning [&hellip;]<\/p>\n","protected":false},"author":1,"featured_media":0,"parent":771,"menu_order":4,"comment_status":"closed","ping_status":"closed","template":"","meta":{"_acf_changed":false,"footnotes":""},"class_list":["post-496","page","type-page","status-publish","hentry"],"acf":[],"_links":{"self":[{"href":"https:\/\/utveckling.timecutcloud.com\/kinds\/wp-json\/wp\/v2\/pages\/496","targetHints":{"allow":["GET"]}}],"collection":[{"href":"https:\/\/utveckling.timecutcloud.com\/kinds\/wp-json\/wp\/v2\/pages"}],"about":[{"href":"https:\/\/utveckling.timecutcloud.com\/kinds\/wp-json\/wp\/v2\/types\/page"}],"author":[{"embeddable":true,"href":"https:\/\/utveckling.timecutcloud.com\/kinds\/wp-json\/wp\/v2\/users\/1"}],"replies":[{"embeddable":true,"href":"https:\/\/utveckling.timecutcloud.com\/kinds\/wp-json\/wp\/v2\/comments?post=496"}],"version-history":[{"count":1,"href":"https:\/\/utveckling.timecutcloud.com\/kinds\/wp-json\/wp\/v2\/pages\/496\/revisions"}],"predecessor-version":[{"id":498,"href":"https:\/\/utveckling.timecutcloud.com\/kinds\/wp-json\/wp\/v2\/pages\/496\/revisions\/498"}],"up":[{"embeddable":true,"href":"https:\/\/utveckling.timecutcloud.com\/kinds\/wp-json\/wp\/v2\/pages\/771"}],"wp:attachment":[{"href":"https:\/\/utveckling.timecutcloud.com\/kinds\/wp-json\/wp\/v2\/media?parent=496"}],"curies":[{"name":"wp","href":"https:\/\/api.w.org\/{rel}","templated":true}]}}