{"id":499,"date":"2025-03-13T10:38:55","date_gmt":"2025-03-13T09:38:55","guid":{"rendered":"https:\/\/utveckling.timecutcloud.com\/kinds\/?page_id=499"},"modified":"2025-03-13T10:38:57","modified_gmt":"2025-03-13T09:38:57","slug":"testamente","status":"publish","type":"page","link":"https:\/\/utveckling.timecutcloud.com\/kinds\/juridik\/testamente\/","title":{"rendered":"Testamente"},"content":{"rendered":"\n<p>Genom att skriva ett testamente underl\u00e4ttar du f\u00f6r dina anh\u00f6riga och undviker \u00f6verraskningar och oklarheter i framtiden. Med ett testamente kan du se till att de du vill ska \u00e4rva dig ocks\u00e5 g\u00f6r det.<\/p>\n\n\n\n<p>Ett testamente \u00e4r en persons yttersta vilja och en handling som inneh\u00e5ller instruktioner om arvet och vem eller vilka som ska \u00e4rva. Det kan uppr\u00e4ttas n\u00e4r som helst och kan \u00e4ven \u00e4ndras n\u00e4r man s\u00e5 \u00f6nskar. Vi hj\u00e4lper till med allt som r\u00f6r testamente och ser till att det uppr\u00e4ttas p\u00e5 ett korrekt s\u00e4tt. Vi f\u00f6rvarar det ocks\u00e5 \u00e5t dig och ser till att du kan revidera det n\u00e4r det \u00e4n blir n\u00f6dv\u00e4ndigt.<\/p>\n","protected":false},"excerpt":{"rendered":"<p>Genom att skriva ett testamente underl\u00e4ttar du f\u00f6r dina anh\u00f6riga och undviker \u00f6verraskningar och oklarheter i framtiden. Med ett testamente kan du se till att de du vill ska \u00e4rva dig ocks\u00e5 g\u00f6r det. Ett testamente \u00e4r en persons yttersta vilja och en handling som inneh\u00e5ller instruktioner om arvet och vem eller vilka som ska [&hellip;]<\/p>\n","protected":false},"author":1,"featured_media":0,"parent":771,"menu_order":5,"comment_status":"closed","ping_status":"closed","template":"","meta":{"_acf_changed":false,"footnotes":""},"class_list":["post-499","page","type-page","status-publish","hentry"],"acf":[],"_links":{"self":[{"href":"https:\/\/utveckling.timecutcloud.com\/kinds\/wp-json\/wp\/v2\/pages\/499","targetHints":{"allow":["GET"]}}],"collection":[{"href":"https:\/\/utveckling.timecutcloud.com\/kinds\/wp-json\/wp\/v2\/pages"}],"about":[{"href":"https:\/\/utveckling.timecutcloud.com\/kinds\/wp-json\/wp\/v2\/types\/page"}],"author":[{"embeddable":true,"href":"https:\/\/utveckling.timecutcloud.com\/kinds\/wp-json\/wp\/v2\/users\/1"}],"replies":[{"embeddable":true,"href":"https:\/\/utveckling.timecutcloud.com\/kinds\/wp-json\/wp\/v2\/comments?post=499"}],"version-history":[{"count":1,"href":"https:\/\/utveckling.timecutcloud.com\/kinds\/wp-json\/wp\/v2\/pages\/499\/revisions"}],"predecessor-version":[{"id":502,"href":"https:\/\/utveckling.timecutcloud.com\/kinds\/wp-json\/wp\/v2\/pages\/499\/revisions\/502"}],"up":[{"embeddable":true,"href":"https:\/\/utveckling.timecutcloud.com\/kinds\/wp-json\/wp\/v2\/pages\/771"}],"wp:attachment":[{"href":"https:\/\/utveckling.timecutcloud.com\/kinds\/wp-json\/wp\/v2\/media?parent=499"}],"curies":[{"name":"wp","href":"https:\/\/api.w.org\/{rel}","templated":true}]}}