{"id":503,"date":"2025-03-13T10:39:44","date_gmt":"2025-03-13T09:39:44","guid":{"rendered":"https:\/\/utveckling.timecutcloud.com\/kinds\/?page_id=503"},"modified":"2025-03-13T10:39:46","modified_gmt":"2025-03-13T09:39:46","slug":"arvskiften-bodelning","status":"publish","type":"page","link":"https:\/\/utveckling.timecutcloud.com\/kinds\/juridik\/arvskiften-bodelning\/","title":{"rendered":"Arvskiften &amp; Bodelning"},"content":{"rendered":"\n<p>N\u00e4r bouppteckningen \u00e4r inregistrerad och d\u00f6dsbof\u00f6rvaltningen \u00e4r klar ska boets tillg\u00e5ngar f\u00f6rdelas mellan arvingarna. Detta sker genom ett sk arvskifte. I arvskiftet redovisar man hur arvet f\u00f6rdelas, skiftet ska godk\u00e4nnas av samtliga d\u00f6dsbodel\u00e4gare.<\/p>\n\n\n\n<p>Om den avlidne var gift eller hade ing\u00e5tt registrerat partnerskap ska bodelningen ske f\u00f6re arvskiftet. Om det finns en efterlevande sambo och om denne har beg\u00e4rt bodelning ska den ocks\u00e5 g\u00f6ras f\u00f6re arvskiftet.<\/p>\n","protected":false},"excerpt":{"rendered":"<p>N\u00e4r bouppteckningen \u00e4r inregistrerad och d\u00f6dsbof\u00f6rvaltningen \u00e4r klar ska boets tillg\u00e5ngar f\u00f6rdelas mellan arvingarna. Detta sker genom ett sk arvskifte. I arvskiftet redovisar man hur arvet f\u00f6rdelas, skiftet ska godk\u00e4nnas av samtliga d\u00f6dsbodel\u00e4gare. Om den avlidne var gift eller hade ing\u00e5tt registrerat partnerskap ska bodelningen ske f\u00f6re arvskiftet. Om det finns en efterlevande sambo och [&hellip;]<\/p>\n","protected":false},"author":1,"featured_media":0,"parent":771,"menu_order":6,"comment_status":"closed","ping_status":"closed","template":"","meta":{"_acf_changed":false,"footnotes":""},"class_list":["post-503","page","type-page","status-publish","hentry"],"acf":[],"_links":{"self":[{"href":"https:\/\/utveckling.timecutcloud.com\/kinds\/wp-json\/wp\/v2\/pages\/503","targetHints":{"allow":["GET"]}}],"collection":[{"href":"https:\/\/utveckling.timecutcloud.com\/kinds\/wp-json\/wp\/v2\/pages"}],"about":[{"href":"https:\/\/utveckling.timecutcloud.com\/kinds\/wp-json\/wp\/v2\/types\/page"}],"author":[{"embeddable":true,"href":"https:\/\/utveckling.timecutcloud.com\/kinds\/wp-json\/wp\/v2\/users\/1"}],"replies":[{"embeddable":true,"href":"https:\/\/utveckling.timecutcloud.com\/kinds\/wp-json\/wp\/v2\/comments?post=503"}],"version-history":[{"count":1,"href":"https:\/\/utveckling.timecutcloud.com\/kinds\/wp-json\/wp\/v2\/pages\/503\/revisions"}],"predecessor-version":[{"id":505,"href":"https:\/\/utveckling.timecutcloud.com\/kinds\/wp-json\/wp\/v2\/pages\/503\/revisions\/505"}],"up":[{"embeddable":true,"href":"https:\/\/utveckling.timecutcloud.com\/kinds\/wp-json\/wp\/v2\/pages\/771"}],"wp:attachment":[{"href":"https:\/\/utveckling.timecutcloud.com\/kinds\/wp-json\/wp\/v2\/media?parent=503"}],"curies":[{"name":"wp","href":"https:\/\/api.w.org\/{rel}","templated":true}]}}