{"id":506,"date":"2025-03-13T10:40:28","date_gmt":"2025-03-13T09:40:28","guid":{"rendered":"https:\/\/utveckling.timecutcloud.com\/kinds\/?page_id=506"},"modified":"2025-03-13T10:40:29","modified_gmt":"2025-03-13T09:40:29","slug":"inventera-forsakringar","status":"publish","type":"page","link":"https:\/\/utveckling.timecutcloud.com\/kinds\/juridik\/inventera-forsakringar\/","title":{"rendered":"Inventera f\u00f6rs\u00e4kringar"},"content":{"rendered":"\n<p>M\u00e5nga har knappt koll p\u00e5 sina egna f\u00f6rs\u00e4kringar och \u00e4nnu mindre en n\u00e4ra anh\u00f6rig. I vissa fall finns det f\u00f6rs\u00e4kringar som t\u00e4cker hela begravningskostnaden.&nbsp;<\/p>\n\n\n\n<p>Det g\u00e5r att g\u00f6ra en f\u00f6rs\u00e4kringsinventering upp till 10 \u00e5r efter ett d\u00f6dsfall har skett och givetvis \u00e4ven p\u00e5 de efterlevande ocks\u00e5.&nbsp;<\/p>\n\n\n\n<p>L\u00e4s mer om att g\u00f6ra en f\u00f6rs\u00e4kringsinventering<\/p>\n\n\n\n<p><a href=\"https:\/\/www.kindsbegravningsbyra.se\/f%C3%B6rs%C3%A4kringsinventering\" rel=\"noopener\">F\u00f6rs\u00e4kringsinventering<\/a><\/p>\n","protected":false},"excerpt":{"rendered":"<p>M\u00e5nga har knappt koll p\u00e5 sina egna f\u00f6rs\u00e4kringar och \u00e4nnu mindre en n\u00e4ra anh\u00f6rig. I vissa fall finns det f\u00f6rs\u00e4kringar som t\u00e4cker hela begravningskostnaden.&nbsp; Det g\u00e5r att g\u00f6ra en f\u00f6rs\u00e4kringsinventering upp till 10 \u00e5r efter ett d\u00f6dsfall har skett och givetvis \u00e4ven p\u00e5 de efterlevande ocks\u00e5.&nbsp; L\u00e4s mer om att g\u00f6ra en f\u00f6rs\u00e4kringsinventering F\u00f6rs\u00e4kringsinventering<\/p>\n","protected":false},"author":1,"featured_media":0,"parent":771,"menu_order":7,"comment_status":"closed","ping_status":"closed","template":"","meta":{"_acf_changed":false,"footnotes":""},"class_list":["post-506","page","type-page","status-publish","hentry"],"acf":[],"_links":{"self":[{"href":"https:\/\/utveckling.timecutcloud.com\/kinds\/wp-json\/wp\/v2\/pages\/506","targetHints":{"allow":["GET"]}}],"collection":[{"href":"https:\/\/utveckling.timecutcloud.com\/kinds\/wp-json\/wp\/v2\/pages"}],"about":[{"href":"https:\/\/utveckling.timecutcloud.com\/kinds\/wp-json\/wp\/v2\/types\/page"}],"author":[{"embeddable":true,"href":"https:\/\/utveckling.timecutcloud.com\/kinds\/wp-json\/wp\/v2\/users\/1"}],"replies":[{"embeddable":true,"href":"https:\/\/utveckling.timecutcloud.com\/kinds\/wp-json\/wp\/v2\/comments?post=506"}],"version-history":[{"count":1,"href":"https:\/\/utveckling.timecutcloud.com\/kinds\/wp-json\/wp\/v2\/pages\/506\/revisions"}],"predecessor-version":[{"id":509,"href":"https:\/\/utveckling.timecutcloud.com\/kinds\/wp-json\/wp\/v2\/pages\/506\/revisions\/509"}],"up":[{"embeddable":true,"href":"https:\/\/utveckling.timecutcloud.com\/kinds\/wp-json\/wp\/v2\/pages\/771"}],"wp:attachment":[{"href":"https:\/\/utveckling.timecutcloud.com\/kinds\/wp-json\/wp\/v2\/media?parent=506"}],"curies":[{"name":"wp","href":"https:\/\/api.w.org\/{rel}","templated":true}]}}