{"id":510,"date":"2025-03-13T10:41:04","date_gmt":"2025-03-13T09:41:04","guid":{"rendered":"https:\/\/utveckling.timecutcloud.com\/kinds\/?page_id=510"},"modified":"2025-03-13T10:41:06","modified_gmt":"2025-03-13T09:41:06","slug":"juridik-online","status":"publish","type":"page","link":"https:\/\/utveckling.timecutcloud.com\/kinds\/juridik\/juridik-online\/","title":{"rendered":"Juridik online"},"content":{"rendered":"\n<h4 class=\"wp-block-heading\">G\u00f6r dina familjejuridiska dokument sj\u00e4lv<\/h4>\n\n\n\n<p>Du kan g\u00f6ra m\u00e5nga familjejuridiska dokument sj\u00e4lv via v\u00e5r samarbetspartner Lexly. Du kan arbeta med dina dokument n\u00e4r du vill och du har tillg\u00e5ng till deras kundtj\u00e4nst ocks\u00e5 kv\u00e4llstid om du har fr\u00e5gor. Denna onlinetj\u00e4nst kan du anv\u00e4nda n\u00e4r du \u00e4r klar \u00f6ver vad du vill med t.ex. ditt testamente, g\u00e5vobrev, samboavtal etc. Webbtj\u00e4nsten hj\u00e4lper dig hela v\u00e4gen till korrekt juridiskt giltiga dokument. Om du \u00e4r os\u00e4ker s\u00e5 rekommenderar vi att du ist\u00e4llet kontakta oss s\u00e5 g\u00e5r vi igenom din situation.<a href=\"https:\/\/lexly.se\/partners\/sbf?utm__source=kindsbegravningsbyra&amp;utm_medium=referral&amp;utm_campaign=privat\" rel=\"noopener\">Till Lexly &gt;&gt;<\/a><\/p>\n","protected":false},"excerpt":{"rendered":"<p>G\u00f6r dina familjejuridiska dokument sj\u00e4lv Du kan g\u00f6ra m\u00e5nga familjejuridiska dokument sj\u00e4lv via v\u00e5r samarbetspartner Lexly. Du kan arbeta med dina dokument n\u00e4r du vill och du har tillg\u00e5ng till deras kundtj\u00e4nst ocks\u00e5 kv\u00e4llstid om du har fr\u00e5gor. Denna onlinetj\u00e4nst kan du anv\u00e4nda n\u00e4r du \u00e4r klar \u00f6ver vad du vill med t.ex. ditt testamente, [&hellip;]<\/p>\n","protected":false},"author":1,"featured_media":0,"parent":771,"menu_order":8,"comment_status":"closed","ping_status":"closed","template":"","meta":{"_acf_changed":false,"footnotes":""},"class_list":["post-510","page","type-page","status-publish","hentry"],"acf":[],"_links":{"self":[{"href":"https:\/\/utveckling.timecutcloud.com\/kinds\/wp-json\/wp\/v2\/pages\/510","targetHints":{"allow":["GET"]}}],"collection":[{"href":"https:\/\/utveckling.timecutcloud.com\/kinds\/wp-json\/wp\/v2\/pages"}],"about":[{"href":"https:\/\/utveckling.timecutcloud.com\/kinds\/wp-json\/wp\/v2\/types\/page"}],"author":[{"embeddable":true,"href":"https:\/\/utveckling.timecutcloud.com\/kinds\/wp-json\/wp\/v2\/users\/1"}],"replies":[{"embeddable":true,"href":"https:\/\/utveckling.timecutcloud.com\/kinds\/wp-json\/wp\/v2\/comments?post=510"}],"version-history":[{"count":1,"href":"https:\/\/utveckling.timecutcloud.com\/kinds\/wp-json\/wp\/v2\/pages\/510\/revisions"}],"predecessor-version":[{"id":512,"href":"https:\/\/utveckling.timecutcloud.com\/kinds\/wp-json\/wp\/v2\/pages\/510\/revisions\/512"}],"up":[{"embeddable":true,"href":"https:\/\/utveckling.timecutcloud.com\/kinds\/wp-json\/wp\/v2\/pages\/771"}],"wp:attachment":[{"href":"https:\/\/utveckling.timecutcloud.com\/kinds\/wp-json\/wp\/v2\/media?parent=510"}],"curies":[{"name":"wp","href":"https:\/\/api.w.org\/{rel}","templated":true}]}}