{"id":553,"date":"2025-03-13T10:49:23","date_gmt":"2025-03-13T09:49:23","guid":{"rendered":"https:\/\/utveckling.timecutcloud.com\/kinds\/?page_id=553"},"modified":"2025-04-23T13:45:29","modified_gmt":"2025-04-23T11:45:29","slug":"vart-foretag","status":"publish","type":"page","link":"https:\/\/utveckling.timecutcloud.com\/kinds\/om-oss-5\/vart-foretag\/","title":{"rendered":"V\u00e5rt f\u00f6retag"},"content":{"rendered":"\n<p>Vi \u00e4r en begravningsbyr\u00e5 med r\u00f6tterna i tradition, men med en stark v\u00e4xtkraft fram\u00e5t; mot nya m\u00f6jligheter och l\u00f6sningar. Med stor nyfikenhet och h\u00f6g f\u00f6r\u00e4ndringsben\u00e4get drivs vi av en passion f\u00f6r att utveckla och f\u00f6rb\u00e4ttra v\u00e5ra tj\u00e4nster, alltid med h\u00f6g kvalitet och stor professionalism.<\/p>\n\n\n\n<p>Vi \u00e4r ett v\u00e4rderingsstyrt bolag med mycket v\u00e4rme, familj\u00e4r k\u00e4nsla och korta beslutsv\u00e4gar. V\u00e5ra v\u00e4rderingar omtanke med v\u00e4rme, kvalitet, det lilla extra och tillit genomsyrar allt vi g\u00f6r \u2013 allt fr\u00e5n v\u00e5ra kundm\u00f6ten och leverant\u00f6rskontakter till v\u00e5ra interna samarbeten och lokala samh\u00e4llsengagemang.<\/p>\n\n\n\n<p>Kinds Begravningsbyr\u00e5 etablerades 1962 och vi har i flera generationer f\u00e5tt f\u00f6rtroende att hj\u00e4lpa v\u00e5ra kunder med begravningar, bouppteckningar och familjejuridik. I bolagsgruppen ing\u00e5r v\u00e5ra tv\u00e5 begravningsbyr\u00e5er, Kinds Begravningsbyr\u00e5 och V\u00e4stbo Begravningsbyr\u00e5, samt familjejuristbolaget Kinds Juridik. Vi \u00e4r Auktoriserade Boutredare och medlemmar i Sveriges Auktoriserade Begravningsbyr\u00e5er SBF. V\u00e5ra kontor finns i Svenljunga, Tranemo, Hestra, Gislaved, Anderstorp, Sm\u00e5landsstenar och v\u00e5ra begravningsuppdrag str\u00e4cker sig fr\u00e5n V\u00e4stra G\u00f6taland, Sm\u00e5land och Halland med omnejd.<\/p>\n","protected":false},"excerpt":{"rendered":"<p>Vi \u00e4r en begravningsbyr\u00e5 med r\u00f6tterna i tradition, men med en stark v\u00e4xtkraft fram\u00e5t; mot nya m\u00f6jligheter och l\u00f6sningar. Med stor nyfikenhet och h\u00f6g f\u00f6r\u00e4ndringsben\u00e4get drivs vi av en passion f\u00f6r att utveckla och f\u00f6rb\u00e4ttra v\u00e5ra tj\u00e4nster, alltid med h\u00f6g kvalitet och stor professionalism. Vi \u00e4r ett v\u00e4rderingsstyrt bolag med mycket v\u00e4rme, familj\u00e4r k\u00e4nsla och [&hellip;]<\/p>\n","protected":false},"author":1,"featured_media":0,"parent":125,"menu_order":1,"comment_status":"closed","ping_status":"closed","template":"","meta":{"_acf_changed":false,"footnotes":""},"class_list":["post-553","page","type-page","status-publish","hentry"],"acf":[],"_links":{"self":[{"href":"https:\/\/utveckling.timecutcloud.com\/kinds\/wp-json\/wp\/v2\/pages\/553","targetHints":{"allow":["GET"]}}],"collection":[{"href":"https:\/\/utveckling.timecutcloud.com\/kinds\/wp-json\/wp\/v2\/pages"}],"about":[{"href":"https:\/\/utveckling.timecutcloud.com\/kinds\/wp-json\/wp\/v2\/types\/page"}],"author":[{"embeddable":true,"href":"https:\/\/utveckling.timecutcloud.com\/kinds\/wp-json\/wp\/v2\/users\/1"}],"replies":[{"embeddable":true,"href":"https:\/\/utveckling.timecutcloud.com\/kinds\/wp-json\/wp\/v2\/comments?post=553"}],"version-history":[{"count":2,"href":"https:\/\/utveckling.timecutcloud.com\/kinds\/wp-json\/wp\/v2\/pages\/553\/revisions"}],"predecessor-version":[{"id":1044,"href":"https:\/\/utveckling.timecutcloud.com\/kinds\/wp-json\/wp\/v2\/pages\/553\/revisions\/1044"}],"up":[{"embeddable":true,"href":"https:\/\/utveckling.timecutcloud.com\/kinds\/wp-json\/wp\/v2\/pages\/125"}],"wp:attachment":[{"href":"https:\/\/utveckling.timecutcloud.com\/kinds\/wp-json\/wp\/v2\/media?parent=553"}],"curies":[{"name":"wp","href":"https:\/\/api.w.org\/{rel}","templated":true}]}}