{"id":556,"date":"2025-03-13T11:08:36","date_gmt":"2025-03-13T10:08:36","guid":{"rendered":"https:\/\/utveckling.timecutcloud.com\/kinds\/?page_id=556"},"modified":"2025-04-07T16:58:44","modified_gmt":"2025-04-07T14:58:44","slug":"kistor-urnor-och-barngravvas","status":"publish","type":"page","link":"https:\/\/utveckling.timecutcloud.com\/kinds\/barnbegravning\/kistor-urnor-och-barngravvas\/","title":{"rendered":"Kistor, urnor och barngravvas"},"content":{"rendered":"\n<div class=\"wp-block-columns is-layout-flex wp-container-core-columns-is-layout-9d6595d7 wp-block-columns-is-layout-flex\">\n<div class=\"wp-block-column is-layout-flow wp-block-column-is-layout-flow\">\n<figure class=\"wp-block-image size-full\"><img loading=\"lazy\" decoding=\"async\" width=\"419\" height=\"205\" src=\"https:\/\/utveckling.timecutcloud.com\/kinds\/wp-content\/uploads\/2025\/03\/Snodroppe.jpg\" alt=\"\" class=\"wp-image-565\" srcset=\"https:\/\/utveckling.timecutcloud.com\/kinds\/wp-content\/uploads\/2025\/03\/Snodroppe.jpg 419w, https:\/\/utveckling.timecutcloud.com\/kinds\/wp-content\/uploads\/2025\/03\/Snodroppe-300x147.jpg 300w\" sizes=\"auto, (max-width: 419px) 100vw, 419px\" \/><\/figure>\n\n\n\n<h2 class=\"wp-block-heading\">Barnkista Sn\u00f6droppe<\/h2>\n\n\n\n<p>Kista av massiv furu med bottenplatta av sp\u00e5nskiva. Vitm\u00e5lad.<\/p>\n<\/div>\n\n\n\n<div class=\"wp-block-column is-layout-flow wp-block-column-is-layout-flow\">\n<figure class=\"wp-block-image size-full\"><img loading=\"lazy\" decoding=\"async\" width=\"422\" height=\"205\" src=\"https:\/\/utveckling.timecutcloud.com\/kinds\/wp-content\/uploads\/2025\/03\/Liljekonvalj-rosa.jpg\" alt=\"\" class=\"wp-image-566\" srcset=\"https:\/\/utveckling.timecutcloud.com\/kinds\/wp-content\/uploads\/2025\/03\/Liljekonvalj-rosa.jpg 422w, https:\/\/utveckling.timecutcloud.com\/kinds\/wp-content\/uploads\/2025\/03\/Liljekonvalj-rosa-300x146.jpg 300w\" sizes=\"auto, (max-width: 422px) 100vw, 422px\" \/><\/figure>\n\n\n\n<h2 class=\"wp-block-heading\">Barnkista Liljekonvalj rosa<\/h2>\n\n\n\n<p>Kista av massiv furu med bottenplatta av sp\u00e5nskiva.<\/p>\n<\/div>\n\n\n\n<div class=\"wp-block-column is-layout-flow wp-block-column-is-layout-flow\">\n<figure class=\"wp-block-image size-full\"><img loading=\"lazy\" decoding=\"async\" width=\"419\" height=\"205\" src=\"https:\/\/utveckling.timecutcloud.com\/kinds\/wp-content\/uploads\/2025\/03\/Vide-bla.jpg\" alt=\"\" class=\"wp-image-567\" srcset=\"https:\/\/utveckling.timecutcloud.com\/kinds\/wp-content\/uploads\/2025\/03\/Vide-bla.jpg 419w, https:\/\/utveckling.timecutcloud.com\/kinds\/wp-content\/uploads\/2025\/03\/Vide-bla-300x147.jpg 300w\" sizes=\"auto, (max-width: 419px) 100vw, 419px\" \/><\/figure>\n\n\n\n<h2 class=\"wp-block-heading\">Barnkista Vide bl\u00e5<\/h2>\n\n\n\n<p>Kista av massiv furu med bottenplatta av sp\u00e5nskiva.<\/p>\n<\/div>\n<\/div>\n\n\n\n<div class=\"wp-block-columns is-layout-flex wp-container-core-columns-is-layout-9d6595d7 wp-block-columns-is-layout-flex\">\n<div class=\"wp-block-column is-layout-flow wp-block-column-is-layout-flow\">\n<figure class=\"wp-block-image size-full\"><img loading=\"lazy\" decoding=\"async\" width=\"421\" height=\"205\" src=\"https:\/\/utveckling.timecutcloud.com\/kinds\/wp-content\/uploads\/2025\/03\/Barnkista_fjaril.jpg\" alt=\"\" class=\"wp-image-568\" srcset=\"https:\/\/utveckling.timecutcloud.com\/kinds\/wp-content\/uploads\/2025\/03\/Barnkista_fjaril.jpg 421w, https:\/\/utveckling.timecutcloud.com\/kinds\/wp-content\/uploads\/2025\/03\/Barnkista_fjaril-300x146.jpg 300w\" sizes=\"auto, (max-width: 421px) 100vw, 421px\" \/><\/figure>\n\n\n\n<h2 class=\"wp-block-heading\">Barnkista Fj\u00e4ril<\/h2>\n\n\n\n<p>Kista av massiv furu med bottenplatta av sp\u00e5nskiva. Vitm\u00e5lad med bl\u00e5 fj\u00e4ril.<\/p>\n<\/div>\n\n\n\n<div class=\"wp-block-column is-layout-flow wp-block-column-is-layout-flow\">\n<figure class=\"wp-block-image size-full is-resized\"><img loading=\"lazy\" decoding=\"async\" width=\"379\" height=\"205\" src=\"https:\/\/utveckling.timecutcloud.com\/kinds\/wp-content\/uploads\/2025\/03\/Foterkista-vit.jpg\" alt=\"\" class=\"wp-image-569\" style=\"width:250px;height:auto\" srcset=\"https:\/\/utveckling.timecutcloud.com\/kinds\/wp-content\/uploads\/2025\/03\/Foterkista-vit.jpg 379w, https:\/\/utveckling.timecutcloud.com\/kinds\/wp-content\/uploads\/2025\/03\/Foterkista-vit-300x162.jpg 300w\" sizes=\"auto, (max-width: 379px) 100vw, 379px\" \/><\/figure>\n\n\n\n<h2 class=\"wp-block-heading\">Barnkista foster<\/h2>\n\n\n\n<p>Kista av massiv furu med bottenplatta av sp\u00e5nskiva.<\/p>\n<\/div>\n\n\n\n<div class=\"wp-block-column is-layout-flow wp-block-column-is-layout-flow\">\n<figure class=\"wp-block-image size-full is-resized\"><img loading=\"lazy\" decoding=\"async\" width=\"341\" height=\"205\" src=\"https:\/\/utveckling.timecutcloud.com\/kinds\/wp-content\/uploads\/2025\/03\/Kudde_och_tacke_barn.jpg\" alt=\"\" class=\"wp-image-570\" style=\"width:226px;height:auto\" srcset=\"https:\/\/utveckling.timecutcloud.com\/kinds\/wp-content\/uploads\/2025\/03\/Kudde_och_tacke_barn.jpg 341w, https:\/\/utveckling.timecutcloud.com\/kinds\/wp-content\/uploads\/2025\/03\/Kudde_och_tacke_barn-300x180.jpg 300w\" sizes=\"auto, (max-width: 341px) 100vw, 341px\" \/><\/figure>\n\n\n\n<h2 class=\"wp-block-heading\">Barnkudde och t\u00e4cke<\/h2>\n\n\n\n<p>Kudde och t\u00e4cke i bomull, vit.<\/p>\n<\/div>\n<\/div>\n\n\n\n<div class=\"wp-block-columns is-layout-flex wp-container-core-columns-is-layout-9d6595d7 wp-block-columns-is-layout-flex\">\n<div class=\"wp-block-column is-layout-flow wp-block-column-is-layout-flow\">\n<figure class=\"wp-block-image size-full\"><img loading=\"lazy\" decoding=\"async\" width=\"122\" height=\"205\" src=\"https:\/\/utveckling.timecutcloud.com\/kinds\/wp-content\/uploads\/2025\/03\/ask1-6m12nb-0724.jpg\" alt=\"\" class=\"wp-image-571\"\/><\/figure>\n\n\n\n<h2 class=\"wp-block-heading\">Barnurna Ovum 6 Nalle<\/h2>\n\n\n\n<p>Barnurnan i vitlackad furu med nalle.<\/p>\n<\/div>\n\n\n\n<div class=\"wp-block-column is-layout-flow wp-block-column-is-layout-flow\">\n<figure class=\"wp-block-image size-full is-resized\"><img loading=\"lazy\" decoding=\"async\" width=\"123\" height=\"205\" src=\"https:\/\/utveckling.timecutcloud.com\/kinds\/wp-content\/uploads\/2025\/03\/ask1-6na-0730.jpg\" alt=\"\" class=\"wp-image-572\" style=\"width:122px;height:auto\"\/><\/figure>\n\n\n\n<h2 class=\"wp-block-heading\">Barnurna Ovum 6<\/h2>\n\n\n\n<p>Barnurnan Ovum finns i oljad ek, vitlackad furu, vaxad furu, rosa och bl\u00e5.<\/p>\n<\/div>\n\n\n\n<div class=\"wp-block-column is-layout-flow wp-block-column-is-layout-flow\">\n<figure class=\"wp-block-image size-full is-resized\"><img loading=\"lazy\" decoding=\"async\" width=\"156\" height=\"205\" src=\"https:\/\/utveckling.timecutcloud.com\/kinds\/wp-content\/uploads\/2025\/03\/16978.jpg\" alt=\"\" class=\"wp-image-573\" style=\"width:155px;height:auto\"\/><\/figure>\n\n\n\n<h2 class=\"wp-block-heading\">Barnurna i lera modell 211<\/h2>\n\n\n\n<p>Askurna av lergods.F\u00e4rg vit-beige.<br>H\u00f6jd 22 cm<br>Nallemotiv med bl\u00e5tt band.<br>F\u00f6rg\u00e4ngligt material.<\/p>\n<\/div>\n<\/div>\n\n\n\n<div class=\"wp-block-columns is-layout-flex wp-container-core-columns-is-layout-9d6595d7 wp-block-columns-is-layout-flex\">\n<div class=\"wp-block-column is-layout-flow wp-block-column-is-layout-flow\">\n<figure class=\"wp-block-image size-full\"><img loading=\"lazy\" decoding=\"async\" width=\"151\" height=\"205\" src=\"https:\/\/utveckling.timecutcloud.com\/kinds\/wp-content\/uploads\/2025\/03\/16979.jpg\" alt=\"\" class=\"wp-image-574\"\/><\/figure>\n\n\n\n<h2 class=\"wp-block-heading\">Barnkudde och t\u00e4cke<\/h2>\n\n\n\n<p>Kudde och t\u00e4cke i bomull, vit.<\/p>\n<\/div>\n\n\n\n<div class=\"wp-block-column is-layout-flow wp-block-column-is-layout-flow\">\n<figure class=\"wp-block-image size-full\"><img loading=\"lazy\" decoding=\"async\" width=\"88\" height=\"205\" src=\"https:\/\/utveckling.timecutcloud.com\/kinds\/wp-content\/uploads\/2025\/03\/VAS1-22-bla-nalle-0123.jpg\" alt=\"\" class=\"wp-image-575\"\/><\/figure>\n\n\n\n<h2 class=\"wp-block-heading\">Gravvas 22<\/h2>\n\n\n\n<p>Gravvas 22 i h\u00e5rdplast. Design och m\u00f6nsterskyddad, justerbar h\u00f6jd. Finns i f\u00e4rgerna bl\u00e5 med nallemotiv och rosa med \u00e4ngelmotiv.<\/p>\n<\/div>\n\n\n\n<div class=\"wp-block-column is-layout-flow wp-block-column-is-layout-flow\">\n<h2 class=\"wp-block-heading\"><\/h2>\n\n\n\n<p><\/p>\n<\/div>\n<\/div>\n","protected":false},"excerpt":{"rendered":"<p>Barnkista Sn\u00f6droppe Kista av massiv furu med bottenplatta av sp\u00e5nskiva. Vitm\u00e5lad. Barnkista Liljekonvalj rosa Kista av massiv furu med bottenplatta av sp\u00e5nskiva. Barnkista Vide bl\u00e5 Kista av massiv furu med bottenplatta av sp\u00e5nskiva. Barnkista Fj\u00e4ril Kista av massiv furu med bottenplatta av sp\u00e5nskiva. Vitm\u00e5lad med bl\u00e5 fj\u00e4ril. Barnkista foster Kista av massiv furu med bottenplatta [&hellip;]<\/p>\n","protected":false},"author":1,"featured_media":0,"parent":378,"menu_order":6,"comment_status":"closed","ping_status":"closed","template":"","meta":{"_acf_changed":false,"footnotes":""},"class_list":["post-556","page","type-page","status-publish","hentry"],"acf":[],"_links":{"self":[{"href":"https:\/\/utveckling.timecutcloud.com\/kinds\/wp-json\/wp\/v2\/pages\/556","targetHints":{"allow":["GET"]}}],"collection":[{"href":"https:\/\/utveckling.timecutcloud.com\/kinds\/wp-json\/wp\/v2\/pages"}],"about":[{"href":"https:\/\/utveckling.timecutcloud.com\/kinds\/wp-json\/wp\/v2\/types\/page"}],"author":[{"embeddable":true,"href":"https:\/\/utveckling.timecutcloud.com\/kinds\/wp-json\/wp\/v2\/users\/1"}],"replies":[{"embeddable":true,"href":"https:\/\/utveckling.timecutcloud.com\/kinds\/wp-json\/wp\/v2\/comments?post=556"}],"version-history":[{"count":5,"href":"https:\/\/utveckling.timecutcloud.com\/kinds\/wp-json\/wp\/v2\/pages\/556\/revisions"}],"predecessor-version":[{"id":763,"href":"https:\/\/utveckling.timecutcloud.com\/kinds\/wp-json\/wp\/v2\/pages\/556\/revisions\/763"}],"up":[{"embeddable":true,"href":"https:\/\/utveckling.timecutcloud.com\/kinds\/wp-json\/wp\/v2\/pages\/378"}],"wp:attachment":[{"href":"https:\/\/utveckling.timecutcloud.com\/kinds\/wp-json\/wp\/v2\/media?parent=556"}],"curies":[{"name":"wp","href":"https:\/\/api.w.org\/{rel}","templated":true}]}}