{"id":560,"date":"2025-03-13T10:50:46","date_gmt":"2025-03-13T09:50:46","guid":{"rendered":"https:\/\/utveckling.timecutcloud.com\/kinds\/?page_id=560"},"modified":"2026-02-23T14:28:48","modified_gmt":"2026-02-23T13:28:48","slug":"valkommen-till-oss","status":"publish","type":"page","link":"https:\/\/utveckling.timecutcloud.com\/kinds\/om-oss-5\/valkommen-till-oss\/","title":{"rendered":"V\u00e4lkommen till oss"},"content":{"rendered":"\n<p>Nedan hittar du kontaktuppgifter till v\u00e5ra kontor. Kontakta oss g\u00e4rna innan bes\u00f6k.<\/p>\n\n\n\n<div class=\"wp-block-columns is-layout-flex wp-container-core-columns-is-layout-9d6595d7 wp-block-columns-is-layout-flex\">\n<div class=\"wp-block-column is-layout-flow wp-block-column-is-layout-flow\">\n<div class=\"wp-block-columns is-layout-flex wp-container-core-columns-is-layout-9d6595d7 wp-block-columns-is-layout-flex\" id=\"svenljunga\">\n<div class=\"wp-block-column is-layout-flow wp-block-column-is-layout-flow\">\n<p>Kinds i Svenljunga<br>Bes\u00f6ksadress: Brogatan 11<br>Postadress: Box 41, 512 21 Svenljunga<br>Tel: 0325-61 15 17 Jour dygnet runt<br>E-post:&nbsp;<a href=\"mailto:info@kindsbegravningsbyra.se\">info@kindsbegravningsbyra.se<\/a><br>S\u00e5 h\u00e4r hittar du till oss i Svenljunga<\/p>\n<\/div>\n\n\n\n<div class=\"wp-block-column is-layout-flow wp-block-column-is-layout-flow\">\n<iframe src=\"https:\/\/www.google.com\/maps\/embed?pb=!1m18!1m12!1m3!1d2143.9492464682016!2d13.110802095234115!3d57.49622968877584!2m3!1f0!2f0!3f0!3m2!1i1024!2i768!4f13.1!3m3!1m2!1s0x46506e05e338f691%3A0xf3a4fe474b6e40a8!2sBrogatan%2011%2C%20512%2054%20Svenljunga!5e0!3m2!1ssv!2sse!4v1745417998207!5m2!1ssv!2sse\" width=\"auto\" height=\"auto\" style=\"border:0;\" allowfullscreen=\"\" loading=\"lazy\" referrerpolicy=\"no-referrer-when-downgrade\"><\/iframe>\n<\/div>\n<\/div>\n<\/div>\n<\/div>\n\n\n\n<div class=\"wp-block-columns is-layout-flex wp-container-core-columns-is-layout-9d6595d7 wp-block-columns-is-layout-flex\">\n<div class=\"wp-block-column is-layout-flow wp-block-column-is-layout-flow\">\n<div class=\"wp-block-columns is-layout-flex wp-container-core-columns-is-layout-9d6595d7 wp-block-columns-is-layout-flex\" id=\"tranemo\">\n<div class=\"wp-block-column is-layout-flow wp-block-column-is-layout-flow\">\n<p>Kinds i Tranemo<br>Bes\u00f6ksadress:&nbsp;Brogatan 12<br>Tel. 0325-61 15 17 Jour dygnet runt<br>E-post:&nbsp;<a href=\"mailto:info@kindsbegravningsbyra.se\">info@kindsbegravningsbyra.se<\/a><br>S\u00e5 h\u00e4r hittar du till oss i Tranemo<\/p>\n<\/div>\n\n\n\n<div class=\"wp-block-column is-layout-flow wp-block-column-is-layout-flow\">\n<iframe src=\"https:\/\/www.google.com\/maps\/embed?pb=!1m18!1m12!1m3!1d4289.0028681649665!2d13.347406277249494!3d57.486826657117206!2m3!1f0!2f0!3f0!3m2!1i1024!2i768!4f13.1!3m3!1m2!1s0x46507b35cefaa2b7%3A0x574313924f6bcd8c!2sBrogatan%2012%2C%20514%2033%20Tranemo!5e0!3m2!1ssv!2sse!4v1728042176724!5m2!1ssv!2sse\" width=\"auto\" height=\"auto\" style=\"border:0;\" allowfullscreen=\"\" loading=\"lazy\" referrerpolicy=\"no-referrer-when-downgrade\"><\/iframe>\n<\/div>\n<\/div>\n<\/div>\n<\/div>\n\n\n\n<div class=\"wp-block-columns is-layout-flex wp-container-core-columns-is-layout-9d6595d7 wp-block-columns-is-layout-flex\">\n<div class=\"wp-block-column is-layout-flow wp-block-column-is-layout-flow\">\n<div class=\"wp-block-columns is-layout-flex wp-container-core-columns-is-layout-9d6595d7 wp-block-columns-is-layout-flex\" id=\"gislaved\">\n<div class=\"wp-block-column is-layout-flow wp-block-column-is-layout-flow\">\n<p>Kinds i Gislaved<br>K\u00f6pmangatan 14, 332 30 Gislaved<br>Tel. 0371-51 18 30 Jour dygnet runt<br>E-post:&nbsp;<a href=\"mailto:info@kindsbegravningsbyra.se\">info@kindsbegravningsbyra.se<\/a><br>S\u00e5 h\u00e4r hittar du till oss i Gislaved<\/p>\n<\/div>\n\n\n\n<div class=\"wp-block-column is-layout-flow wp-block-column-is-layout-flow\">\n<iframe src=\"https:\/\/maps.google.co.in\/maps?q=K%C3%B6pmangatan+14,+332+30+Gislaved&#038;ie=UTF8&#038;hq=&#038;hnear=K%C3%B6pmangatan+14,+332+30+Gislaved,+Sweden&#038;ll=57.301382,13.542522&#038;spn=0.005228,0.008991&#038;t=m&#038;z=14&#038;iwloc=A&#038;output=embed\" width=\"auto\" height=\"auto\" style=\"border:0;\" allowfullscreen=\"\" loading=\"lazy\" referrerpolicy=\"no-referrer-when-downgrade\"><\/iframe>\n<\/div>\n<\/div>\n<\/div>\n<\/div>\n\n\n\n<div class=\"wp-block-columns is-layout-flex wp-container-core-columns-is-layout-9d6595d7 wp-block-columns-is-layout-flex\">\n<div class=\"wp-block-column is-layout-flow wp-block-column-is-layout-flow\">\n<div class=\"wp-block-columns is-layout-flex wp-container-core-columns-is-layout-9d6595d7 wp-block-columns-is-layout-flex\" id=\"anderstorp\">\n<div class=\"wp-block-column is-layout-flow wp-block-column-is-layout-flow\">\n<p>Kinds i Anderstorp<br>Storgatan 19 A<br>Tel. 03711-51 18 30<br>E-post:&nbsp;<a href=\"mailto:info@kindsbegravningsbyra.se\">info@kindsbegravningsbyra.se<\/a><br>S\u00e5 h\u00e4r hittar du till oss i Anderstorp<\/p>\n<\/div>\n\n\n\n<div class=\"wp-block-column is-layout-flow wp-block-column-is-layout-flow\">\n<iframe src=\"https:\/\/www.google.com\/maps\/embed?pb=!1m18!1m12!1m3!1d4312.929426776385!2d13.627326495160155!3d57.28286520528013!2m3!1f0!2f0!3f0!3m2!1i1024!2i768!4f13.1!3m3!1m2!1s0x46508cdbe9c985ff%3A0x2a5c4e0ec0fbabed!2sStorgatan%2019%20A%2C%20334%2032%20Anderstorp!5e0!3m2!1ssv!2sse!4v1728042768968!5m2!1ssv!2sse\" width=\"auto\" height=\"auto\" style=\"border:0;\" allowfullscreen=\"\" loading=\"lazy\" referrerpolicy=\"no-referrer-when-downgrade\"><\/iframe>\n<\/div>\n<\/div>\n<\/div>\n<\/div>\n\n\n\n<div class=\"wp-block-columns is-layout-flex wp-container-core-columns-is-layout-9d6595d7 wp-block-columns-is-layout-flex\">\n<div class=\"wp-block-column is-layout-flow wp-block-column-is-layout-flow\">\n<div class=\"wp-block-columns is-layout-flex wp-container-core-columns-is-layout-9d6595d7 wp-block-columns-is-layout-flex\" id=\"hestra\">\n<div class=\"wp-block-column is-layout-flow wp-block-column-is-layout-flow\">\n<p>Rud\u00e9ns-Kinds i Hestra<br>Mogatan 10, 335 71 Hestra<br>Tel. 0370-33 50 30 Jour dygnet runt<br>E-post:&nbsp;<a href=\"mailto:info@kindsbegravningsbyra.se\">info@kindsbegravningsbyra.se<\/a><br>S\u00e5 h\u00e4r hittar du till oss i Hestra<\/p>\n<\/div>\n\n\n\n<div class=\"wp-block-column is-layout-flow wp-block-column-is-layout-flow\">\n<iframe src=\"https:\/\/www.google.com\/maps\/embed?pb=!1m18!1m12!1m3!1d4312.929426776385!2d13.627326495160155!3d57.28286520528013!2m3!1f0!2f0!3f0!3m2!1i1024!2i768!4f13.1!3m3!1m2!1s0x46508cdbe9c985ff%3A0x2a5c4e0ec0fbabed!2sStorgatan%2019%20A%2C%20334%2032%20Anderstorp!5e0!3m2!1ssv!2sse!4v1728042768968!5m2!1ssv!2sse\" width=\"auto\" height=\"auto\" style=\"border:0;\" allowfullscreen=\"\" loading=\"lazy\" referrerpolicy=\"no-referrer-when-downgrade\"><\/iframe>\n<\/div>\n<\/div>\n<\/div>\n<\/div>\n","protected":false},"excerpt":{"rendered":"<p>Nedan hittar du kontaktuppgifter till v\u00e5ra kontor. Kontakta oss g\u00e4rna innan bes\u00f6k. Kinds i SvenljungaBes\u00f6ksadress: Brogatan 11Postadress: Box 41, 512 21 SvenljungaTel: 0325-61 15 17 Jour dygnet runtE-post:&nbsp;info@kindsbegravningsbyra.seS\u00e5 h\u00e4r hittar du till oss i Svenljunga Kinds i TranemoBes\u00f6ksadress:&nbsp;Brogatan 12Tel. 0325-61 15 17 Jour dygnet runtE-post:&nbsp;info@kindsbegravningsbyra.seS\u00e5 h\u00e4r hittar du till oss i Tranemo Kinds i GislavedK\u00f6pmangatan [&hellip;]<\/p>\n","protected":false},"author":1,"featured_media":0,"parent":125,"menu_order":0,"comment_status":"closed","ping_status":"closed","template":"","meta":{"_acf_changed":false,"footnotes":""},"class_list":["post-560","page","type-page","status-publish","hentry"],"acf":[],"_links":{"self":[{"href":"https:\/\/utveckling.timecutcloud.com\/kinds\/wp-json\/wp\/v2\/pages\/560","targetHints":{"allow":["GET"]}}],"collection":[{"href":"https:\/\/utveckling.timecutcloud.com\/kinds\/wp-json\/wp\/v2\/pages"}],"about":[{"href":"https:\/\/utveckling.timecutcloud.com\/kinds\/wp-json\/wp\/v2\/types\/page"}],"author":[{"embeddable":true,"href":"https:\/\/utveckling.timecutcloud.com\/kinds\/wp-json\/wp\/v2\/users\/1"}],"replies":[{"embeddable":true,"href":"https:\/\/utveckling.timecutcloud.com\/kinds\/wp-json\/wp\/v2\/comments?post=560"}],"version-history":[{"count":13,"href":"https:\/\/utveckling.timecutcloud.com\/kinds\/wp-json\/wp\/v2\/pages\/560\/revisions"}],"predecessor-version":[{"id":1291,"href":"https:\/\/utveckling.timecutcloud.com\/kinds\/wp-json\/wp\/v2\/pages\/560\/revisions\/1291"}],"up":[{"embeddable":true,"href":"https:\/\/utveckling.timecutcloud.com\/kinds\/wp-json\/wp\/v2\/pages\/125"}],"wp:attachment":[{"href":"https:\/\/utveckling.timecutcloud.com\/kinds\/wp-json\/wp\/v2\/media?parent=560"}],"curies":[{"name":"wp","href":"https:\/\/api.w.org\/{rel}","templated":true}]}}