{"id":579,"date":"2025-03-13T11:10:39","date_gmt":"2025-03-13T10:10:39","guid":{"rendered":"https:\/\/utveckling.timecutcloud.com\/kinds\/?page_id=579"},"modified":"2025-03-13T11:15:29","modified_gmt":"2025-03-13T10:15:29","slug":"hjalp-familjen-i-deras-sorg","status":"publish","type":"page","link":"https:\/\/utveckling.timecutcloud.com\/kinds\/barnbegravning\/hjalp-familjen-i-deras-sorg\/","title":{"rendered":"Hj\u00e4lp familjen i deras sorg"},"content":{"rendered":"\n<p>Att hj\u00e4lpa en familj som har f\u00f6rlorat ett barn kan vara en mycket sv\u00e5r och k\u00e4nslom\u00e4ssigt utmanande uppgift. H\u00e4r \u00e4r n\u00e5gra tips som kan hj\u00e4lpa dig att st\u00f6dja familjen i deras sorg och bearbeta f\u00f6rlusten:<\/p>\n\n\n\n<ol class=\"wp-block-list\">\n<li>Visa empati och medk\u00e4nsla: Det \u00e4r viktigt att visa familjen att du f\u00f6rst\u00e5r deras sm\u00e4rta och att du finns d\u00e4r f\u00f6r dem. Det kan vara sv\u00e5rt att hitta r\u00e4tt ord att s\u00e4ga, men att bara finnas d\u00e4r och lyssna kan vara till stor tr\u00f6st.<br>\u00a0<\/li>\n\n\n\n<li>Erbjud praktisk hj\u00e4lp: N\u00e4r n\u00e5gon f\u00f6rlorar en n\u00e4ra anh\u00f6rig kan det vara sv\u00e5rt att ta hand om vardagliga sysslor. Erbjud att hj\u00e4lpa till med matlagning, st\u00e4dning, eller att h\u00e4mta barnen fr\u00e5n skolan.<br>\u00a0<\/li>\n\n\n\n<li>Ge dem tid att s\u00f6rja: Sorg \u00e4r en process som tar tid och det \u00e4r viktigt att inte tvinga familjen att k\u00e4nna sig b\u00e4ttre f\u00f6r fort. Var t\u00e5lmodig och ge dem utrymme att s\u00f6rja p\u00e5 sitt eget s\u00e4tt.<br>\u00a0<\/li>\n\n\n\n<li>Var n\u00e4rvarande: Det kan vara sv\u00e5rt att veta vad man ska s\u00e4ga eller g\u00f6ra i en s\u00e5dan h\u00e4r situation, men att bara finnas d\u00e4r kan g\u00f6ra en stor skillnad. Skicka ett meddelande, ring eller bes\u00f6k familjen f\u00f6r att visa att du bryr dig.<\/li>\n<\/ol>\n\n\n\n<p>Det \u00e4r viktigt att komma ih\u00e5g att alla s\u00f6rjer p\u00e5 olika s\u00e4tt och i olika takt. Var d\u00e4rf\u00f6r t\u00e5lmodig och st\u00f6djande och visa att du finns d\u00e4r f\u00f6r familjen oavsett vad som h\u00e4nder.<\/p>\n\n\n\n<p><\/p>\n","protected":false},"excerpt":{"rendered":"<p>Att hj\u00e4lpa en familj som har f\u00f6rlorat ett barn kan vara en mycket sv\u00e5r och k\u00e4nslom\u00e4ssigt utmanande uppgift. H\u00e4r \u00e4r n\u00e5gra tips som kan hj\u00e4lpa dig att st\u00f6dja familjen i deras sorg och bearbeta f\u00f6rlusten: Det \u00e4r viktigt att komma ih\u00e5g att alla s\u00f6rjer p\u00e5 olika s\u00e4tt och i olika takt. Var d\u00e4rf\u00f6r t\u00e5lmodig och [&hellip;]<\/p>\n","protected":false},"author":1,"featured_media":0,"parent":378,"menu_order":7,"comment_status":"closed","ping_status":"closed","template":"","meta":{"_acf_changed":false,"footnotes":""},"class_list":["post-579","page","type-page","status-publish","hentry"],"acf":[],"_links":{"self":[{"href":"https:\/\/utveckling.timecutcloud.com\/kinds\/wp-json\/wp\/v2\/pages\/579","targetHints":{"allow":["GET"]}}],"collection":[{"href":"https:\/\/utveckling.timecutcloud.com\/kinds\/wp-json\/wp\/v2\/pages"}],"about":[{"href":"https:\/\/utveckling.timecutcloud.com\/kinds\/wp-json\/wp\/v2\/types\/page"}],"author":[{"embeddable":true,"href":"https:\/\/utveckling.timecutcloud.com\/kinds\/wp-json\/wp\/v2\/users\/1"}],"replies":[{"embeddable":true,"href":"https:\/\/utveckling.timecutcloud.com\/kinds\/wp-json\/wp\/v2\/comments?post=579"}],"version-history":[{"count":6,"href":"https:\/\/utveckling.timecutcloud.com\/kinds\/wp-json\/wp\/v2\/pages\/579\/revisions"}],"predecessor-version":[{"id":589,"href":"https:\/\/utveckling.timecutcloud.com\/kinds\/wp-json\/wp\/v2\/pages\/579\/revisions\/589"}],"up":[{"embeddable":true,"href":"https:\/\/utveckling.timecutcloud.com\/kinds\/wp-json\/wp\/v2\/pages\/378"}],"wp:attachment":[{"href":"https:\/\/utveckling.timecutcloud.com\/kinds\/wp-json\/wp\/v2\/media?parent=579"}],"curies":[{"name":"wp","href":"https:\/\/api.w.org\/{rel}","templated":true}]}}