{"id":599,"date":"2025-03-13T11:37:46","date_gmt":"2025-03-13T10:37:46","guid":{"rendered":"https:\/\/utveckling.timecutcloud.com\/kinds\/?page_id=599"},"modified":"2025-03-18T13:35:38","modified_gmt":"2025-03-18T12:35:38","slug":"vid-dodsfall","status":"publish","type":"page","link":"https:\/\/utveckling.timecutcloud.com\/kinds\/vid-dodsfall\/","title":{"rendered":"Vid d\u00f6dsfall"},"content":{"rendered":"\n<div class=\"wp-block-columns wrapper-frontpage is-layout-flex wp-container-core-columns-is-layout-9d6595d7 wp-block-columns-is-layout-flex\">\n<div class=\"wp-block-column is-layout-flow wp-block-column-is-layout-flow\">\n<div class=\"wp-block-columns is-layout-flex wp-container-core-columns-is-layout-9d6595d7 wp-block-columns-is-layout-flex\">\n<div class=\"wp-block-column is-layout-flow wp-block-column-is-layout-flow\">\n<h2 class=\"wp-block-heading\">Hur g\u00f6r jag nu?<\/h2>\n\n\n\n<p>Att f\u00f6rlora en n\u00e4ra v\u00e4n eller anh\u00f6rig h\u00f6r till en av livets mest omv\u00e4lvande h\u00e4ndelser. Det \u00e4r d\u00e4rf\u00f6r naturligt att k\u00e4nna stor os\u00e4kerhet inf\u00f6r s\u00e5dant som m\u00e5ste tas om hand inf\u00f6r en begravning. Ett bra r\u00e5d \u00e4r att du inte har f\u00f6r br\u00e5ttom. Du \u00e4r v\u00e4lkommen att v\u00e4nda dig till oss n\u00e4rhelst du vill.<\/p>\n\n\n\n<p><strong>Att ta farv\u00e4l \u2013 Planera begravning<\/strong><br>En begravning \u00e4r en kort stund i tid, men minnet av den lever vidare. Den ger en m\u00f6jlighet att skapa ett vackert och v\u00e4rdigt avsked \u2013 en stund f\u00f6r att hedra och minnas den som g\u00e5tt bort.<br>Det finns inga fasta mallar f\u00f6r en begravning. Genom ett n\u00e4ra samarbete mellan er anh\u00f6riga s\u00e5 skapar vi tillsammans en ceremoni som k\u00e4nns genuin och personlig.<br>Den ska spegla den avlidnes liv, men ocks\u00e5 ge tr\u00f6st och hopp f\u00f6r framtiden.<br>Vid ett d\u00f6dsfall uppst\u00e5r m\u00e5nga fr\u00e5gor och beslut att ta. En trygghet f\u00f6r dig som best\u00e4llare \u00e4r \u00e4ven att dokumentationen inneh\u00e5ller en specificerad prisuppgift.<\/p>\n\n\n\n<p><a href=\"https:\/\/utveckling.timecutcloud.com\/kinds\/vid-dodsfall\/hur-gor-jag-nu\/\" class=\"button\">L\u00e4s mer <span class=\"btn-arrow\"><\/span><\/a><\/p>\n<\/div>\n\n\n\n<div class=\"wp-block-column is-layout-flow wp-block-column-is-layout-flow\">\n<figure class=\"wp-block-image size-full\"><img loading=\"lazy\" decoding=\"async\" width=\"875\" height=\"617\" src=\"https:\/\/utveckling.timecutcloud.com\/kinds\/wp-content\/uploads\/2025\/03\/hurgorjagnu-scaled-e1742286827853.jpg\" alt=\"\" class=\"wp-image-697\"\/><\/figure>\n<\/div>\n<\/div>\n<\/div>\n<\/div>\n\n\n\n<div class=\"wp-block-columns wrapper-frontpage is-layout-flex wp-container-core-columns-is-layout-9d6595d7 wp-block-columns-is-layout-flex\">\n<div class=\"wp-block-column is-layout-flow wp-block-column-is-layout-flow\">\n<div class=\"wp-block-columns is-layout-flex wp-container-core-columns-is-layout-9d6595d7 wp-block-columns-is-layout-flex\">\n<div class=\"wp-block-column is-layout-flow wp-block-column-is-layout-flow\">\n<figure class=\"wp-block-image size-full\"><img loading=\"lazy\" decoding=\"async\" width=\"875\" height=\"610\" src=\"https:\/\/utveckling.timecutcloud.com\/kinds\/wp-content\/uploads\/2025\/03\/temp2-1.jpg\" alt=\"\" class=\"wp-image-619\" srcset=\"https:\/\/utveckling.timecutcloud.com\/kinds\/wp-content\/uploads\/2025\/03\/temp2-1.jpg 875w, https:\/\/utveckling.timecutcloud.com\/kinds\/wp-content\/uploads\/2025\/03\/temp2-1-300x209.jpg 300w, https:\/\/utveckling.timecutcloud.com\/kinds\/wp-content\/uploads\/2025\/03\/temp2-1-768x535.jpg 768w\" sizes=\"auto, (max-width: 875px) 100vw, 875px\" \/><\/figure>\n<\/div>\n\n\n\n<div class=\"wp-block-column is-layout-flow wp-block-column-is-layout-flow\">\n<h2 class=\"wp-block-heading\">Vi tar hand om det sv\u00e5ra<\/h2>\n\n\n\n<p>Vi arbetar som om du alltid fanns med oss i v\u00e5ra g\u00f6rom\u00e5l. V\u00e5r ambition och v\u00e5r m\u00e5ls\u00e4ttning \u00e4r att skapa en k\u00e4nsla av att vi alltid finns till din hj\u00e4lp med att besvara fr\u00e5gor. En obesvarad fr\u00e5ga kan v\u00e4xa till en tung tanke som oroar och st\u00f6r vilan som beh\u00f6vs f\u00f6r att f\u00e5 kraft att b\u00e4ra sorgen.<\/p>\n\n\n\n<p><a href=\"https:\/\/utveckling.timecutcloud.com\/kinds\/vid-dodsfall\/vi-tar-hand-om-det-svara\/\" class=\"button\">L\u00e4s mer <span class=\"btn-arrow\"><\/span><\/a><\/p>\n<\/div>\n<\/div>\n<\/div>\n<\/div>\n\n\n\n<div class=\"wp-block-columns wrapper-frontpage is-layout-flex wp-container-core-columns-is-layout-9d6595d7 wp-block-columns-is-layout-flex\">\n<div class=\"wp-block-column is-layout-flow wp-block-column-is-layout-flow\">\n<div class=\"wp-block-columns is-layout-flex wp-container-core-columns-is-layout-9d6595d7 wp-block-columns-is-layout-flex\">\n<div class=\"wp-block-column is-layout-flow wp-block-column-is-layout-flow\">\n<h2 class=\"wp-block-heading\">Saker att t\u00e4nka p\u00e5<\/h2>\n\n\n\n<p>F\u00f6r att underl\u00e4tta den ofta kaotiska f\u00f6rsta tiden efter ett d\u00f6dsfall har vi gjort en enkel checklista \u00f6ver s\u00e5dant som kan vara v\u00e4rdefullt att t\u00e4nka p\u00e5.<\/p>\n\n\n\n<p><a href=\"https:\/\/utveckling.timecutcloud.com\/kinds\/vid-dodsfall\/saker-att-tanka-pa\/\" class=\"button\">L\u00e4s mer <span class=\"btn-arrow\"><\/span><\/a><\/p>\n<\/div>\n\n\n\n<div class=\"wp-block-column is-layout-flow wp-block-column-is-layout-flow\">\n<figure class=\"wp-block-image size-full\"><img loading=\"lazy\" decoding=\"async\" width=\"875\" height=\"610\" src=\"https:\/\/utveckling.timecutcloud.com\/kinds\/wp-content\/uploads\/2025\/03\/temp3.jpg\" alt=\"\" class=\"wp-image-620\" srcset=\"https:\/\/utveckling.timecutcloud.com\/kinds\/wp-content\/uploads\/2025\/03\/temp3.jpg 875w, https:\/\/utveckling.timecutcloud.com\/kinds\/wp-content\/uploads\/2025\/03\/temp3-300x209.jpg 300w, https:\/\/utveckling.timecutcloud.com\/kinds\/wp-content\/uploads\/2025\/03\/temp3-768x535.jpg 768w\" sizes=\"auto, (max-width: 875px) 100vw, 875px\" \/><\/figure>\n<\/div>\n<\/div>\n<\/div>\n<\/div>\n\n\n\n<div class=\"wp-block-columns wrapper-frontpage is-layout-flex wp-container-core-columns-is-layout-9d6595d7 wp-block-columns-is-layout-flex\">\n<div class=\"wp-block-column is-layout-flow wp-block-column-is-layout-flow\">\n<div class=\"wp-block-columns is-layout-flex wp-container-core-columns-is-layout-9d6595d7 wp-block-columns-is-layout-flex\">\n<div class=\"wp-block-column is-layout-flow wp-block-column-is-layout-flow\">\n<figure class=\"wp-block-image size-full\"><img loading=\"lazy\" decoding=\"async\" width=\"875\" height=\"610\" src=\"https:\/\/utveckling.timecutcloud.com\/kinds\/wp-content\/uploads\/2025\/03\/temp4.jpg\" alt=\"\" class=\"wp-image-621\" srcset=\"https:\/\/utveckling.timecutcloud.com\/kinds\/wp-content\/uploads\/2025\/03\/temp4.jpg 875w, https:\/\/utveckling.timecutcloud.com\/kinds\/wp-content\/uploads\/2025\/03\/temp4-300x209.jpg 300w, https:\/\/utveckling.timecutcloud.com\/kinds\/wp-content\/uploads\/2025\/03\/temp4-768x535.jpg 768w\" sizes=\"auto, (max-width: 875px) 100vw, 875px\" \/><\/figure>\n<\/div>\n\n\n\n<div class=\"wp-block-column is-layout-flow wp-block-column-is-layout-flow\">\n<h2 class=\"wp-block-heading\">Transporter<\/h2>\n\n\n\n<p>Vi hj\u00e4lper till med alla transporter i samband med ett d\u00f6dsfall och vi anv\u00e4nder alltid begravningsbil. Det h\u00e4r g\u00f6r vi d\u00e5 v\u00e5r policy \u00e4r att alltid hantera den avlidne p\u00e5 ett etiskt och korrekt s\u00e4tt genom hela det uppdrag vi blivit anf\u00f6rtrodda. Vi har jour dygnet runt och ni n\u00e5r alltid n\u00e5gon av v\u00e5r ordinarie personal under jouren.<\/p>\n\n\n\n<p><a href=\"https:\/\/utveckling.timecutcloud.com\/kinds\/vid-dodsfall\/transporter\/\" class=\"button\">L\u00e4s mer <span class=\"btn-arrow\"><\/span><\/a><\/p>\n<\/div>\n<\/div>\n<\/div>\n<\/div>\n\n\n\n<div class=\"wp-block-columns wrapper-frontpage is-layout-flex wp-container-core-columns-is-layout-9d6595d7 wp-block-columns-is-layout-flex\">\n<div class=\"wp-block-column is-layout-flow wp-block-column-is-layout-flow\">\n<div class=\"wp-block-columns is-layout-flex wp-container-core-columns-is-layout-9d6595d7 wp-block-columns-is-layout-flex\">\n<div class=\"wp-block-column is-layout-flow wp-block-column-is-layout-flow\">\n<h2 class=\"wp-block-heading\">Broschyrer och skrifter<\/h2>\n\n\n\n<p>Aliquam sem et tortor consequat id porta nibh. Non diam phasellus vestibulum lorem sed risus ultricies tristique. Id neque aliquam vestibulum morbi blandit cursus risus at. Luctus accumsan tortor posuere ac. Enim ut tellus elementum sagittis vitae et leo duis ut.<\/p>\n\n\n\n<p><a href=\"https:\/\/utveckling.timecutcloud.com\/kinds\/vid-dodsfall\/broschyrer-och-skrifter\/\" class=\"button\">L\u00e4s mer <span class=\"btn-arrow\"><\/span><\/a><\/p>\n<\/div>\n\n\n\n<div class=\"wp-block-column is-layout-flow wp-block-column-is-layout-flow\">\n<figure class=\"wp-block-image size-full\"><img loading=\"lazy\" decoding=\"async\" width=\"875\" height=\"610\" src=\"https:\/\/utveckling.timecutcloud.com\/kinds\/wp-content\/uploads\/2025\/03\/temp5.jpg\" alt=\"\" class=\"wp-image-622\" srcset=\"https:\/\/utveckling.timecutcloud.com\/kinds\/wp-content\/uploads\/2025\/03\/temp5.jpg 875w, https:\/\/utveckling.timecutcloud.com\/kinds\/wp-content\/uploads\/2025\/03\/temp5-300x209.jpg 300w, https:\/\/utveckling.timecutcloud.com\/kinds\/wp-content\/uploads\/2025\/03\/temp5-768x535.jpg 768w\" sizes=\"auto, (max-width: 875px) 100vw, 875px\" \/><\/figure>\n<\/div>\n<\/div>\n<\/div>\n<\/div>\n","protected":false},"excerpt":{"rendered":"<p>Hur g\u00f6r jag nu? Att f\u00f6rlora en n\u00e4ra v\u00e4n eller anh\u00f6rig h\u00f6r till en av livets mest omv\u00e4lvande h\u00e4ndelser. Det \u00e4r d\u00e4rf\u00f6r naturligt att k\u00e4nna stor os\u00e4kerhet inf\u00f6r s\u00e5dant som m\u00e5ste tas om hand inf\u00f6r en begravning. Ett bra r\u00e5d \u00e4r att du inte har f\u00f6r br\u00e5ttom. Du \u00e4r v\u00e4lkommen att v\u00e4nda dig till oss [&hellip;]<\/p>\n","protected":false},"author":1,"featured_media":0,"parent":0,"menu_order":3,"comment_status":"closed","ping_status":"closed","template":"page-parent.php","meta":{"_acf_changed":false,"footnotes":""},"class_list":["post-599","page","type-page","status-publish","hentry"],"acf":[],"_links":{"self":[{"href":"https:\/\/utveckling.timecutcloud.com\/kinds\/wp-json\/wp\/v2\/pages\/599","targetHints":{"allow":["GET"]}}],"collection":[{"href":"https:\/\/utveckling.timecutcloud.com\/kinds\/wp-json\/wp\/v2\/pages"}],"about":[{"href":"https:\/\/utveckling.timecutcloud.com\/kinds\/wp-json\/wp\/v2\/types\/page"}],"author":[{"embeddable":true,"href":"https:\/\/utveckling.timecutcloud.com\/kinds\/wp-json\/wp\/v2\/users\/1"}],"replies":[{"embeddable":true,"href":"https:\/\/utveckling.timecutcloud.com\/kinds\/wp-json\/wp\/v2\/comments?post=599"}],"version-history":[{"count":14,"href":"https:\/\/utveckling.timecutcloud.com\/kinds\/wp-json\/wp\/v2\/pages\/599\/revisions"}],"predecessor-version":[{"id":707,"href":"https:\/\/utveckling.timecutcloud.com\/kinds\/wp-json\/wp\/v2\/pages\/599\/revisions\/707"}],"wp:attachment":[{"href":"https:\/\/utveckling.timecutcloud.com\/kinds\/wp-json\/wp\/v2\/media?parent=599"}],"curies":[{"name":"wp","href":"https:\/\/api.w.org\/{rel}","templated":true}]}}