{"id":677,"date":"2025-03-14T15:58:36","date_gmt":"2025-03-14T14:58:36","guid":{"rendered":"https:\/\/utveckling.timecutcloud.com\/kinds\/?page_id=677"},"modified":"2025-04-24T12:11:17","modified_gmt":"2025-04-24T10:11:17","slug":"infor-motet-med-oss-forberedelser","status":"publish","type":"page","link":"https:\/\/utveckling.timecutcloud.com\/kinds\/infor-motet-med-oss-forberedelser\/","title":{"rendered":"Inf\u00f6r m\u00f6tet med oss &#8211; f\u00f6rberedelser"},"content":{"rendered":"\n<p>Att f\u00f6rlora en n\u00e4ra v\u00e4n eller anh\u00f6rig h\u00f6r till en av livets mest omv\u00e4lvande h\u00e4ndelser. Det \u00e4r d\u00e4rf\u00f6r naturligt att k\u00e4nna stor os\u00e4kerhet inf\u00f6r s\u00e5dant som m\u00e5ste tas om hand inf\u00f6r en begravning. Ett bra r\u00e5d \u00e4r att du inte har f\u00f6r br\u00e5ttom. Du \u00e4r v\u00e4lkommen att v\u00e4nda dig till oss n\u00e4rhelst du vill. Vi har den erfarenhet och kunskap som kr\u00e4vs f\u00f6r att ge det st\u00f6d och den hj\u00e4lp som beh\u00f6vs.<\/p>\n\n\n\n<p>Inf\u00f6r v\u00e5rat f\u00f6rsta m\u00f6te som kan ske p\u00e5 n\u00e5got av v\u00e5ra kontor, hemma hos er, digitalt eller p\u00e5 n\u00e5gon annan plats d\u00e4r ni k\u00e4nner er bekv\u00e4ma.<\/p>\n\n\n\n<ul class=\"wp-block-list\">\n<li>Vart ska begravningen \u00e4ga rum?<\/li>\n\n\n\n<li>Har den avlidna n\u00e5gra \u00f6nskem\u00e5l? Vi kan hj\u00e4lpa er att kolla om det finns n\u00e5got skrivet i <a href=\"https:\/\/utveckling.timecutcloud.com\/kinds\/planera-i-livet\/livsarkivet\/\">livsarkivet<\/a>.<\/li>\n\n\n\n<li>Finns det n\u00e5gon grav eller vill ni skaffa en?<\/li>\n\n\n\n<li>Hur ska d\u00f6dsannonsen vara utformad? Eller vill ni enbart ha ett minnesrum? <a href=\"https:\/\/utveckling.timecutcloud.com\/kinds\/ordna-begravning-2\/dodsannons-och-minnesrum\/forbered-annons\/\">Utforma en annons h\u00e4r<\/a>.<\/li>\n\n\n\n<li>N\u00e5gra andra id\u00e9er om begravningen?<\/li>\n\n\n\n<li>Ska det h\u00e5llas en minnesstund?<\/li>\n<\/ul>\n\n\n\n<div class=\"wp-block-columns wrapper-frontpage is-layout-flex wp-container-core-columns-is-layout-9d6595d7 wp-block-columns-is-layout-flex\">\n<div class=\"wp-block-column is-layout-flow wp-block-column-is-layout-flow\">\n<div class=\"wp-block-columns is-layout-flex wp-container-core-columns-is-layout-9d6595d7 wp-block-columns-is-layout-flex\">\n<div class=\"wp-block-column is-layout-flow wp-block-column-is-layout-flow\">\n<h2 class=\"wp-block-heading\">B\u00f6rja planeringen hemifr\u00e5n<\/h2>\n\n\n\n<p>N\u00e4r n\u00e5gon n\u00e4ra g\u00e5r bort st\u00e4lls vi inf\u00f6r b\u00e5de starka k\u00e4nslor och praktiska beslut. Det kan k\u00e4nnas \u00f6verv\u00e4ldigande att veta vart man ska b\u00f6rja. Det finns inga m\u00e5sten \u2013 men att fundera lite innan anh\u00f6rig m\u00f6tet kan g\u00f6ra det l\u00e4ttare att forma en begravning som k\u00e4nns personligt och genomt\u00e4nkt.<\/p>\n\n\n\n<p><a href=\"https:\/\/utveckling.timecutcloud.com\/kinds\/ordna-begravning-2\/ordna-begravning\/\" class=\"button\">L\u00e4s mer <span class=\"btn-arrow\"><\/span><\/a><\/p>\n<\/div>\n\n\n\n<div class=\"wp-block-column is-layout-flow wp-block-column-is-layout-flow\">\n<figure class=\"wp-block-image size-full\"><img loading=\"lazy\" decoding=\"async\" width=\"875\" height=\"710\" src=\"https:\/\/utveckling.timecutcloud.com\/kinds\/wp-content\/uploads\/2025\/04\/kinds_ordna-puff1.jpg\" alt=\"\" class=\"wp-image-858\" srcset=\"https:\/\/utveckling.timecutcloud.com\/kinds\/wp-content\/uploads\/2025\/04\/kinds_ordna-puff1.jpg 875w, https:\/\/utveckling.timecutcloud.com\/kinds\/wp-content\/uploads\/2025\/04\/kinds_ordna-puff1-300x243.jpg 300w, https:\/\/utveckling.timecutcloud.com\/kinds\/wp-content\/uploads\/2025\/04\/kinds_ordna-puff1-768x623.jpg 768w\" sizes=\"auto, (max-width: 875px) 100vw, 875px\" \/><\/figure>\n<\/div>\n<\/div>\n<\/div>\n<\/div>\n\n\n\n<div class=\"wp-block-columns wrapper-frontpage is-layout-flex wp-container-core-columns-is-layout-9d6595d7 wp-block-columns-is-layout-flex\">\n<div class=\"wp-block-column is-layout-flow wp-block-column-is-layout-flow\">\n<div class=\"wp-block-columns is-layout-flex wp-container-core-columns-is-layout-9d6595d7 wp-block-columns-is-layout-flex\">\n<div class=\"wp-block-column is-layout-flow wp-block-column-is-layout-flow\">\n<figure class=\"wp-block-image size-full\"><img loading=\"lazy\" decoding=\"async\" width=\"875\" height=\"610\" src=\"https:\/\/utveckling.timecutcloud.com\/kinds\/wp-content\/uploads\/2025\/03\/temp1-1.jpg\" alt=\"\" class=\"wp-image-618\" srcset=\"https:\/\/utveckling.timecutcloud.com\/kinds\/wp-content\/uploads\/2025\/03\/temp1-1.jpg 875w, https:\/\/utveckling.timecutcloud.com\/kinds\/wp-content\/uploads\/2025\/03\/temp1-1-300x209.jpg 300w, https:\/\/utveckling.timecutcloud.com\/kinds\/wp-content\/uploads\/2025\/03\/temp1-1-768x535.jpg 768w\" sizes=\"auto, (max-width: 875px) 100vw, 875px\" \/><\/figure>\n<\/div>\n\n\n\n<div class=\"wp-block-column is-layout-flow wp-block-column-is-layout-flow\">\n<h2 class=\"wp-block-heading\">Att v\u00e4lja kista och urna<\/h2>\n\n\n\n<p>Det finns stora m\u00f6jligheter till ett personligt val av kista eller urna. Det kan handla om f\u00e4rg, form och utsmyckning men ocks\u00e5 om kvalitet p\u00e5 b\u00e4dd och inredning, val av material och grad av milj\u00f6anpassning. V\u00e5ra begravningsr\u00e5dgivare hj\u00e4lper dig att v\u00e4lja r\u00e4tt.<\/p>\n\n\n\n<p><a href=\"https:\/\/utveckling.timecutcloud.com\/kinds\/ordna-begravning-2\/musik-vid-begravningen\/kistor-och-urnor\/\" class=\"button\">L\u00e4s mer <span class=\"btn-arrow\"><\/span><\/a><\/p>\n<\/div>\n<\/div>\n<\/div>\n<\/div>\n\n\n\n<div class=\"wp-block-columns wrapper-frontpage is-layout-flex wp-container-core-columns-is-layout-9d6595d7 wp-block-columns-is-layout-flex\">\n<div class=\"wp-block-column is-layout-flow wp-block-column-is-layout-flow\">\n<div class=\"wp-block-columns is-layout-flex wp-container-core-columns-is-layout-9d6595d7 wp-block-columns-is-layout-flex\">\n<div class=\"wp-block-column is-layout-flow wp-block-column-is-layout-flow\">\n<h2 class=\"wp-block-heading\">Livsarkivet<\/h2>\n\n\n\n<p>K\u00e4rleksbrevet till dina anh\u00f6riga. Det \u00e4r ditt liv, dina \u00f6nskem\u00e5l som bevaras med omtanke. Livet \u00e4r of\u00f6ruts\u00e4gbart, men din vilja beh\u00f6ver inte vara det.<\/p>\n\n\n\n<p><a href=\"https:\/\/utveckling.timecutcloud.com\/kinds\/planera-i-livet\/livsarkivet\/\" class=\"button\">L\u00e4s mer <span class=\"btn-arrow\"><\/span><\/a><\/p>\n<\/div>\n\n\n\n<div class=\"wp-block-column is-layout-flow wp-block-column-is-layout-flow\">\n<figure class=\"wp-block-image size-full\"><img loading=\"lazy\" decoding=\"async\" width=\"930\" height=\"710\" src=\"https:\/\/utveckling.timecutcloud.com\/kinds\/wp-content\/uploads\/2025\/04\/Kvinna-Hyllning-till-Livet--scaled-e1745393912982.jpg\" alt=\"\" class=\"wp-image-1014\" srcset=\"https:\/\/utveckling.timecutcloud.com\/kinds\/wp-content\/uploads\/2025\/04\/Kvinna-Hyllning-till-Livet--scaled-e1745393912982.jpg 930w, https:\/\/utveckling.timecutcloud.com\/kinds\/wp-content\/uploads\/2025\/04\/Kvinna-Hyllning-till-Livet--scaled-e1745393912982-300x229.jpg 300w, https:\/\/utveckling.timecutcloud.com\/kinds\/wp-content\/uploads\/2025\/04\/Kvinna-Hyllning-till-Livet--scaled-e1745393912982-768x586.jpg 768w\" sizes=\"auto, (max-width: 930px) 100vw, 930px\" \/><\/figure>\n<\/div>\n<\/div>\n<\/div>\n<\/div>\n\n\n\n<div class=\"wp-block-columns wrapper-frontpage is-layout-flex wp-container-core-columns-is-layout-9d6595d7 wp-block-columns-is-layout-flex\">\n<div class=\"wp-block-column is-layout-flow wp-block-column-is-layout-flow\">\n<div class=\"wp-block-columns is-layout-flex wp-container-core-columns-is-layout-9d6595d7 wp-block-columns-is-layout-flex\">\n<div class=\"wp-block-column is-layout-flow wp-block-column-is-layout-flow\">\n<figure class=\"wp-block-image size-full\"><img loading=\"lazy\" decoding=\"async\" width=\"876\" height=\"710\" src=\"https:\/\/utveckling.timecutcloud.com\/kinds\/wp-content\/uploads\/2025\/04\/gravsten-kopiera.jpg\" alt=\"\" class=\"wp-image-1010\" srcset=\"https:\/\/utveckling.timecutcloud.com\/kinds\/wp-content\/uploads\/2025\/04\/gravsten-kopiera.jpg 876w, https:\/\/utveckling.timecutcloud.com\/kinds\/wp-content\/uploads\/2025\/04\/gravsten-kopiera-300x243.jpg 300w, https:\/\/utveckling.timecutcloud.com\/kinds\/wp-content\/uploads\/2025\/04\/gravsten-kopiera-768x622.jpg 768w\" sizes=\"auto, (max-width: 876px) 100vw, 876px\" \/><\/figure>\n<\/div>\n\n\n\n<div class=\"wp-block-column is-layout-flow wp-block-column-is-layout-flow\">\n<h2 class=\"wp-block-heading\">Att v\u00e4lja gravsten<\/h2>\n\n\n\n<p>Ett hantverk fr\u00e5n best\u00e4llning till montering, vi hj\u00e4lper dig att skapa en gravsten utifr\u00e5n era \u00f6nskem\u00e5l och v\u00e5r kunskap.<br>Textkomplettering samt renovering av befintliga gravstenar, det hj\u00e4lper vi g\u00e4rna till med.<br>Prata med v\u00e5ra r\u00e5dgivare s\u00e5 hj\u00e4lper dom dig.<\/p>\n\n\n\n<p><a href=\"https:\/\/utveckling.timecutcloud.com\/kinds\/ordna-begravning-2\/ordna-begravning\/gravsten\/\" class=\"button\">L\u00e4s mer <span class=\"btn-arrow\"><\/span><\/a><\/p>\n<\/div>\n<\/div>\n<\/div>\n<\/div>\n","protected":false},"excerpt":{"rendered":"<p>Att f\u00f6rlora en n\u00e4ra v\u00e4n eller anh\u00f6rig h\u00f6r till en av livets mest omv\u00e4lvande h\u00e4ndelser. Det \u00e4r d\u00e4rf\u00f6r naturligt att k\u00e4nna stor os\u00e4kerhet inf\u00f6r s\u00e5dant som m\u00e5ste tas om hand inf\u00f6r en begravning. Ett bra r\u00e5d \u00e4r att du inte har f\u00f6r br\u00e5ttom. Du \u00e4r v\u00e4lkommen att v\u00e4nda dig till oss n\u00e4rhelst du vill. Vi [&hellip;]<\/p>\n","protected":false},"author":1,"featured_media":0,"parent":0,"menu_order":2,"comment_status":"closed","ping_status":"closed","template":"page-parent.php","meta":{"_acf_changed":false,"footnotes":""},"class_list":["post-677","page","type-page","status-publish","hentry"],"acf":[],"_links":{"self":[{"href":"https:\/\/utveckling.timecutcloud.com\/kinds\/wp-json\/wp\/v2\/pages\/677","targetHints":{"allow":["GET"]}}],"collection":[{"href":"https:\/\/utveckling.timecutcloud.com\/kinds\/wp-json\/wp\/v2\/pages"}],"about":[{"href":"https:\/\/utveckling.timecutcloud.com\/kinds\/wp-json\/wp\/v2\/types\/page"}],"author":[{"embeddable":true,"href":"https:\/\/utveckling.timecutcloud.com\/kinds\/wp-json\/wp\/v2\/users\/1"}],"replies":[{"embeddable":true,"href":"https:\/\/utveckling.timecutcloud.com\/kinds\/wp-json\/wp\/v2\/comments?post=677"}],"version-history":[{"count":13,"href":"https:\/\/utveckling.timecutcloud.com\/kinds\/wp-json\/wp\/v2\/pages\/677\/revisions"}],"predecessor-version":[{"id":1085,"href":"https:\/\/utveckling.timecutcloud.com\/kinds\/wp-json\/wp\/v2\/pages\/677\/revisions\/1085"}],"wp:attachment":[{"href":"https:\/\/utveckling.timecutcloud.com\/kinds\/wp-json\/wp\/v2\/media?parent=677"}],"curies":[{"name":"wp","href":"https:\/\/api.w.org\/{rel}","templated":true}]}}