{"id":7,"date":"2025-02-28T15:44:31","date_gmt":"2025-02-28T14:44:31","guid":{"rendered":"https:\/\/utveckling.timecutcloud.com\/kinds\/?page_id=7"},"modified":"2026-02-23T14:58:12","modified_gmt":"2026-02-23T13:58:12","slug":"startsidan","status":"publish","type":"page","link":"https:\/\/utveckling.timecutcloud.com\/kinds\/","title":{"rendered":"Startsidan"},"content":{"rendered":"\n\n\n<div class=\"wp-block-columns wrapper-frontpage is-layout-flex wp-container-core-columns-is-layout-9d6595d7 wp-block-columns-is-layout-flex\">\n<div class=\"wp-block-column is-layout-flow wp-block-column-is-layout-flow\">\n<div class=\"wp-block-columns is-layout-flex wp-container-core-columns-is-layout-9d6595d7 wp-block-columns-is-layout-flex\">\n<div class=\"wp-block-column is-layout-flow wp-block-column-is-layout-flow\">\n<h2 class=\"wp-block-heading\">Vi \u00e4r en begravningsbyr\u00e5 med r\u00f6tterna i tradition, men med en stark v\u00e4xtkraft fram\u00e5t<\/h2>\n\n\n\n<p>P\u00e5 Kinds Begravningsbyr\u00e5 har vi i generationer hj\u00e4lpt familjer genom livets sv\u00e5ra stunder. Med r\u00f6tter i tradition, med en blick mot framtiden erbjuder vi personliga och professionell v\u00e4gledning med v\u00e4rme och respekt. Hos oss \u00e4r du aldrig ensam.<\/p>\n\n\n\n<p><a href=\"https:\/\/utveckling.timecutcloud.com\/kinds\/om-oss\/vart-foretag\/\" class=\"button\">V\u00e5r historia <span class=\"btn-arrow\"><\/span><\/a><\/p>\n<\/div>\n\n\n\n<div class=\"wp-block-column is-layout-flow wp-block-column-is-layout-flow\">\n<figure class=\"wp-block-image size-full\"><img loading=\"lazy\" decoding=\"async\" width=\"952\" height=\"640\" src=\"https:\/\/utveckling.timecutcloud.com\/kinds\/wp-content\/uploads\/2026\/01\/photo-1605167230279-f41417da905b.jpg\" alt=\"\" class=\"wp-image-1121\" srcset=\"https:\/\/utveckling.timecutcloud.com\/kinds\/wp-content\/uploads\/2026\/01\/photo-1605167230279-f41417da905b.jpg 952w, https:\/\/utveckling.timecutcloud.com\/kinds\/wp-content\/uploads\/2026\/01\/photo-1605167230279-f41417da905b-300x202.jpg 300w, https:\/\/utveckling.timecutcloud.com\/kinds\/wp-content\/uploads\/2026\/01\/photo-1605167230279-f41417da905b-768x516.jpg 768w\" sizes=\"auto, (max-width: 952px) 100vw, 952px\" \/><\/figure>\n<\/div>\n<\/div>\n<\/div>\n<\/div>\n\n\n\n<div class=\"wp-block-columns wrapper-frontpage is-layout-flex wp-container-core-columns-is-layout-9d6595d7 wp-block-columns-is-layout-flex\">\n<div class=\"wp-block-column is-layout-flow wp-block-column-is-layout-flow\">\n<div class=\"wp-block-columns is-layout-flex wp-container-core-columns-is-layout-9d6595d7 wp-block-columns-is-layout-flex\">\n<div class=\"wp-block-column is-layout-flow wp-block-column-is-layout-flow\">\n<figure class=\"wp-block-image size-full\"><img loading=\"lazy\" decoding=\"async\" width=\"875\" height=\"618\" src=\"https:\/\/utveckling.timecutcloud.com\/kinds\/wp-content\/uploads\/2025\/03\/image004-kopiera.png\" alt=\"\" class=\"wp-image-249\" srcset=\"https:\/\/utveckling.timecutcloud.com\/kinds\/wp-content\/uploads\/2025\/03\/image004-kopiera.png 875w, https:\/\/utveckling.timecutcloud.com\/kinds\/wp-content\/uploads\/2025\/03\/image004-kopiera-300x212.png 300w, https:\/\/utveckling.timecutcloud.com\/kinds\/wp-content\/uploads\/2025\/03\/image004-kopiera-768x542.png 768w\" sizes=\"auto, (max-width: 875px) 100vw, 875px\" \/><\/figure>\n<\/div>\n\n\n\n<div class=\"wp-block-column is-layout-flow wp-block-column-is-layout-flow\">\n<h2 class=\"wp-block-heading\">D\u00f6dsannonser, minnesg\u00e5vor, anm\u00e4lan och best\u00e4lla blommor<\/h2>\n\n\n\n<p>I minnesrummet kan du tex t\u00e4nda ett ljus och skriva en h\u00e4lsning, bifoga en fin bild eller en film som avspelar den avlidne, ge en minnesg\u00e5va, anm\u00e4la dig till en minnesstund och best\u00e4lla blommor till begravningen eller buda hem en kondoleansblomma till anh\u00f6riga.<br>V\u00e4lkommen!<\/p>\n\n\n\n<p><a href=\"https:\/\/utveckling.timecutcloud.com\/kinds\/begravningsgast\/dodsannonser\/\" class=\"button\">G\u00e5 till minnesrummen <span class=\"btn-arrow\"><\/span><\/a><\/p>\n<\/div>\n<\/div>\n<\/div>\n<\/div>\n\n\n\n<div class=\"wp-block-columns is-layout-flex wp-container-core-columns-is-layout-9d6595d7 wp-block-columns-is-layout-flex\">\n<div class=\"wp-block-column wrapper-frontpage is-layout-flow wp-block-column-is-layout-flow\">\n<div class=\"wp-block-columns three-cols-frontpage is-layout-flex wp-container-core-columns-is-layout-9d6595d7 wp-block-columns-is-layout-flex\">\n<div class=\"wp-block-column three-cols-frontpage-item is-layout-flow wp-block-column-is-layout-flow\">\n<figure class=\"wp-block-image size-full\"><img loading=\"lazy\" decoding=\"async\" width=\"529\" height=\"443\" src=\"https:\/\/utveckling.timecutcloud.com\/kinds\/wp-content\/uploads\/2025\/04\/Group-26.png\" alt=\"\" class=\"wp-image-967\" srcset=\"https:\/\/utveckling.timecutcloud.com\/kinds\/wp-content\/uploads\/2025\/04\/Group-26.png 529w, https:\/\/utveckling.timecutcloud.com\/kinds\/wp-content\/uploads\/2025\/04\/Group-26-300x251.png 300w\" sizes=\"auto, (max-width: 529px) 100vw, 529px\" \/><\/figure>\n\n\n\n<div class=\"wp-block-columns is-layout-flex wp-container-core-columns-is-layout-9d6595d7 wp-block-columns-is-layout-flex\">\n<div class=\"wp-block-column txt-block is-layout-flow wp-block-column-is-layout-flow\">\n<a href=\"https:\/\/utveckling.timecutcloud.com\/kinds\/planera-i-livet\/livsarkivet\/\"><h3>Livsarkivet<\/h3>\n<p>K\u00e4rleksbrevet till dina anh\u00f6riga. Det \u00e4r ditt liv, dina \u00f6nskem\u00e5l som bevaras med omtanke. Livet \u00e4r of\u00f6ruts\u00e4gbart, men din vilja beh\u00f6ver inte vara det.<\/p><\/a>\n<\/div>\n<\/div>\n<\/div>\n\n\n\n<div class=\"wp-block-column three-cols-frontpage-item is-layout-flow wp-block-column-is-layout-flow\">\n<figure class=\"wp-block-image size-full\"><img loading=\"lazy\" decoding=\"async\" width=\"529\" height=\"443\" src=\"https:\/\/utveckling.timecutcloud.com\/kinds\/wp-content\/uploads\/2025\/03\/temp4.png\" alt=\"\" class=\"wp-image-55\" srcset=\"https:\/\/utveckling.timecutcloud.com\/kinds\/wp-content\/uploads\/2025\/03\/temp4.png 529w, https:\/\/utveckling.timecutcloud.com\/kinds\/wp-content\/uploads\/2025\/03\/temp4-300x251.png 300w\" sizes=\"auto, (max-width: 529px) 100vw, 529px\" \/><\/figure>\n\n\n\n<div class=\"wp-block-columns is-layout-flex wp-container-core-columns-is-layout-9d6595d7 wp-block-columns-is-layout-flex\">\n<div class=\"wp-block-column txt-block is-layout-flow wp-block-column-is-layout-flow\">\n<a href=\"https:\/\/utveckling.timecutcloud.com\/kinds\/infor-motet-med-oss-forberedelser\/\"><h3>Inf\u00f6r m\u00f6tet med oss<\/h3>\n<p>F\u00e5 reda p\u00e5 vad som \u00e4r bra att t\u00e4nka p\u00e5 inf\u00f6r m\u00f6tet med oss \u2013 fr\u00e5n praktiska val till personliga \u00f6nskem\u00e5l.<\/p><\/a>\n<\/div>\n<\/div>\n<\/div>\n\n\n\n<div class=\"wp-block-column three-cols-frontpage-item is-layout-flow wp-block-column-is-layout-flow\">\n<figure class=\"wp-block-image size-full\"><img loading=\"lazy\" decoding=\"async\" width=\"529\" height=\"443\" src=\"https:\/\/utveckling.timecutcloud.com\/kinds\/wp-content\/uploads\/2025\/03\/temp5.png\" alt=\"\" class=\"wp-image-57\" srcset=\"https:\/\/utveckling.timecutcloud.com\/kinds\/wp-content\/uploads\/2025\/03\/temp5.png 529w, https:\/\/utveckling.timecutcloud.com\/kinds\/wp-content\/uploads\/2025\/03\/temp5-300x251.png 300w\" sizes=\"auto, (max-width: 529px) 100vw, 529px\" \/><\/figure>\n\n\n\n<div class=\"wp-block-columns is-layout-flex wp-container-core-columns-is-layout-9d6595d7 wp-block-columns-is-layout-flex\">\n<div class=\"wp-block-column txt-block is-layout-flow wp-block-column-is-layout-flow\">\n<a href=\"https:\/\/utveckling.timecutcloud.com\/kinds\/ordna-begravning-2\/musik-vid-begravningen\/kistor-och-urnor\/\"><h3>Kistor och urnor<\/h3>\n<p>Det finns stora m\u00f6jligheter till ett personligt val av kista eller urna. V\u00e5ra begravningsr\u00e5dgivare hj\u00e4lper dig att v\u00e4lja r\u00e4tt.<\/p><\/a>\n<\/div>\n<\/div>\n<\/div>\n<\/div>\n<\/div>\n<\/div>\n\n\n\n<div class=\"wp-block-columns wrapper-frontpage section-inspirationsbilder is-layout-flex wp-container-core-columns-is-layout-9d6595d7 wp-block-columns-is-layout-flex\">\n<div class=\"wp-block-column is-layout-flow wp-block-column-is-layout-flow\">\n<div class=\"wp-block-columns is-layout-flex wp-container-core-columns-is-layout-9d6595d7 wp-block-columns-is-layout-flex\">\n<div class=\"wp-block-column is-layout-flow wp-block-column-is-layout-flow\">\n<h2 class=\"wp-block-heading\">Inspirationsbilder<\/h2>\n\n\n\n<p>Cras in leo vitae lacus scelerisque malesuada. Donec in mi in enim pretium efficitur. Maecenas dolor urna, convallis in libero sit amet, ornare facilisis massa. Fusce non leo eu felis posuere scelerisque.<\/p>\n\n\n\n<p><a href=\"#\" class=\"button\">Ta reda p\u00e5 mer <span class=\"btn-arrow\"><\/span><\/a><\/p>\n<\/div>\n\n\n\n<div class=\"wp-block-column is-layout-flow wp-block-column-is-layout-flow\">\n<figure class=\"wp-block-gallery has-nested-images columns-default is-cropped wp-block-gallery-1 is-layout-flex wp-block-gallery-is-layout-flex\">\n<figure class=\"wp-block-image size-full\"><img loading=\"lazy\" decoding=\"async\" width=\"1024\" height=\"1024\" data-id=\"694\" src=\"https:\/\/utveckling.timecutcloud.com\/kinds\/wp-content\/uploads\/2025\/03\/Urnbegravning-vid-havet-.png\" alt=\"\" class=\"wp-image-694\" srcset=\"https:\/\/utveckling.timecutcloud.com\/kinds\/wp-content\/uploads\/2025\/03\/Urnbegravning-vid-havet-.png 1024w, https:\/\/utveckling.timecutcloud.com\/kinds\/wp-content\/uploads\/2025\/03\/Urnbegravning-vid-havet--300x300.png 300w, https:\/\/utveckling.timecutcloud.com\/kinds\/wp-content\/uploads\/2025\/03\/Urnbegravning-vid-havet--150x150.png 150w, https:\/\/utveckling.timecutcloud.com\/kinds\/wp-content\/uploads\/2025\/03\/Urnbegravning-vid-havet--768x768.png 768w\" sizes=\"auto, (max-width: 1024px) 100vw, 1024px\" \/><\/figure>\n\n\n\n<figure class=\"wp-block-image size-large\"><img loading=\"lazy\" decoding=\"async\" width=\"1024\" height=\"683\" data-id=\"693\" src=\"https:\/\/utveckling.timecutcloud.com\/kinds\/wp-content\/uploads\/2025\/03\/Urnbegravning-kist-begravning-vid-havet-Livsarkivet-inspiration-1024x683.jpg\" alt=\"\" class=\"wp-image-693\" srcset=\"https:\/\/utveckling.timecutcloud.com\/kinds\/wp-content\/uploads\/2025\/03\/Urnbegravning-kist-begravning-vid-havet-Livsarkivet-inspiration-1024x683.jpg 1024w, https:\/\/utveckling.timecutcloud.com\/kinds\/wp-content\/uploads\/2025\/03\/Urnbegravning-kist-begravning-vid-havet-Livsarkivet-inspiration-300x200.jpg 300w, https:\/\/utveckling.timecutcloud.com\/kinds\/wp-content\/uploads\/2025\/03\/Urnbegravning-kist-begravning-vid-havet-Livsarkivet-inspiration-768x512.jpg 768w, https:\/\/utveckling.timecutcloud.com\/kinds\/wp-content\/uploads\/2025\/03\/Urnbegravning-kist-begravning-vid-havet-Livsarkivet-inspiration-1536x1024.jpg 1536w, https:\/\/utveckling.timecutcloud.com\/kinds\/wp-content\/uploads\/2025\/03\/Urnbegravning-kist-begravning-vid-havet-Livsarkivet-inspiration-2048x1365.jpg 2048w\" sizes=\"auto, (max-width: 1024px) 100vw, 1024px\" \/><\/figure>\n\n\n\n<figure class=\"wp-block-image size-large\"><img loading=\"lazy\" decoding=\"async\" width=\"1024\" height=\"683\" data-id=\"691\" src=\"https:\/\/utveckling.timecutcloud.com\/kinds\/wp-content\/uploads\/2025\/03\/pexels-michael-morse-1376649-1024x683.jpg\" alt=\"\" class=\"wp-image-691\" srcset=\"https:\/\/utveckling.timecutcloud.com\/kinds\/wp-content\/uploads\/2025\/03\/pexels-michael-morse-1376649-1024x683.jpg 1024w, https:\/\/utveckling.timecutcloud.com\/kinds\/wp-content\/uploads\/2025\/03\/pexels-michael-morse-1376649-300x200.jpg 300w, https:\/\/utveckling.timecutcloud.com\/kinds\/wp-content\/uploads\/2025\/03\/pexels-michael-morse-1376649-768x512.jpg 768w, https:\/\/utveckling.timecutcloud.com\/kinds\/wp-content\/uploads\/2025\/03\/pexels-michael-morse-1376649-1536x1024.jpg 1536w, https:\/\/utveckling.timecutcloud.com\/kinds\/wp-content\/uploads\/2025\/03\/pexels-michael-morse-1376649-2048x1365.jpg 2048w\" sizes=\"auto, (max-width: 1024px) 100vw, 1024px\" \/><\/figure>\n\n\n\n<figure class=\"wp-block-image size-full\"><img loading=\"lazy\" decoding=\"async\" width=\"1024\" height=\"1024\" data-id=\"688\" src=\"https:\/\/utveckling.timecutcloud.com\/kinds\/wp-content\/uploads\/2025\/03\/6722F689-295F-4B84-80CD-638F609C6154.png\" alt=\"\" class=\"wp-image-688\" srcset=\"https:\/\/utveckling.timecutcloud.com\/kinds\/wp-content\/uploads\/2025\/03\/6722F689-295F-4B84-80CD-638F609C6154.png 1024w, https:\/\/utveckling.timecutcloud.com\/kinds\/wp-content\/uploads\/2025\/03\/6722F689-295F-4B84-80CD-638F609C6154-300x300.png 300w, https:\/\/utveckling.timecutcloud.com\/kinds\/wp-content\/uploads\/2025\/03\/6722F689-295F-4B84-80CD-638F609C6154-150x150.png 150w, https:\/\/utveckling.timecutcloud.com\/kinds\/wp-content\/uploads\/2025\/03\/6722F689-295F-4B84-80CD-638F609C6154-768x768.png 768w\" sizes=\"auto, (max-width: 1024px) 100vw, 1024px\" \/><\/figure>\n\n\n\n<figure class=\"wp-block-image size-full\"><img loading=\"lazy\" decoding=\"async\" width=\"1024\" height=\"1024\" data-id=\"690\" src=\"https:\/\/utveckling.timecutcloud.com\/kinds\/wp-content\/uploads\/2025\/03\/E00C53DD-39E2-4145-BF24-4D3A76DFFAC5-1.png\" alt=\"\" class=\"wp-image-690\" srcset=\"https:\/\/utveckling.timecutcloud.com\/kinds\/wp-content\/uploads\/2025\/03\/E00C53DD-39E2-4145-BF24-4D3A76DFFAC5-1.png 1024w, https:\/\/utveckling.timecutcloud.com\/kinds\/wp-content\/uploads\/2025\/03\/E00C53DD-39E2-4145-BF24-4D3A76DFFAC5-1-300x300.png 300w, https:\/\/utveckling.timecutcloud.com\/kinds\/wp-content\/uploads\/2025\/03\/E00C53DD-39E2-4145-BF24-4D3A76DFFAC5-1-150x150.png 150w, https:\/\/utveckling.timecutcloud.com\/kinds\/wp-content\/uploads\/2025\/03\/E00C53DD-39E2-4145-BF24-4D3A76DFFAC5-1-768x768.png 768w\" sizes=\"auto, (max-width: 1024px) 100vw, 1024px\" \/><\/figure>\n\n\n\n<figure class=\"wp-block-image size-full\"><img loading=\"lazy\" decoding=\"async\" width=\"1024\" height=\"1024\" data-id=\"689\" src=\"https:\/\/utveckling.timecutcloud.com\/kinds\/wp-content\/uploads\/2025\/03\/42558D80-76F8-4466-80D2-F01D6C180F3E-1.png\" alt=\"\" class=\"wp-image-689\" srcset=\"https:\/\/utveckling.timecutcloud.com\/kinds\/wp-content\/uploads\/2025\/03\/42558D80-76F8-4466-80D2-F01D6C180F3E-1.png 1024w, https:\/\/utveckling.timecutcloud.com\/kinds\/wp-content\/uploads\/2025\/03\/42558D80-76F8-4466-80D2-F01D6C180F3E-1-300x300.png 300w, https:\/\/utveckling.timecutcloud.com\/kinds\/wp-content\/uploads\/2025\/03\/42558D80-76F8-4466-80D2-F01D6C180F3E-1-150x150.png 150w, https:\/\/utveckling.timecutcloud.com\/kinds\/wp-content\/uploads\/2025\/03\/42558D80-76F8-4466-80D2-F01D6C180F3E-1-768x768.png 768w\" sizes=\"auto, (max-width: 1024px) 100vw, 1024px\" \/><\/figure>\n<\/figure>\n<\/div>\n<\/div>\n<\/div>\n<\/div>\n","protected":false},"excerpt":{"rendered":"<p>N\u00e4ra dig n\u00e4r du beh\u00f6ver oss \u2013Till er hj\u00e4lp dygnet runt SvenljungaGislavedTranemoAnderstorpHestra 0325-6115170371-5118300325-6115170371-5118300370-335030 \u00d6vriga orter d\u00e4r ni beh\u00f6ver hj\u00e4lp v\u00e4lj n\u00e5got av numren ovan. V\u00e5ra journummer \u00e4r i f\u00f6rsta hand till dig som har br\u00e5dskande \u00e4renden under kv\u00e4llar och helger n\u00e4r v\u00e5ra kontor inte har \u00f6ppet. F\u00f6r \u00f6vriga \u00e4renden v\u00e4nligen kontakta ossvardagar mellan 08.00 &#8211; [&hellip;]<\/p>\n","protected":false},"author":1,"featured_media":0,"parent":0,"menu_order":0,"comment_status":"closed","ping_status":"closed","template":"page-startsidan.php","meta":{"_acf_changed":false,"footnotes":""},"class_list":["post-7","page","type-page","status-publish","hentry"],"acf":[],"_links":{"self":[{"href":"https:\/\/utveckling.timecutcloud.com\/kinds\/wp-json\/wp\/v2\/pages\/7","targetHints":{"allow":["GET"]}}],"collection":[{"href":"https:\/\/utveckling.timecutcloud.com\/kinds\/wp-json\/wp\/v2\/pages"}],"about":[{"href":"https:\/\/utveckling.timecutcloud.com\/kinds\/wp-json\/wp\/v2\/types\/page"}],"author":[{"embeddable":true,"href":"https:\/\/utveckling.timecutcloud.com\/kinds\/wp-json\/wp\/v2\/users\/1"}],"replies":[{"embeddable":true,"href":"https:\/\/utveckling.timecutcloud.com\/kinds\/wp-json\/wp\/v2\/comments?post=7"}],"version-history":[{"count":114,"href":"https:\/\/utveckling.timecutcloud.com\/kinds\/wp-json\/wp\/v2\/pages\/7\/revisions"}],"predecessor-version":[{"id":1297,"href":"https:\/\/utveckling.timecutcloud.com\/kinds\/wp-json\/wp\/v2\/pages\/7\/revisions\/1297"}],"wp:attachment":[{"href":"https:\/\/utveckling.timecutcloud.com\/kinds\/wp-json\/wp\/v2\/media?parent=7"}],"curies":[{"name":"wp","href":"https:\/\/api.w.org\/{rel}","templated":true}]}}