{"id":711,"date":"2025-03-30T15:45:22","date_gmt":"2025-03-30T13:45:22","guid":{"rendered":"https:\/\/utveckling.timecutcloud.com\/kinds\/?page_id=711"},"modified":"2025-03-31T09:00:40","modified_gmt":"2025-03-31T07:00:40","slug":"planera-i-livet","status":"publish","type":"page","link":"https:\/\/utveckling.timecutcloud.com\/kinds\/planera-i-livet\/","title":{"rendered":"Planera i livet"},"content":{"rendered":"\n<div class=\"wp-block-columns wrapper-frontpage is-layout-flex wp-container-core-columns-is-layout-9d6595d7 wp-block-columns-is-layout-flex\">\n<div class=\"wp-block-column is-layout-flow wp-block-column-is-layout-flow\">\n<div class=\"wp-block-columns is-layout-flex wp-container-core-columns-is-layout-9d6595d7 wp-block-columns-is-layout-flex\">\n<div class=\"wp-block-column is-layout-flow wp-block-column-is-layout-flow\">\n<h2 class=\"wp-block-heading\">Livsarkivet<\/h2>\n\n\n\n<p>Det g\u00e5r inte att f\u00f6rutse reaktionen den dag man mister en n\u00e4ra anh\u00f6rig eller v\u00e4n. D\u00f6den f\u00f6r med sig k\u00e4nslor och fr\u00e5gor, om sorg, saknad och funderingar kring livets mening. En h\u00e4ndelse i livet som m\u00e5ste f\u00e5 tid och uppm\u00e4rksamhet.<\/p>\n\n\n\n<p><a href=\"https:\/\/utveckling.timecutcloud.com\/kinds\/planera-i-livet\/livsarkivet\/\" class=\"button\">L\u00e4s mer <span class=\"btn-arrow\"><\/span><\/a><\/p>\n<\/div>\n\n\n\n<div class=\"wp-block-column is-layout-flow wp-block-column-is-layout-flow\">\n<figure class=\"wp-block-image size-full\"><img loading=\"lazy\" decoding=\"async\" width=\"600\" height=\"300\" src=\"https:\/\/utveckling.timecutcloud.com\/kinds\/wp-content\/uploads\/2025\/03\/livsarkivet.jpg\" alt=\"\" class=\"wp-image-722\" srcset=\"https:\/\/utveckling.timecutcloud.com\/kinds\/wp-content\/uploads\/2025\/03\/livsarkivet.jpg 600w, https:\/\/utveckling.timecutcloud.com\/kinds\/wp-content\/uploads\/2025\/03\/livsarkivet-300x150.jpg 300w\" sizes=\"auto, (max-width: 600px) 100vw, 600px\" \/><\/figure>\n<\/div>\n<\/div>\n<\/div>\n<\/div>\n\n\n\n<div class=\"wp-block-columns wrapper-frontpage is-layout-flex wp-container-core-columns-is-layout-9d6595d7 wp-block-columns-is-layout-flex\">\n<div class=\"wp-block-column is-layout-flow wp-block-column-is-layout-flow\">\n<div class=\"wp-block-columns is-layout-flex wp-container-core-columns-is-layout-9d6595d7 wp-block-columns-is-layout-flex\">\n<div class=\"wp-block-column is-layout-flow wp-block-column-is-layout-flow\">\n<figure class=\"wp-block-image size-full\"><img loading=\"lazy\" decoding=\"async\" width=\"600\" height=\"300\" src=\"https:\/\/utveckling.timecutcloud.com\/kinds\/wp-content\/uploads\/2025\/03\/gravsten.jpg\" alt=\"\" class=\"wp-image-724\" srcset=\"https:\/\/utveckling.timecutcloud.com\/kinds\/wp-content\/uploads\/2025\/03\/gravsten.jpg 600w, https:\/\/utveckling.timecutcloud.com\/kinds\/wp-content\/uploads\/2025\/03\/gravsten-300x150.jpg 300w\" sizes=\"auto, (max-width: 600px) 100vw, 600px\" \/><\/figure>\n<\/div>\n\n\n\n<div class=\"wp-block-column is-layout-flow wp-block-column-is-layout-flow\">\n<h2 class=\"wp-block-heading\">Din egen gravsten?<\/h2>\n\n\n\n<p>Att fundera \u00f6ver sin egen gravsten \u00e4r ocks\u00e5 s\u00e5dant som man skjuter framf\u00f6r sig. Men g\u00f6r du det nu, slipper dina anh\u00f6riga sv\u00e4va i okunnighet om dina \u00f6nskem\u00e5l den dagen du inte l\u00e4ngre finns.<\/p>\n\n\n\n<p><a href=\"https:\/\/utveckling.timecutcloud.com\/kinds\/planera-i-livet\/din-egen-gravsten\/\" class=\"button\">L\u00e4s mer <span class=\"btn-arrow\"><\/span><\/a><\/p>\n<\/div>\n<\/div>\n<\/div>\n<\/div>\n\n\n\n<div class=\"wp-block-columns wrapper-frontpage is-layout-flex wp-container-core-columns-is-layout-9d6595d7 wp-block-columns-is-layout-flex\">\n<div class=\"wp-block-column is-layout-flow wp-block-column-is-layout-flow\">\n<div class=\"wp-block-columns is-layout-flex wp-container-core-columns-is-layout-9d6595d7 wp-block-columns-is-layout-flex\">\n<div class=\"wp-block-column is-layout-flow wp-block-column-is-layout-flow\">\n<h2 class=\"wp-block-heading\">En f\u00f6rs\u00e4kran om att pengar finns<\/h2>\n\n\n\n<p>Det finns flera alternativ att ordna s\u00e5 att det finns pengar till begravningen. Det vanligaste \u00e4r att pengar tas ur d\u00f6dsboet, d v s den avlidnes efterl\u00e4mnade tillg\u00e5ngar.&nbsp;<\/p>\n\n\n\n<p><a href=\"https:\/\/utveckling.timecutcloud.com\/kinds\/planera-i-livet\/en-forsakran-om-att-pengar-finns\/\" class=\"button\">L\u00e4s mer <span class=\"btn-arrow\"><\/span><\/a><\/p>\n<\/div>\n\n\n\n<div class=\"wp-block-column is-layout-flow wp-block-column-is-layout-flow\">\n<figure class=\"wp-block-image size-full\"><img loading=\"lazy\" decoding=\"async\" width=\"600\" height=\"300\" src=\"https:\/\/utveckling.timecutcloud.com\/kinds\/wp-content\/uploads\/2025\/03\/pengar.jpg\" alt=\"\" class=\"wp-image-725\" srcset=\"https:\/\/utveckling.timecutcloud.com\/kinds\/wp-content\/uploads\/2025\/03\/pengar.jpg 600w, https:\/\/utveckling.timecutcloud.com\/kinds\/wp-content\/uploads\/2025\/03\/pengar-300x150.jpg 300w\" sizes=\"auto, (max-width: 600px) 100vw, 600px\" \/><\/figure>\n<\/div>\n<\/div>\n<\/div>\n<\/div>\n\n\n\n<div class=\"wp-block-columns wrapper-frontpage is-layout-flex wp-container-core-columns-is-layout-9d6595d7 wp-block-columns-is-layout-flex\">\n<div class=\"wp-block-column is-layout-flow wp-block-column-is-layout-flow\">\n<div class=\"wp-block-columns is-layout-flex wp-container-core-columns-is-layout-9d6595d7 wp-block-columns-is-layout-flex\">\n<div class=\"wp-block-column is-layout-flow wp-block-column-is-layout-flow\">\n<figure class=\"wp-block-image size-full\"><img loading=\"lazy\" decoding=\"async\" width=\"600\" height=\"300\" src=\"https:\/\/utveckling.timecutcloud.com\/kinds\/wp-content\/uploads\/2025\/03\/framtidsfullmakt-3.jpg\" alt=\"\" class=\"wp-image-728\" srcset=\"https:\/\/utveckling.timecutcloud.com\/kinds\/wp-content\/uploads\/2025\/03\/framtidsfullmakt-3.jpg 600w, https:\/\/utveckling.timecutcloud.com\/kinds\/wp-content\/uploads\/2025\/03\/framtidsfullmakt-3-300x150.jpg 300w\" sizes=\"auto, (max-width: 600px) 100vw, 600px\" \/><\/figure>\n<\/div>\n\n\n\n<div class=\"wp-block-column is-layout-flow wp-block-column-is-layout-flow\">\n<h2 class=\"wp-block-heading\">Framtidsfullmakt<\/h2>\n\n\n\n<p>Framtidsfullmakt \u00e4r ett nytt alternativ till god man och f\u00f6rvaltare. Du kan sj\u00e4lv v\u00e4lja vem eller vilka som har r\u00e4tt att fatta beslut \u00e5t dig senare i livet, n\u00e4r du inte l\u00e4ngre sj\u00e4lv har m\u00f6jlighet till detta.&nbsp;<\/p>\n\n\n\n<p><a href=\"https:\/\/utveckling.timecutcloud.com\/kinds\/planera-i-livet\/framtidsfullmakt\/\" class=\"button\">L\u00e4s mer <span class=\"btn-arrow\"><\/span><\/a><\/p>\n<\/div>\n<\/div>\n<\/div>\n<\/div>\n","protected":false},"excerpt":{"rendered":"<p>Livsarkivet Det g\u00e5r inte att f\u00f6rutse reaktionen den dag man mister en n\u00e4ra anh\u00f6rig eller v\u00e4n. D\u00f6den f\u00f6r med sig k\u00e4nslor och fr\u00e5gor, om sorg, saknad och funderingar kring livets mening. En h\u00e4ndelse i livet som m\u00e5ste f\u00e5 tid och uppm\u00e4rksamhet. L\u00e4s mer Din egen gravsten? Att fundera \u00f6ver sin egen gravsten \u00e4r ocks\u00e5 s\u00e5dant [&hellip;]<\/p>\n","protected":false},"author":1,"featured_media":0,"parent":0,"menu_order":7,"comment_status":"closed","ping_status":"closed","template":"page-parent.php","meta":{"_acf_changed":false,"footnotes":""},"class_list":["post-711","page","type-page","status-publish","hentry"],"acf":[],"_links":{"self":[{"href":"https:\/\/utveckling.timecutcloud.com\/kinds\/wp-json\/wp\/v2\/pages\/711","targetHints":{"allow":["GET"]}}],"collection":[{"href":"https:\/\/utveckling.timecutcloud.com\/kinds\/wp-json\/wp\/v2\/pages"}],"about":[{"href":"https:\/\/utveckling.timecutcloud.com\/kinds\/wp-json\/wp\/v2\/types\/page"}],"author":[{"embeddable":true,"href":"https:\/\/utveckling.timecutcloud.com\/kinds\/wp-json\/wp\/v2\/users\/1"}],"replies":[{"embeddable":true,"href":"https:\/\/utveckling.timecutcloud.com\/kinds\/wp-json\/wp\/v2\/comments?post=711"}],"version-history":[{"count":6,"href":"https:\/\/utveckling.timecutcloud.com\/kinds\/wp-json\/wp\/v2\/pages\/711\/revisions"}],"predecessor-version":[{"id":729,"href":"https:\/\/utveckling.timecutcloud.com\/kinds\/wp-json\/wp\/v2\/pages\/711\/revisions\/729"}],"wp:attachment":[{"href":"https:\/\/utveckling.timecutcloud.com\/kinds\/wp-json\/wp\/v2\/media?parent=711"}],"curies":[{"name":"wp","href":"https:\/\/api.w.org\/{rel}","templated":true}]}}