{"id":771,"date":"2025-04-10T14:13:23","date_gmt":"2025-04-10T12:13:23","guid":{"rendered":"https:\/\/utveckling.timecutcloud.com\/kinds\/?page_id=771"},"modified":"2025-04-14T10:43:43","modified_gmt":"2025-04-14T08:43:43","slug":"juridik","status":"publish","type":"page","link":"https:\/\/utveckling.timecutcloud.com\/kinds\/juridik\/","title":{"rendered":"Juridik"},"content":{"rendered":"\n<div class=\"wp-block-columns wrapper-frontpage is-layout-flex wp-container-core-columns-is-layout-9d6595d7 wp-block-columns-is-layout-flex\">\n<div class=\"wp-block-column is-layout-flow wp-block-column-is-layout-flow\">\n<div class=\"wp-block-columns is-layout-flex wp-container-core-columns-is-layout-9d6595d7 wp-block-columns-is-layout-flex\">\n<div class=\"wp-block-column is-layout-flow wp-block-column-is-layout-flow\">\n<h2 class=\"wp-block-heading\">F\u00f6rs\u00e4kringar och familjejuridik<\/h2>\n\n\n\n<p>Bouppteckningar, arvskiften, samboavtal och f\u00f6rvaltningar av d\u00f6dsbon samt andra familjejuridiska fr\u00e5gor som exempelvis uppr\u00e4ttande av testamente, g\u00e5vobrev etc hj\u00e4lper Yvonne till med. Hon arbetar \u00e4ven med d\u00f6dsboets f\u00f6rs\u00e4kringar.&nbsp;<\/p>\n\n\n\n<p><a href=\"https:\/\/utveckling.timecutcloud.com\/kinds\/juridik\/familjejuridik\/\" class=\"button\">L\u00e4s mer <span class=\"btn-arrow\"><\/span><\/a><\/p>\n<\/div>\n\n\n\n<div class=\"wp-block-column is-layout-flow wp-block-column-is-layout-flow\">\n<figure class=\"wp-block-image size-full\"><img loading=\"lazy\" decoding=\"async\" width=\"600\" height=\"300\" src=\"https:\/\/utveckling.timecutcloud.com\/kinds\/wp-content\/uploads\/2025\/04\/familjejuridik.jpg\" alt=\"\" class=\"wp-image-775\" srcset=\"https:\/\/utveckling.timecutcloud.com\/kinds\/wp-content\/uploads\/2025\/04\/familjejuridik.jpg 600w, https:\/\/utveckling.timecutcloud.com\/kinds\/wp-content\/uploads\/2025\/04\/familjejuridik-300x150.jpg 300w\" sizes=\"auto, (max-width: 600px) 100vw, 600px\" \/><\/figure>\n<\/div>\n<\/div>\n<\/div>\n<\/div>\n\n\n\n<div class=\"wp-block-columns wrapper-frontpage is-layout-flex wp-container-core-columns-is-layout-9d6595d7 wp-block-columns-is-layout-flex\">\n<div class=\"wp-block-column is-layout-flow wp-block-column-is-layout-flow\">\n<div class=\"wp-block-columns is-layout-flex wp-container-core-columns-is-layout-9d6595d7 wp-block-columns-is-layout-flex\">\n<div class=\"wp-block-column is-layout-flow wp-block-column-is-layout-flow\">\n<figure class=\"wp-block-image size-full\"><img loading=\"lazy\" decoding=\"async\" width=\"600\" height=\"300\" src=\"https:\/\/utveckling.timecutcloud.com\/kinds\/wp-content\/uploads\/2025\/04\/bouppteckning.jpg\" alt=\"\" class=\"wp-image-777\" srcset=\"https:\/\/utveckling.timecutcloud.com\/kinds\/wp-content\/uploads\/2025\/04\/bouppteckning.jpg 600w, https:\/\/utveckling.timecutcloud.com\/kinds\/wp-content\/uploads\/2025\/04\/bouppteckning-300x150.jpg 300w\" sizes=\"auto, (max-width: 600px) 100vw, 600px\" \/><\/figure>\n<\/div>\n\n\n\n<div class=\"wp-block-column is-layout-flow wp-block-column-is-layout-flow\">\n<h2 class=\"wp-block-heading\">Bouppteckning<\/h2>\n\n\n\n<p>En bouppteckning \u00e4r en handling som registreras hos Skatteverket och som ska uppr\u00e4ttas inom 3 m\u00e5nader efter d\u00f6dsfallet. Den ska fastst\u00e4lla vem som \u00e4r d\u00f6dsbodel\u00e4gare, efterarvingar samt testamentstagare.<\/p>\n\n\n\n<p><a href=\"https:\/\/utveckling.timecutcloud.com\/kinds\/juridik\/bouppteckning\/\" class=\"button\">L\u00e4s mer <span class=\"btn-arrow\"><\/span><\/a><\/p>\n<\/div>\n<\/div>\n<\/div>\n<\/div>\n\n\n\n<div class=\"wp-block-columns wrapper-frontpage is-layout-flex wp-container-core-columns-is-layout-9d6595d7 wp-block-columns-is-layout-flex\">\n<div class=\"wp-block-column is-layout-flow wp-block-column-is-layout-flow\">\n<div class=\"wp-block-columns is-layout-flex wp-container-core-columns-is-layout-9d6595d7 wp-block-columns-is-layout-flex\">\n<div class=\"wp-block-column is-layout-flow wp-block-column-is-layout-flow\">\n<h2 class=\"wp-block-heading\">Samboavtal<\/h2>\n\n\n\n<p>Allt fler lever i sambof\u00f6rh\u00e5llanden men m\u00e5nga saknar kunskap om vad som g\u00e4ller rent juridiskt. Det \u00e4r stor skillnad mellan att vara gift och sambo och m\u00e5nga vet inte hur or\u00e4ttvist det kan bli och upplevas vid en separation.<\/p>\n\n\n\n<p><a href=\"https:\/\/utveckling.timecutcloud.com\/kinds\/juridik\/samboavtal\/\" class=\"button\">L\u00e4s mer <span class=\"btn-arrow\"><\/span><\/a><\/p>\n<\/div>\n\n\n\n<div class=\"wp-block-column is-layout-flow wp-block-column-is-layout-flow\">\n<figure class=\"wp-block-image size-full\"><img loading=\"lazy\" decoding=\"async\" width=\"600\" height=\"300\" src=\"https:\/\/utveckling.timecutcloud.com\/kinds\/wp-content\/uploads\/2025\/04\/samboavtal.jpg\" alt=\"\" class=\"wp-image-778\" srcset=\"https:\/\/utveckling.timecutcloud.com\/kinds\/wp-content\/uploads\/2025\/04\/samboavtal.jpg 600w, https:\/\/utveckling.timecutcloud.com\/kinds\/wp-content\/uploads\/2025\/04\/samboavtal-300x150.jpg 300w\" sizes=\"auto, (max-width: 600px) 100vw, 600px\" \/><\/figure>\n<\/div>\n<\/div>\n<\/div>\n<\/div>\n\n\n\n<div class=\"wp-block-columns wrapper-frontpage is-layout-flex wp-container-core-columns-is-layout-9d6595d7 wp-block-columns-is-layout-flex\">\n<div class=\"wp-block-column is-layout-flow wp-block-column-is-layout-flow\">\n<div class=\"wp-block-columns is-layout-flex wp-container-core-columns-is-layout-9d6595d7 wp-block-columns-is-layout-flex\">\n<div class=\"wp-block-column is-layout-flow wp-block-column-is-layout-flow\">\n<figure class=\"wp-block-image size-full\"><img loading=\"lazy\" decoding=\"async\" width=\"600\" height=\"300\" src=\"https:\/\/utveckling.timecutcloud.com\/kinds\/wp-content\/uploads\/2025\/04\/gavobrev.jpg\" alt=\"\" class=\"wp-image-781\" srcset=\"https:\/\/utveckling.timecutcloud.com\/kinds\/wp-content\/uploads\/2025\/04\/gavobrev.jpg 600w, https:\/\/utveckling.timecutcloud.com\/kinds\/wp-content\/uploads\/2025\/04\/gavobrev-300x150.jpg 300w\" sizes=\"auto, (max-width: 600px) 100vw, 600px\" \/><\/figure>\n<\/div>\n\n\n\n<div class=\"wp-block-column is-layout-flow wp-block-column-is-layout-flow\">\n<h2 class=\"wp-block-heading\">G\u00e5vobrev<\/h2>\n\n\n\n<p>Ett g\u00e5vobrev beh\u00f6ver du n\u00e4r du vill ge bort n\u00e5got v\u00e4rdefullt, exempelvis en fastighet eller en del d\u00e4rav, d\u00e5 g\u00e5vobrevet blir den handling som man s\u00f6ker lagfart p\u00e5, eller en st\u00f6rre summa pengar till ditt barnbarn.<\/p>\n\n\n\n<p><a href=\"https:\/\/utveckling.timecutcloud.com\/kinds\/juridik\/gavobrev\/\" class=\"button\">L\u00e4s mer <span class=\"btn-arrow\"><\/span><\/a><\/p>\n<\/div>\n<\/div>\n<\/div>\n<\/div>\n\n\n\n<div class=\"wp-block-columns wrapper-frontpage is-layout-flex wp-container-core-columns-is-layout-9d6595d7 wp-block-columns-is-layout-flex\">\n<div class=\"wp-block-column is-layout-flow wp-block-column-is-layout-flow\">\n<div class=\"wp-block-columns is-layout-flex wp-container-core-columns-is-layout-9d6595d7 wp-block-columns-is-layout-flex\">\n<div class=\"wp-block-column is-layout-flow wp-block-column-is-layout-flow\">\n<h2 class=\"wp-block-heading\">F\u00f6rvaltning<\/h2>\n\n\n\n<p>N\u00e4r en m\u00e4nniska d\u00f6r uppst\u00e5r m\u00e5nga praktiska saker att ta itu med. F\u00f6rst och fr\u00e4mst skall n\u00e5gon eller n\u00e5gra f\u00f6rvalta boet, dvs ta hand om post, betala r\u00e4kningar, s\u00e4ga upp abonnemang mm.<\/p>\n\n\n\n<p><a href=\"https:\/\/utveckling.timecutcloud.com\/kinds\/juridik\/forvaltning\/\" class=\"button\">L\u00e4s mer <span class=\"btn-arrow\"><\/span><\/a><\/p>\n<\/div>\n\n\n\n<div class=\"wp-block-column is-layout-flow wp-block-column-is-layout-flow\">\n<figure class=\"wp-block-image size-full\"><img loading=\"lazy\" decoding=\"async\" width=\"600\" height=\"300\" src=\"https:\/\/utveckling.timecutcloud.com\/kinds\/wp-content\/uploads\/2025\/04\/forvaltning.jpg\" alt=\"\" class=\"wp-image-779\" srcset=\"https:\/\/utveckling.timecutcloud.com\/kinds\/wp-content\/uploads\/2025\/04\/forvaltning.jpg 600w, https:\/\/utveckling.timecutcloud.com\/kinds\/wp-content\/uploads\/2025\/04\/forvaltning-300x150.jpg 300w\" sizes=\"auto, (max-width: 600px) 100vw, 600px\" \/><\/figure>\n<\/div>\n<\/div>\n<\/div>\n<\/div>\n\n\n\n<div class=\"wp-block-columns wrapper-frontpage is-layout-flex wp-container-core-columns-is-layout-9d6595d7 wp-block-columns-is-layout-flex\">\n<div class=\"wp-block-column is-layout-flow wp-block-column-is-layout-flow\">\n<div class=\"wp-block-columns is-layout-flex wp-container-core-columns-is-layout-9d6595d7 wp-block-columns-is-layout-flex\">\n<div class=\"wp-block-column is-layout-flow wp-block-column-is-layout-flow\">\n<figure class=\"wp-block-image size-full\"><img loading=\"lazy\" decoding=\"async\" width=\"600\" height=\"300\" src=\"https:\/\/utveckling.timecutcloud.com\/kinds\/wp-content\/uploads\/2025\/04\/testamente.jpg\" alt=\"\" class=\"wp-image-780\" srcset=\"https:\/\/utveckling.timecutcloud.com\/kinds\/wp-content\/uploads\/2025\/04\/testamente.jpg 600w, https:\/\/utveckling.timecutcloud.com\/kinds\/wp-content\/uploads\/2025\/04\/testamente-300x150.jpg 300w\" sizes=\"auto, (max-width: 600px) 100vw, 600px\" \/><\/figure>\n<\/div>\n\n\n\n<div class=\"wp-block-column is-layout-flow wp-block-column-is-layout-flow\">\n<h2 class=\"wp-block-heading\">Testamente<\/h2>\n\n\n\n<p>Genom att skriva ett testamente underl\u00e4ttar du f\u00f6r dina anh\u00f6riga och undviker \u00f6verraskningar och oklarheter i framtiden. Med ett testamente kan du se till att de du vill ska \u00e4rva dig ocks\u00e5 g\u00f6r det.<\/p>\n\n\n\n<p><a href=\"https:\/\/utveckling.timecutcloud.com\/kinds\/juridik\/testamente\/\" class=\"button\">L\u00e4s mer <span class=\"btn-arrow\"><\/span><\/a><\/p>\n<\/div>\n<\/div>\n<\/div>\n<\/div>\n\n\n\n<div class=\"wp-block-columns wrapper-frontpage is-layout-flex wp-container-core-columns-is-layout-9d6595d7 wp-block-columns-is-layout-flex\">\n<div class=\"wp-block-column is-layout-flow wp-block-column-is-layout-flow\">\n<div class=\"wp-block-columns is-layout-flex wp-container-core-columns-is-layout-9d6595d7 wp-block-columns-is-layout-flex\">\n<div class=\"wp-block-column is-layout-flow wp-block-column-is-layout-flow\">\n<h2 class=\"wp-block-heading\">Arvskiften &amp; Bodelning<\/h2>\n\n\n\n<p>N\u00e4r bouppteckningen \u00e4r inregistrerad och d\u00f6dsbof\u00f6rvaltningen \u00e4r klar ska boets tillg\u00e5ngar f\u00f6rdelas mellan arvingarna. Detta sker genom ett sk arvskifte.<\/p>\n\n\n\n<p><a href=\"https:\/\/utveckling.timecutcloud.com\/kinds\/juridik\/arvskiften-bodelning\/\" class=\"button\">L\u00e4s mer <span class=\"btn-arrow\"><\/span><\/a><\/p>\n<\/div>\n\n\n\n<div class=\"wp-block-column is-layout-flow wp-block-column-is-layout-flow\">\n<figure class=\"wp-block-image size-full\"><img loading=\"lazy\" decoding=\"async\" width=\"600\" height=\"300\" src=\"https:\/\/utveckling.timecutcloud.com\/kinds\/wp-content\/uploads\/2025\/04\/arvskifte-bodelning.jpg\" alt=\"\" class=\"wp-image-782\" srcset=\"https:\/\/utveckling.timecutcloud.com\/kinds\/wp-content\/uploads\/2025\/04\/arvskifte-bodelning.jpg 600w, https:\/\/utveckling.timecutcloud.com\/kinds\/wp-content\/uploads\/2025\/04\/arvskifte-bodelning-300x150.jpg 300w\" sizes=\"auto, (max-width: 600px) 100vw, 600px\" \/><\/figure>\n<\/div>\n<\/div>\n<\/div>\n<\/div>\n\n\n\n<div class=\"wp-block-columns wrapper-frontpage is-layout-flex wp-container-core-columns-is-layout-9d6595d7 wp-block-columns-is-layout-flex\">\n<div class=\"wp-block-column is-layout-flow wp-block-column-is-layout-flow\">\n<div class=\"wp-block-columns is-layout-flex wp-container-core-columns-is-layout-9d6595d7 wp-block-columns-is-layout-flex\">\n<div class=\"wp-block-column is-layout-flow wp-block-column-is-layout-flow\">\n<figure class=\"wp-block-image size-full\"><img loading=\"lazy\" decoding=\"async\" width=\"600\" height=\"300\" src=\"https:\/\/utveckling.timecutcloud.com\/kinds\/wp-content\/uploads\/2025\/04\/forsakringar.jpg\" alt=\"\" class=\"wp-image-783\" srcset=\"https:\/\/utveckling.timecutcloud.com\/kinds\/wp-content\/uploads\/2025\/04\/forsakringar.jpg 600w, https:\/\/utveckling.timecutcloud.com\/kinds\/wp-content\/uploads\/2025\/04\/forsakringar-300x150.jpg 300w\" sizes=\"auto, (max-width: 600px) 100vw, 600px\" \/><\/figure>\n<\/div>\n\n\n\n<div class=\"wp-block-column is-layout-flow wp-block-column-is-layout-flow\">\n<h2 class=\"wp-block-heading\">Inventera f\u00f6rs\u00e4kringar<\/h2>\n\n\n\n<p>M\u00e5nga har knappt koll p\u00e5 sina egna f\u00f6rs\u00e4kringar och \u00e4nnu mindre en n\u00e4ra anh\u00f6rig. I vissa fall finns det f\u00f6rs\u00e4kringar som t\u00e4cker hela begravningskostnaden.<\/p>\n\n\n\n<p><a href=\"https:\/\/utveckling.timecutcloud.com\/kinds\/juridik\/inventera-forsakringar\/\" class=\"button\">L\u00e4s mer <span class=\"btn-arrow\"><\/span><\/a><\/p>\n<\/div>\n<\/div>\n<\/div>\n<\/div>\n\n\n\n<div class=\"wp-block-columns wrapper-frontpage is-layout-flex wp-container-core-columns-is-layout-9d6595d7 wp-block-columns-is-layout-flex\">\n<div class=\"wp-block-column is-layout-flow wp-block-column-is-layout-flow\">\n<div class=\"wp-block-columns is-layout-flex wp-container-core-columns-is-layout-9d6595d7 wp-block-columns-is-layout-flex\">\n<div class=\"wp-block-column is-layout-flow wp-block-column-is-layout-flow\">\n<h2 class=\"wp-block-heading\">Juridik online<\/h2>\n\n\n\n<p>Du kan g\u00f6ra m\u00e5nga familjejuridiska dokument sj\u00e4lv via v\u00e5r samarbetspartner Lexly. Du kan arbeta med dina dokument n\u00e4r du vill och du har tillg\u00e5ng till deras kundtj\u00e4nst ocks\u00e5 kv\u00e4llstid om du har fr\u00e5gor.<\/p>\n\n\n\n<p><a href=\"https:\/\/utveckling.timecutcloud.com\/kinds\/juridik\/juridik-online\/\" class=\"button\">L\u00e4s mer <span class=\"btn-arrow\"><\/span><\/a><\/p>\n<\/div>\n\n\n\n<div class=\"wp-block-column is-layout-flow wp-block-column-is-layout-flow\">\n<figure class=\"wp-block-image size-full\"><img loading=\"lazy\" decoding=\"async\" width=\"600\" height=\"300\" src=\"https:\/\/utveckling.timecutcloud.com\/kinds\/wp-content\/uploads\/2025\/04\/juridik-online.jpg\" alt=\"\" class=\"wp-image-784\" srcset=\"https:\/\/utveckling.timecutcloud.com\/kinds\/wp-content\/uploads\/2025\/04\/juridik-online.jpg 600w, https:\/\/utveckling.timecutcloud.com\/kinds\/wp-content\/uploads\/2025\/04\/juridik-online-300x150.jpg 300w\" sizes=\"auto, (max-width: 600px) 100vw, 600px\" \/><\/figure>\n<\/div>\n<\/div>\n<\/div>\n<\/div>\n","protected":false},"excerpt":{"rendered":"<p>F\u00f6rs\u00e4kringar och familjejuridik Bouppteckningar, arvskiften, samboavtal och f\u00f6rvaltningar av d\u00f6dsbon samt andra familjejuridiska fr\u00e5gor som exempelvis uppr\u00e4ttande av testamente, g\u00e5vobrev etc hj\u00e4lper Yvonne till med. Hon arbetar \u00e4ven med d\u00f6dsboets f\u00f6rs\u00e4kringar.&nbsp; L\u00e4s mer Bouppteckning En bouppteckning \u00e4r en handling som registreras hos Skatteverket och som ska uppr\u00e4ttas inom 3 m\u00e5nader efter d\u00f6dsfallet. Den ska fastst\u00e4lla [&hellip;]<\/p>\n","protected":false},"author":1,"featured_media":0,"parent":0,"menu_order":6,"comment_status":"closed","ping_status":"closed","template":"page-parent.php","meta":{"_acf_changed":false,"footnotes":""},"class_list":["post-771","page","type-page","status-publish","hentry"],"acf":[],"_links":{"self":[{"href":"https:\/\/utveckling.timecutcloud.com\/kinds\/wp-json\/wp\/v2\/pages\/771","targetHints":{"allow":["GET"]}}],"collection":[{"href":"https:\/\/utveckling.timecutcloud.com\/kinds\/wp-json\/wp\/v2\/pages"}],"about":[{"href":"https:\/\/utveckling.timecutcloud.com\/kinds\/wp-json\/wp\/v2\/types\/page"}],"author":[{"embeddable":true,"href":"https:\/\/utveckling.timecutcloud.com\/kinds\/wp-json\/wp\/v2\/users\/1"}],"replies":[{"embeddable":true,"href":"https:\/\/utveckling.timecutcloud.com\/kinds\/wp-json\/wp\/v2\/comments?post=771"}],"version-history":[{"count":5,"href":"https:\/\/utveckling.timecutcloud.com\/kinds\/wp-json\/wp\/v2\/pages\/771\/revisions"}],"predecessor-version":[{"id":808,"href":"https:\/\/utveckling.timecutcloud.com\/kinds\/wp-json\/wp\/v2\/pages\/771\/revisions\/808"}],"wp:attachment":[{"href":"https:\/\/utveckling.timecutcloud.com\/kinds\/wp-json\/wp\/v2\/media?parent=771"}],"curies":[{"name":"wp","href":"https:\/\/api.w.org\/{rel}","templated":true}]}}