{"id":792,"date":"2025-04-11T10:43:19","date_gmt":"2025-04-11T08:43:19","guid":{"rendered":"https:\/\/utveckling.timecutcloud.com\/kinds\/?page_id=792"},"modified":"2025-04-11T10:52:46","modified_gmt":"2025-04-11T08:52:46","slug":"begravningsgast","status":"publish","type":"page","link":"https:\/\/utveckling.timecutcloud.com\/kinds\/begravningsgast\/","title":{"rendered":"Begravningsg\u00e4st"},"content":{"rendered":"\n<div class=\"wp-block-columns wrapper-frontpage is-layout-flex wp-container-core-columns-is-layout-9d6595d7 wp-block-columns-is-layout-flex\">\n<div class=\"wp-block-column is-layout-flow wp-block-column-is-layout-flow\">\n<div class=\"wp-block-columns is-layout-flex wp-container-core-columns-is-layout-9d6595d7 wp-block-columns-is-layout-flex\">\n<div class=\"wp-block-column is-layout-flow wp-block-column-is-layout-flow\">\n<h2 class=\"wp-block-heading\">Att dela sorgen<\/h2>\n\n\n\n<p>N\u00e4ra anh\u00f6riga och n\u00e4ra v\u00e4nner h\u00f6r till de sj\u00e4lvskrivna deltagarna p\u00e5 en begravning. Men \u00e4ven om du inte h\u00f6r till den avlidnes allra n\u00e4rmaste \u00e4r det viktigt att du inser att ocks\u00e5 du har r\u00e4tt att delta i sorgen.\u00a0<\/p>\n\n\n\n<p><a href=\"https:\/\/utveckling.timecutcloud.com\/kinds\/begravningsgast\/att-dela-sorgen\/\" class=\"button\">L\u00e4s mer <span class=\"btn-arrow\"><\/span><\/a><\/p>\n<\/div>\n\n\n\n<div class=\"wp-block-column is-layout-flow wp-block-column-is-layout-flow\">\n<figure class=\"wp-block-image size-full\"><img loading=\"lazy\" decoding=\"async\" width=\"600\" height=\"300\" src=\"https:\/\/utveckling.timecutcloud.com\/kinds\/wp-content\/uploads\/2025\/04\/att-dela-sorgen.jpg\" alt=\"\" class=\"wp-image-793\" srcset=\"https:\/\/utveckling.timecutcloud.com\/kinds\/wp-content\/uploads\/2025\/04\/att-dela-sorgen.jpg 600w, https:\/\/utveckling.timecutcloud.com\/kinds\/wp-content\/uploads\/2025\/04\/att-dela-sorgen-300x150.jpg 300w\" sizes=\"auto, (max-width: 600px) 100vw, 600px\" \/><\/figure>\n<\/div>\n<\/div>\n<\/div>\n<\/div>\n\n\n\n<div class=\"wp-block-columns wrapper-frontpage is-layout-flex wp-container-core-columns-is-layout-9d6595d7 wp-block-columns-is-layout-flex\">\n<div class=\"wp-block-column is-layout-flow wp-block-column-is-layout-flow\">\n<div class=\"wp-block-columns is-layout-flex wp-container-core-columns-is-layout-9d6595d7 wp-block-columns-is-layout-flex\">\n<div class=\"wp-block-column is-layout-flow wp-block-column-is-layout-flow\">\n<figure class=\"wp-block-image size-full\"><img loading=\"lazy\" decoding=\"async\" width=\"600\" height=\"300\" src=\"https:\/\/utveckling.timecutcloud.com\/kinds\/wp-content\/uploads\/2025\/04\/att-tanka-pa.jpg\" alt=\"\" class=\"wp-image-794\" srcset=\"https:\/\/utveckling.timecutcloud.com\/kinds\/wp-content\/uploads\/2025\/04\/att-tanka-pa.jpg 600w, https:\/\/utveckling.timecutcloud.com\/kinds\/wp-content\/uploads\/2025\/04\/att-tanka-pa-300x150.jpg 300w\" sizes=\"auto, (max-width: 600px) 100vw, 600px\" \/><\/figure>\n<\/div>\n\n\n\n<div class=\"wp-block-column is-layout-flow wp-block-column-is-layout-flow\">\n<h2 class=\"wp-block-heading\">Att t\u00e4nka p\u00e5<\/h2>\n\n\n\n<p>Viktigast av allt \u00e4r att vara n\u00e4rvarande och till st\u00f6d f\u00f6r den avlidnes anh\u00f6riga. De formella detaljerna \u00e4r mindre viktiga, men det kan vara bra att k\u00e4nna till de vanligaste formaliteterna inf\u00f6r begravningen.<\/p>\n\n\n\n<p><a href=\"https:\/\/utveckling.timecutcloud.com\/kinds\/begravningsgast\/att-tanka-pa\/\" class=\"button\">L\u00e4s mer <span class=\"btn-arrow\"><\/span><\/a><\/p>\n<\/div>\n<\/div>\n<\/div>\n<\/div>\n\n\n\n<div class=\"wp-block-columns wrapper-frontpage is-layout-flex wp-container-core-columns-is-layout-9d6595d7 wp-block-columns-is-layout-flex\">\n<div class=\"wp-block-column is-layout-flow wp-block-column-is-layout-flow\">\n<div class=\"wp-block-columns is-layout-flex wp-container-core-columns-is-layout-9d6595d7 wp-block-columns-is-layout-flex\">\n<div class=\"wp-block-column is-layout-flow wp-block-column-is-layout-flow\">\n<h2 class=\"wp-block-heading\">Blommor<\/h2>\n\n\n\n<p>Buketter och kransar till begravningen best\u00e4ller du genom oss p\u00e5 Kinds Begravningsbyr\u00e5 eller hos din blomsterhandlare, n\u00e5gra dagar f\u00f6re begravningen beroende p\u00e5 ditt val av arrangemang.\u00a0<\/p>\n\n\n\n<p><a href=\"https:\/\/utveckling.timecutcloud.com\/kinds\/begravningsgast\/blommor\/\" class=\"button\">L\u00e4s mer <span class=\"btn-arrow\"><\/span><\/a><\/p>\n<\/div>\n\n\n\n<div class=\"wp-block-column is-layout-flow wp-block-column-is-layout-flow\">\n<figure class=\"wp-block-image size-full\"><img loading=\"lazy\" decoding=\"async\" width=\"600\" height=\"300\" src=\"https:\/\/utveckling.timecutcloud.com\/kinds\/wp-content\/uploads\/2025\/04\/blommor-1.jpg\" alt=\"\" class=\"wp-image-795\" srcset=\"https:\/\/utveckling.timecutcloud.com\/kinds\/wp-content\/uploads\/2025\/04\/blommor-1.jpg 600w, https:\/\/utveckling.timecutcloud.com\/kinds\/wp-content\/uploads\/2025\/04\/blommor-1-300x150.jpg 300w\" sizes=\"auto, (max-width: 600px) 100vw, 600px\" \/><\/figure>\n<\/div>\n<\/div>\n<\/div>\n<\/div>\n\n\n\n<div class=\"wp-block-columns wrapper-frontpage is-layout-flex wp-container-core-columns-is-layout-9d6595d7 wp-block-columns-is-layout-flex\">\n<div class=\"wp-block-column is-layout-flow wp-block-column-is-layout-flow\">\n<div class=\"wp-block-columns is-layout-flex wp-container-core-columns-is-layout-9d6595d7 wp-block-columns-is-layout-flex\">\n<div class=\"wp-block-column is-layout-flow wp-block-column-is-layout-flow\">\n<figure class=\"wp-block-image size-full\"><img loading=\"lazy\" decoding=\"async\" width=\"600\" height=\"300\" src=\"https:\/\/utveckling.timecutcloud.com\/kinds\/wp-content\/uploads\/2025\/04\/minnesgavor.jpg\" alt=\"\" class=\"wp-image-796\" srcset=\"https:\/\/utveckling.timecutcloud.com\/kinds\/wp-content\/uploads\/2025\/04\/minnesgavor.jpg 600w, https:\/\/utveckling.timecutcloud.com\/kinds\/wp-content\/uploads\/2025\/04\/minnesgavor-300x150.jpg 300w\" sizes=\"auto, (max-width: 600px) 100vw, 600px\" \/><\/figure>\n<\/div>\n\n\n\n<div class=\"wp-block-column is-layout-flow wp-block-column-is-layout-flow\">\n<h2 class=\"wp-block-heading\">Minnesg\u00e5vor<\/h2>\n\n\n\n<p>Att l\u00e4mna en g\u00e5va till en fond \u00e4r ett v\u00e4rdigt och uppskattat s\u00e4tt att hedra minnet av en avliden person. Det finns olika m\u00f6jligheter att ge en utvald minnesg\u00e5va.<\/p>\n\n\n\n<p><a href=\"https:\/\/utveckling.timecutcloud.com\/kinds\/begravningsgast\/minnesgavor\/\" class=\"button\">L\u00e4s mer <span class=\"btn-arrow\"><\/span><\/a><\/p>\n<\/div>\n<\/div>\n<\/div>\n<\/div>\n\n\n\n<div class=\"wp-block-columns wrapper-frontpage is-layout-flex wp-container-core-columns-is-layout-9d6595d7 wp-block-columns-is-layout-flex\">\n<div class=\"wp-block-column is-layout-flow wp-block-column-is-layout-flow\">\n<div class=\"wp-block-columns is-layout-flex wp-container-core-columns-is-layout-9d6595d7 wp-block-columns-is-layout-flex\">\n<div class=\"wp-block-column is-layout-flow wp-block-column-is-layout-flow\">\n<h2 class=\"wp-block-heading\">D\u00f6dsannonser<\/h2>\n\n\n\n<p>En d\u00f6dsannons \u00e4r en notis som publiceras i en tidning eller p\u00e5 en webbplats f\u00f6r att informera allm\u00e4nheten om en persons d\u00f6d och ge information om tid och plats f\u00f6r begravning eller bjuda in till en minnesstund.<\/p>\n\n\n\n<p><a href=\"https:\/\/utveckling.timecutcloud.com\/kinds\/begravningsgast\/dodsannonser\/\" class=\"button\">L\u00e4s mer <span class=\"btn-arrow\"><\/span><\/a><\/p>\n<\/div>\n\n\n\n<div class=\"wp-block-column is-layout-flow wp-block-column-is-layout-flow\">\n<figure class=\"wp-block-image size-full\"><img loading=\"lazy\" decoding=\"async\" width=\"600\" height=\"300\" src=\"https:\/\/utveckling.timecutcloud.com\/kinds\/wp-content\/uploads\/2025\/04\/dodsannonser-1.jpg\" alt=\"\" class=\"wp-image-797\" srcset=\"https:\/\/utveckling.timecutcloud.com\/kinds\/wp-content\/uploads\/2025\/04\/dodsannonser-1.jpg 600w, https:\/\/utveckling.timecutcloud.com\/kinds\/wp-content\/uploads\/2025\/04\/dodsannonser-1-300x150.jpg 300w\" sizes=\"auto, (max-width: 600px) 100vw, 600px\" \/><\/figure>\n<\/div>\n<\/div>\n<\/div>\n<\/div>\n\n\n\n<div class=\"wp-block-columns wrapper-frontpage is-layout-flex wp-container-core-columns-is-layout-9d6595d7 wp-block-columns-is-layout-flex\">\n<div class=\"wp-block-column is-layout-flow wp-block-column-is-layout-flow\">\n<div class=\"wp-block-columns is-layout-flex wp-container-core-columns-is-layout-9d6595d7 wp-block-columns-is-layout-flex\">\n<div class=\"wp-block-column is-layout-flow wp-block-column-is-layout-flow\">\n<figure class=\"wp-block-image size-full\"><img loading=\"lazy\" decoding=\"async\" width=\"600\" height=\"300\" src=\"https:\/\/utveckling.timecutcloud.com\/kinds\/wp-content\/uploads\/2025\/04\/magasinet-memento.jpg\" alt=\"\" class=\"wp-image-798\" srcset=\"https:\/\/utveckling.timecutcloud.com\/kinds\/wp-content\/uploads\/2025\/04\/magasinet-memento.jpg 600w, https:\/\/utveckling.timecutcloud.com\/kinds\/wp-content\/uploads\/2025\/04\/magasinet-memento-300x150.jpg 300w\" sizes=\"auto, (max-width: 600px) 100vw, 600px\" \/><\/figure>\n<\/div>\n\n\n\n<div class=\"wp-block-column is-layout-flow wp-block-column-is-layout-flow\">\n<h2 class=\"wp-block-heading\">Magasinet Memento<\/h2>\n\n\n\n<p>Tidningen Memento \u00e4r Sveriges enda tidning fr\u00e5n begravningsbranschen. Tidningen tar upp \u00e4mnen som till exempel det m\u00e5ngkulturella samh\u00e4llet, r\u00e4tten till v\u00e5r egen d\u00f6d, etik, juridik, nyheter, bokrecensioner och annat aktuellt.<\/p>\n\n\n\n<p><a href=\"https:\/\/utveckling.timecutcloud.com\/kinds\/begravningsgast\/magasinet-memento\/\" class=\"button\">L\u00e4s mer <span class=\"btn-arrow\"><\/span><\/a><\/p>\n<\/div>\n<\/div>\n<\/div>\n<\/div>\n","protected":false},"excerpt":{"rendered":"<p>Att dela sorgen N\u00e4ra anh\u00f6riga och n\u00e4ra v\u00e4nner h\u00f6r till de sj\u00e4lvskrivna deltagarna p\u00e5 en begravning. Men \u00e4ven om du inte h\u00f6r till den avlidnes allra n\u00e4rmaste \u00e4r det viktigt att du inser att ocks\u00e5 du har r\u00e4tt att delta i sorgen.\u00a0 L\u00e4s mer Att t\u00e4nka p\u00e5 Viktigast av allt \u00e4r att vara n\u00e4rvarande och [&hellip;]<\/p>\n","protected":false},"author":1,"featured_media":0,"parent":0,"menu_order":5,"comment_status":"closed","ping_status":"closed","template":"page-parent.php","meta":{"_acf_changed":false,"footnotes":""},"class_list":["post-792","page","type-page","status-publish","hentry"],"acf":[],"_links":{"self":[{"href":"https:\/\/utveckling.timecutcloud.com\/kinds\/wp-json\/wp\/v2\/pages\/792","targetHints":{"allow":["GET"]}}],"collection":[{"href":"https:\/\/utveckling.timecutcloud.com\/kinds\/wp-json\/wp\/v2\/pages"}],"about":[{"href":"https:\/\/utveckling.timecutcloud.com\/kinds\/wp-json\/wp\/v2\/types\/page"}],"author":[{"embeddable":true,"href":"https:\/\/utveckling.timecutcloud.com\/kinds\/wp-json\/wp\/v2\/users\/1"}],"replies":[{"embeddable":true,"href":"https:\/\/utveckling.timecutcloud.com\/kinds\/wp-json\/wp\/v2\/comments?post=792"}],"version-history":[{"count":4,"href":"https:\/\/utveckling.timecutcloud.com\/kinds\/wp-json\/wp\/v2\/pages\/792\/revisions"}],"predecessor-version":[{"id":806,"href":"https:\/\/utveckling.timecutcloud.com\/kinds\/wp-json\/wp\/v2\/pages\/792\/revisions\/806"}],"wp:attachment":[{"href":"https:\/\/utveckling.timecutcloud.com\/kinds\/wp-json\/wp\/v2\/media?parent=792"}],"curies":[{"name":"wp","href":"https:\/\/api.w.org\/{rel}","templated":true}]}}