{"id":228,"date":"2025-08-07T10:22:10","date_gmt":"2025-08-07T08:22:10","guid":{"rendered":"https:\/\/utveckling.timecutcloud.com\/lenbergs\/?page_id=228"},"modified":"2025-09-16T09:34:16","modified_gmt":"2025-09-16T07:34:16","slug":"lenbergs","status":"publish","type":"page","link":"https:\/\/utveckling.timecutcloud.com\/lenbergs\/","title":{"rendered":"Startsidan"},"content":{"rendered":"\n<p><iframe data-reactroot=\"\" height=\"40\" src=\"https:\/\/widget.reco.se\/v2\/widget\/4038407?mode=HORIZONTAL_MINI&amp;inverted=false&amp;border=true\" style=\"width:100%;border:0;display:block;overflow:hidden;\" title=\"Lenbergs Begravning &amp; Familjejuridik Bor\u00e5s - Omd\u00f6men p\u00e5 Reco\"><\/iframe><\/p>\n\n<div id=\"reco--badge-2024\"><script src=https:\/\/widget.reco.se\/badge\/2024\/4038407.js><\/script><\/div>\n\n<div id=\"reco--badge-yearsInRowBadge\">&nbsp;<\/div>\n<script src=https:\/\/widget.reco.se\/yearsInRowBadge\/4038407.js><\/script>\n<style type=\"text\/css\">#block-blockrico{width: 100%; margin-bottom: 10px;}\n#block-blockrico .content{width: 100%;}\n@media all and (max-width: 800px){\n  div#block-blockrico{\n    width: calc(100% - 30px); \n    margin-left: 15px;\n    margin-right: 15px;\n  }\n}\n#block-blockrico p{position:relative;}\n#reco--badge-yearsInRowBadge{position:absolute;top:-32px;right:190px;}\n#reco--badge-2024 img{max-width:70%;}\n#reco--badge-yearsInRowBadge img{max-width:70%;}\n#reco--badge-2024{position:absolute;top:-32px;right:90px;}\n@media all and (max-width: 392px){\n  #block-blockrico {right:16px;}\n#reco--badge-2024 {display:none;}\n#reco--badge-yearsInRowBadge{display:none;}\n}\n@media all and (min-width: 393px) and (max-width: 499px){\n  #block-blockrico{display:none;}\n#reco--badge-2024 {display:none;}\n#reco--badge-yearsInRowBadge{display:none;}\n}\n@media all and (min-width: 500px) and (max-width: 800px){\n  #block-blockrico {position:absolute;top:-7.5px;right:110px;}\n}\n#block-blockrico .field__item:first-child{position:relative;width: 100%;}\n<\/style>\n","protected":false},"excerpt":{"rendered":"<p>&nbsp;<\/p>\n","protected":false},"author":1,"featured_media":0,"parent":0,"menu_order":0,"comment_status":"closed","ping_status":"closed","template":"page-startsidan.php","meta":{"_acf_changed":false,"ub_ctt_via":"","footnotes":""},"class_list":["post-228","page","type-page","status-publish","hentry"],"featured_image_src":null,"acf":[],"_links":{"self":[{"href":"https:\/\/utveckling.timecutcloud.com\/lenbergs\/wp-json\/wp\/v2\/pages\/228","targetHints":{"allow":["GET"]}}],"collection":[{"href":"https:\/\/utveckling.timecutcloud.com\/lenbergs\/wp-json\/wp\/v2\/pages"}],"about":[{"href":"https:\/\/utveckling.timecutcloud.com\/lenbergs\/wp-json\/wp\/v2\/types\/page"}],"author":[{"embeddable":true,"href":"https:\/\/utveckling.timecutcloud.com\/lenbergs\/wp-json\/wp\/v2\/users\/1"}],"replies":[{"embeddable":true,"href":"https:\/\/utveckling.timecutcloud.com\/lenbergs\/wp-json\/wp\/v2\/comments?post=228"}],"version-history":[{"count":22,"href":"https:\/\/utveckling.timecutcloud.com\/lenbergs\/wp-json\/wp\/v2\/pages\/228\/revisions"}],"predecessor-version":[{"id":696,"href":"https:\/\/utveckling.timecutcloud.com\/lenbergs\/wp-json\/wp\/v2\/pages\/228\/revisions\/696"}],"wp:attachment":[{"href":"https:\/\/utveckling.timecutcloud.com\/lenbergs\/wp-json\/wp\/v2\/media?parent=228"}],"curies":[{"name":"wp","href":"https:\/\/api.w.org\/{rel}","templated":true}]}}